{"id":12928,"date":"2017-10-18T12:47:35","date_gmt":"2017-10-18T12:47:35","guid":{"rendered":"http:\/\/norebro.colabr.io\/demo8\/?page_id=12928"},"modified":"2019-04-19T14:56:33","modified_gmt":"2019-04-19T14:56:33","slug":"hakkimizda","status":"publish","type":"page","link":"https:\/\/ajansso.com\/tr\/hakkimizda\/","title":{"rendered":"Hakk\u0131m\u0131zda"},"content":{"rendered":"<div class=\"wpb-content-wrapper\">[vc_row full_width=&#8221;stretch_row_content_no_spaces&#8221; full_height=&#8221;yes&#8221;][vc_column width=&#8221;1\/2&#8243;][vc_single_image image=&#8221;13112&#8243; img_size=&#8221;full&#8221; css=&#8221;.vc_custom_1555685739000{margin-right: 30px !important;margin-left: 30px !important;}&#8221;][\/vc_column][vc_column width=&#8221;1\/2&#8243;][vc_row_inner][vc_column_inner width=&#8221;2\/3&#8243;][vc_empty_space height=&#8221;90px&#8221; el_class=&#8221;norebro-phone-space&#8221;]<div class=\"norebro-dynamic-text-sc\" \n\tdata-dynamic-text=\"true\"\n\tdata-dynamic-text-options='{\"strings\":[\"Kreatif Dokunu\\u015flar\",\"Dijital \\u00c7\\u00f6z\\u00fcmler\",\"AJANSSO!\"],\"typeSpeed\":70,\"backDelay\":2500,\"backSpeed\":25,\"loop\":true}'\n\tid=\"norebro-custom-69ed68d118eff\"\n\t data-aos=\"fade-left\"\t data-aos-duration=\"400\">\n\t&nbsp;<span class=\"dynamic\"><\/span>&nbsp;<\/div>[vc_empty_space height=&#8221;10px&#8221;]<div class=\"norebro-heading-sc heading text-left\"\n\tid=\"norebro-custom-69ed68d118f90\" \n\t data-aos=\"fade-left\" \n\t data-aos-duration=\"600\">\n\t\n\t\n\t\n\t<h3 class=\"title\">\n\t\tDijital d\u00fcnyada \u00e7\u00f6z\u00fcm orta\u011f\u0131n\u0131z Ajansso! Profesyonel ekibimiz, \u00e7a\u011fa uygun ekipmanlar\u0131m\u0131z ve kreatif planlar\u0131m\u0131zla sizi bir ad\u0131m \u00f6ne ta\u015f\u0131mak i\u00e7in buraday\u0131z.\t<\/h3>\n\n\t\n\t\t\t<p class=\"subtitle\">\n\t\t\t\t\t<\/p>\n\t\t\n<\/div>[vc_empty_space height=&#8221;20px&#8221;]<div class=\"norebro-text-sc \" \n\tid=\"norebro-custom-69ed68d118fe4\" \n\t data-aos=\"fade-left\" \n\t data-aos-duration=\"800\">\n\n\t<p>TNT Bilgi Teknolojileri A.\u015e. b\u00fcnyesindeki i\u015ftiraklerden biri olan Ajansso Web Solutions, bir giri\u015fimden daha \u00f6tesi. Y\u0131llar boyu farkl\u0131 sekt\u00f6rlerde temas etti\u011fimiz her m\u00fc\u015fterinin ortak kayg\u0131 ve beklentilerinden do\u011fan bir fikir yuvas\u0131.<\/p>\n<p>&nbsp;<\/p>\n<p><strong>Yeniliklere Haz\u0131rsan\u0131z, Biz Buraday\u0131z!<\/strong><\/p>\n<p>Rekabetin modernizasyonuna ayak uydurmak isteyen firmalar\u0131n dijitalle\u015fme noktas\u0131ndaki kalite aray\u0131\u015flar\u0131n\u0131 kar\u015f\u0131lamak, bizim kurulu\u015f ve varolu\u015f amac\u0131m\u0131z. \u00c7\u00fcnk\u00fc biz s\u0131radan ve klasik aras\u0131ndaki fark\u0131 bilerek yola \u00e7\u0131kt\u0131k. \u00c7\u00fcnk\u00fc biz, \u00e7\u0131tas\u0131n\u0131n s\u0131n\u0131r\u0131n\u0131 kendisi belirlemek isteyen bir ekibiz.<\/p>\n<p>&nbsp;<\/p>\n<p><strong>Hayal, Plan ve Aksiyon<\/strong><\/p>\n<p>Biz, ye\u015fermek isteyen her fikir tohumunu sulayarak b\u00fcy\u00fcten ve fikirlerle b\u00fcy\u00fcyen bir \u201c\u00e7\u00f6z\u00fcm fabrikas\u0131\u201d olmak i\u00e7in \u00e7al\u0131\u015f\u0131yoruz. Bu y\u00fczden sizin hayaliniz, ihtiyac\u0131n\u0131z ve yol haritan\u0131z, bizimle birlikte sizi de b\u00fcy\u00fctecek.<\/p>\n<p>Ajansso olarak, sizi bug\u00fcne kadar \u00f6n\u00fcn\u00fcze gelen t\u00fcm alternatiflerden ar\u0131n\u0131p berrak bir dijital gelece\u011fe do\u011fru y\u00fcr\u00fcmeye davet ediyoruz.\u00a0 \u00c7\u00fcnk\u00fc biz, tutkusunu yenilik\u00e7i fikirlerle per\u00e7inleyen bir ekibiz ve size taze bir ba\u015flang\u0131\u00e7 vaat ediyoruz.<\/p>\n\t\n<\/div>[vc_empty_space height=&#8221;90px&#8221; el_class=&#8221;norebro-phone-space&#8221;][\/vc_column_inner][vc_column_inner width=&#8221;1\/3&#8243;][\/vc_column_inner][\/vc_row_inner][\/vc_column][\/vc_row][vc_row full_width=&#8221;stretch_row&#8221; css=&#8221;.vc_custom_1555520897733{background-color: #ff0d00 !important;}&#8221;][vc_column css=&#8221;.vc_custom_1555520187958{margin-bottom: 30px !important;}&#8221;][vc_empty_space height=&#8221;20px&#8221;]<div class=\"norebro-cta-sc call-to-action\"\n\tid=\"norebro-custom-69ed68d1192c3\"\n\t \n\t>\n\n\t<div class=\"content-center\">\n\t\t<div class=\"wrap\">\n\t\t\t<h3 class=\"title\">\n\t\t\t\t\u0130htiya\u00e7lar\u0131n\u0131z\u0131 derinlemesine inceliyor, \u00e7\u00f6z\u00fcmler \u00fcretiyoruz.\t\t\t<\/h3>\n\t\t\t\t\t\t\t<p class=\"subtitle\">\n\t\t\t\t\tAjansso, ba\u015far\u0131lar\u0131n\u0131za ortak olmak i\u00e7in t\u00fcm g\u00fcc\u00fcyle \u00e7al\u0131\u015f\u0131yor.\t\t\t\t<\/p>\n\t\t\t\t\t<\/div>\n\n\t\t<div class=\"wrap\">\n\t\t\t<a href=\"https:\/\/www.ajansso.com\/tr\/iletisim\/\" \n\t\t\tclass=\"btn btn-white btn-outline\">\n\t\t\t\t\t\t\t\t\n\t\t\t\t<span class=\"text\">Yeni Bir Proje Ba\u015flat<\/span>\n\t\t\t\t\n\t\t\t\t\t\t\t\t\t<span class=\"icon fa fa-angle-right\"><\/span>\n\t\t\t\t\t\t\t<\/a>\n\t\t<\/div>\n\t<\/div>\n\n<\/div>[vc_empty_space height=&#8221;20px&#8221;][\/vc_column][\/vc_row]\n<\/div>","protected":false},"excerpt":{"rendered":"<p>[vc_row full_width=&#8221;stretch_row_content_no_spaces&#8221; full_height=&#8221;yes&#8221;][vc_column width=&#8221;1\/2&#8243;][vc_single_image image=&#8221;13112&#8243; img_size=&#8221;full&#8221; css=&#8221;.vc_custom_1555685739000{margin-right: 30px !important;margin-left: 30px !important;}&#8221;][\/vc_column][vc_column width=&#8221;1\/2&#8243;][vc_row_inner][vc_column_inner width=&#8221;2\/3&#8243;][vc_empty_space height=&#8221;90px&#8221;&#8230;<\/p>\n","protected":false},"author":1,"featured_media":0,"parent":0,"menu_order":0,"comment_status":"closed","ping_status":"closed","template":"","meta":{"footnotes":""},"tags":[],"class_list":["post-12928","page","type-page","status-publish","hentry"],"_links":{"self":[{"href":"https:\/\/ajansso.com\/tr\/wp-json\/wp\/v2\/pages\/12928","targetHints":{"allow":["GET"]}}],"collection":[{"href":"https:\/\/ajansso.com\/tr\/wp-json\/wp\/v2\/pages"}],"about":[{"href":"https:\/\/ajansso.com\/tr\/wp-json\/wp\/v2\/types\/page"}],"author":[{"embeddable":true,"href":"https:\/\/ajansso.com\/tr\/wp-json\/wp\/v2\/users\/1"}],"replies":[{"embeddable":true,"href":"https:\/\/ajansso.com\/tr\/wp-json\/wp\/v2\/comments?post=12928"}],"version-history":[{"count":0,"href":"https:\/\/ajansso.com\/tr\/wp-json\/wp\/v2\/pages\/12928\/revisions"}],"wp:attachment":[{"href":"https:\/\/ajansso.com\/tr\/wp-json\/wp\/v2\/media?parent=12928"}],"wp:term":[{"taxonomy":"post_tag","embeddable":true,"href":"https:\/\/ajansso.com\/tr\/wp-json\/wp\/v2\/tags?post=12928"}],"curies":[{"name":"wp","href":"https:\/\/api.w.org\/{rel}","templated":true}]}}