{"id":12973,"date":"2018-01-04T17:45:23","date_gmt":"2018-01-04T17:45:23","guid":{"rendered":"https:\/\/www.ajansso.com\/tr\/?page_id=12973"},"modified":"2019-04-22T14:24:03","modified_gmt":"2019-04-22T14:24:03","slug":"dijital-pazarlama-cozumleri","status":"publish","type":"page","link":"https:\/\/ajansso.com\/tr\/dijital-pazarlama-cozumleri\/","title":{"rendered":"Dijital Pazarlama \u00c7\u00f6z\u00fcmleri"},"content":{"rendered":"<div class=\"wpb-content-wrapper\">[vc_row gap=&#8221;35&#8243; equal_height=&#8221;yes&#8221;][vc_column][vc_empty_space height=&#8221;50px&#8221; el_class=&#8221;norebro-phone-space&#8221;][vc_single_image image=&#8221;13583&#8243; img_size=&#8221;full&#8221;][vc_empty_space height=&#8221;50px&#8221; el_class=&#8221;norebro-phone-space&#8221;]<div class=\"norebro-heading-sc heading text-left\"\n\tid=\"norebro-custom-69f0c1790fbaf\" \n\t data-aos=\"fade-left\" \n\t data-aos-duration=\"600\">\n\t\n\t\n\t\n\t<h3 class=\"title\">\n\t\tDijital Pazarlama \u00c7\u00f6z\u00fcmleri\t<\/h3>\n\n\t\n\t\t\t<p class=\"subtitle\">\n\t\t\t\t\t<\/p>\n\t\t\n<\/div><div class=\"norebro-text-sc \" \n\tid=\"norebro-custom-69f0c1790fc2d\" \n\t \n\t>\n\n\t<p>Ajansso, internette ad\u0131n\u0131z\u0131n sayg\u0131n bir \u015fekilde g\u00fcndeme gelmesi ve bunun size kazan\u00e7 olarak geri d\u00f6nebilmesi i\u00e7in t\u00fcm s\u00fcreci kontrol edebilecek bir tecr\u00fcbe ve birikim ortaya koyar. Kurumsal bazdaki dijital marketing uygulamalar\u0131 i\u00e7in k\u0131sa-orta-uzun vadeli yol haritalar\u0131 \u00e7\u0131kar\u0131r ve her a\u015famas\u0131n\u0131 dikkatle y\u00fcr\u00fct\u00fcr.<\/p>\n\t\n<\/div>[vc_empty_space height=&#8221;50px&#8221; el_class=&#8221;norebro-phone-space&#8221;]<div class=\"norebro-heading-sc heading text-left\"\n\tid=\"norebro-custom-69f0c1790fc5b\" \n\t data-aos=\"fade-left\" \n\t data-aos-duration=\"600\">\n\t\n\t\n\t\n\t<h3 class=\"title\">\n\t\tDijital Ortamdaki Pazarlama Orta\u011f\u0131n\u0131z\t<\/h3>\n\n\t\n\t\t\t<p class=\"subtitle\">\n\t\t\t\t\t<\/p>\n\t\t\n<\/div>[vc_empty_space height=&#8221;30px&#8221; el_class=&#8221;norebro-phone-space&#8221;][vc_row_inner][vc_column_inner width=&#8221;1\/2&#8243; css=&#8221;.vc_custom_1555942803764{margin-bottom: 80px !important;}&#8221;]<div class=\"norebro-icon-box-sc icon-box box-left\" \n\tid=\"norebro-custom-69f0c1790fc99\" \n\t \n\t>\n\n\t<div class=\"icon-wrap\">\n\t\t\t\t\t<span class=\"ion-earth\"><\/span>\n\t\t\t<\/div>\n\n\t<div class=\"content-wrap\">\n\n\t\t<div class=\"content-center with-full\">\n\t\t\t<div class=\"wrap\">\n\t\t\t\t<h3>SEO Hizmeti ve Dan\u0131\u015fmanl\u0131\u011f\u0131<\/h3>\n\t\t\t\t\t\t\t\t\t<p class=\"subtitle\">\n\t\t\t\t\t\tAJANSSO\t\t\t\t\t<\/p>\n\t\t\t\t\t\t\t<\/div>\n\t\t<\/div>\n\t\t\n\t\t\t<\/div>\n\t\t\n\t\t<p class=\"description content-full\">\n\t\t\t\u0130yi bir ticaret yapmak istiyorsan\u0131z Google,Yandex, Bing v.b. arama motorlar\u0131 sitenizin dostu olmal\u0131d\u0131r. Ajansso, size bu ama\u00e7 i\u00e7in gerekli olan t\u00fcm hizmeti sunar. Sekt\u00f6r ara\u015ft\u0131rmas\u0131, keyword saptamas\u0131, g\u00f6rsel deste\u011fi, sosyal medya y\u00f6netimi ve blog \u00e7al\u0131\u015fmas\u0131 gibi bir\u00e7ok noktada profesyonel \u00e7\u00f6z\u00fcmler \u00fcreterek sitenizi en \u00fcst s\u0131ralara ta\u015f\u0131r.\t\t<\/p>\n\n\t\t\n\t\t\n<\/div><div class=\"norebro-button-sc btn-wrap text-left\" \n\tid=\"norebro-custom-69f0c1790fce5\"\n\t \n\t>\n\n\t<a href=\"https:\/\/www.ajansso.com\/tr\/dijital-pazarlama-cozumleri\/seo-hizmeti-ve-danismanligi\/\" \n\t\tclass=\"btn  btn-outline btn-small\">\n\n\t\t\n\t\t\n\t\t<span class=\"text\">\n\t\t\tDetayl\u0131 Bilgi\t\t<\/span>\n\n\t\t\t\t\t<span class=\"icon ion-right fa fa-angle-right\"><\/span>\n\t\t\n\t\t\n\t\t\t<\/a>\n\n<\/div>[\/vc_column_inner][vc_column_inner width=&#8221;1\/2&#8243;]<div class=\"norebro-icon-box-sc icon-box box-left\" \n\tid=\"norebro-custom-69f0c1790fdf4\" \n\t \n\t>\n\n\t<div class=\"icon-wrap\">\n\t\t\t\t\t<span class=\"ion-social-windows\"><\/span>\n\t\t\t<\/div>\n\n\t<div class=\"content-wrap\">\n\n\t\t<div class=\"content-center with-full\">\n\t\t\t<div class=\"wrap\">\n\t\t\t\t<h3>Dijital Pazarlama<\/h3>\n\t\t\t\t\t\t\t\t\t<p class=\"subtitle\">\n\t\t\t\t\t\tAJANSSO\t\t\t\t\t<\/p>\n\t\t\t\t\t\t\t<\/div>\n\t\t<\/div>\n\t\t\n\t\t\t<\/div>\n\t\t\n\t\t<p class=\"description content-full\">\n\t\t\tAjansso, markan\u0131z\u0131n do\u011fru hedef kitleyle temas etmesi i\u00e7in stratejik planlama deste\u011fi sunar. Kampanyalar\u0131n\u0131z\u0131 dijital d\u00fcnyaya daha etkin \u015fekilde sunman\u0131za yard\u0131mc\u0131 olur. Trend ara\u00e7larla \u00fcr\u00fcnlerinizi destekler ve internet kullan\u0131c\u0131s\u0131yla firman\u0131z aras\u0131nda do\u011fru ba\u011f\u0131n kurulmas\u0131n\u0131 sa\u011flar.\t\t<\/p>\n\n\t\t\n\t\t\n<\/div><div class=\"norebro-button-sc btn-wrap text-left\" \n\tid=\"norebro-custom-69f0c1790fe24\"\n\t \n\t>\n\n\t<a href=\"https:\/\/www.ajansso.com\/tr\/dijital-pazarlama-cozumleri\/dijital-pazarlama\/\" \n\t\tclass=\"btn  btn-outline btn-small\">\n\n\t\t\n\t\t\n\t\t<span class=\"text\">\n\t\t\tDetayl\u0131 Bilgi\t\t<\/span>\n\n\t\t\t\t\t<span class=\"icon ion-right fa fa-angle-right\"><\/span>\n\t\t\n\t\t\n\t\t\t<\/a>\n\n<\/div>[\/vc_column_inner][\/vc_row_inner][vc_row_inner][vc_column_inner width=&#8221;1\/2&#8243; css=&#8221;.vc_custom_1555942827198{margin-bottom: 80px !important;}&#8221;]<div class=\"norebro-icon-box-sc icon-box box-left\" \n\tid=\"norebro-custom-69f0c1790fe45\" \n\t \n\t>\n\n\t<div class=\"icon-wrap\">\n\t\t\t\t\t<span class=\"ion-social-android\"><\/span>\n\t\t\t<\/div>\n\n\t<div class=\"content-wrap\">\n\n\t\t<div class=\"content-center with-full\">\n\t\t\t<div class=\"wrap\">\n\t\t\t\t<h3>UI &amp; UX Optimizasyonu<\/h3>\n\t\t\t\t\t\t\t\t\t<p class=\"subtitle\">\n\t\t\t\t\t\tAJANSSO\t\t\t\t\t<\/p>\n\t\t\t\t\t\t\t<\/div>\n\t\t<\/div>\n\t\t\n\t\t\t<\/div>\n\t\t\n\t\t<p class=\"description content-full\">\n\t\t\tDijital pazarlamada kullan\u0131c\u0131 deneyimi (UX) ve kullan\u0131c\u0131 ara y\u00fcz\u00fc (UI) olarak ifade edilen kavramlar bir sitenin yaratt\u0131\u011f\u0131 etkiyi en iyi seviyeye \u00e7ekmek i\u00e7in \u00e7ok \u00f6nemlidir. Ajansso, sitenizin tasar\u0131m\u0131n\u0131n ve men\u00fcs\u00fcn\u00fcn kullan\u0131c\u0131 taraf\u0131ndan en verimli \u015fekilde de\u011ferlendirilebilmesi i\u00e7in dengeli ve teknolojik trendlere uygun \u00e7\u00f6z\u00fcmler sunar.\t\t<\/p>\n\n\t\t\n\t\t\n<\/div><div class=\"norebro-button-sc btn-wrap text-left\" \n\tid=\"norebro-custom-69f0c1790fe67\"\n\t \n\t>\n\n\t<a href=\"https:\/\/www.ajansso.com\/tr\/dijital-pazarlama-cozumleri\/ui-ux-optimizasyonu\/\" \n\t\tclass=\"btn  btn-outline btn-small\">\n\n\t\t\n\t\t\n\t\t<span class=\"text\">\n\t\t\tDetayl\u0131 Bilgi\t\t<\/span>\n\n\t\t\t\t\t<span class=\"icon ion-right fa fa-angle-right\"><\/span>\n\t\t\n\t\t\n\t\t\t<\/a>\n\n<\/div>[\/vc_column_inner][vc_column_inner width=&#8221;1\/2&#8243; css=&#8221;.vc_custom_1555942842687{margin-bottom: 80px !important;}&#8221;]<div class=\"norebro-icon-box-sc icon-box box-left\" \n\tid=\"norebro-custom-69f0c1790fe8d\" \n\t \n\t>\n\n\t<div class=\"icon-wrap\">\n\t\t\t\t\t<span class=\"ion-social-apple\"><\/span>\n\t\t\t<\/div>\n\n\t<div class=\"content-wrap\">\n\n\t\t<div class=\"content-center with-full\">\n\t\t\t<div class=\"wrap\">\n\t\t\t\t<h3>Arama Motoru Pazarlamas\u0131 (SEM)<\/h3>\n\t\t\t\t\t\t\t\t\t<p class=\"subtitle\">\n\t\t\t\t\t\tAJANSSO\t\t\t\t\t<\/p>\n\t\t\t\t\t\t\t<\/div>\n\t\t<\/div>\n\t\t\n\t\t\t<\/div>\n\t\t\n\t\t<p class=\"description content-full\">\n\t\t\tGoogle, Yandex, Bing aramalar\u0131nda sitenizin ilk s\u0131ralarda \u00e7\u0131kmas\u0131 amac\u0131yla yap\u0131lan SEM, b\u00fct\u00e7e y\u00f6netimi ve anahtar kelimelerin do\u011fru tespit edilmesi gibi konular\u0131 da i\u00e7erdi\u011fi i\u00e7in profesyonel destek alman\u0131z daha sa\u011fl\u0131kl\u0131 olacakt\u0131r. Ajansso, uzman ekibi ile att\u0131\u011f\u0131n\u0131z ad\u0131mlar neticesinde en iyi geri d\u00f6n\u00fc\u015fleri alman\u0131z\u0131 ama\u00e7lar. Sizi y\u00fcksek harcamalardan kurtar\u0131r ve do\u011fru kitleyle bulu\u015fman\u0131z\u0131 garanti eder.\t\t<\/p>\n\n\t\t\n\t\t\n<\/div><div class=\"norebro-button-sc btn-wrap text-left\" \n\tid=\"norebro-custom-69f0c1790fead\"\n\t \n\t>\n\n\t<a href=\"https:\/\/www.ajansso.com\/tr\/dijital-pazarlama-cozumleri\/arama-motoru-pazarlamasi-sem\/\" \n\t\tclass=\"btn  btn-outline btn-small\">\n\n\t\t\n\t\t\n\t\t<span class=\"text\">\n\t\t\tDetayl\u0131 Bilgi\t\t<\/span>\n\n\t\t\t\t\t<span class=\"icon ion-right fa fa-angle-right\"><\/span>\n\t\t\n\t\t\n\t\t\t<\/a>\n\n<\/div>[\/vc_column_inner][\/vc_row_inner][vc_row_inner][vc_column_inner width=&#8221;1\/2&#8243; css=&#8221;.vc_custom_1555942876688{margin-bottom: 80px !important;}&#8221;]<div class=\"norebro-icon-box-sc icon-box box-left\" \n\tid=\"norebro-custom-69f0c1790fec6\" \n\t \n\t>\n\n\t<div class=\"icon-wrap\">\n\t\t\t\t\t<span class=\"ion-social-android\"><\/span>\n\t\t\t<\/div>\n\n\t<div class=\"content-wrap\">\n\n\t\t<div class=\"content-center with-full\">\n\t\t\t<div class=\"wrap\">\n\t\t\t\t<h3>D\u00f6n\u00fc\u015f\u00fcm Optimizasyonu<\/h3>\n\t\t\t\t\t\t\t\t\t<p class=\"subtitle\">\n\t\t\t\t\t\tAJANSSO\t\t\t\t\t<\/p>\n\t\t\t\t\t\t\t<\/div>\n\t\t<\/div>\n\t\t\n\t\t\t<\/div>\n\t\t\n\t\t<p class=\"description content-full\">\n\t\t\tAjansso, sitenizi SEO kriterleri d\u0131\u015f\u0131nda kullan\u0131c\u0131 beklentilerini ve deneyimini de \u00f6n planda tutarak geli\u015ftirmenizi sa\u011flar. Sat\u0131\u015f ve siteyle ba\u011f kurma oranlar\u0131n\u0131 y\u00fckseltmek i\u00e7in gerekli stratejileri olu\u015fturur ve uygulamaya ge\u00e7er. A\/B testleri ile elde edilen veriler \u0131\u015f\u0131\u011f\u0131nda en k\u0131sa s\u00fcrede ilerleme kaydetmenin yollar\u0131n\u0131 bulur.\t\t<\/p>\n\n\t\t\n\t\t\n<\/div><div class=\"norebro-button-sc btn-wrap text-left\" \n\tid=\"norebro-custom-69f0c1790feee\"\n\t \n\t>\n\n\t<a href=\"https:\/\/www.ajansso.com\/tr\/dijital-pazarlama-cozumleri\/donusum-optimizasyonu\/\" \n\t\tclass=\"btn  btn-outline btn-small\">\n\n\t\t\n\t\t\n\t\t<span class=\"text\">\n\t\t\tDetayl\u0131 Bilgi\t\t<\/span>\n\n\t\t\t\t\t<span class=\"icon ion-right fa fa-angle-right\"><\/span>\n\t\t\n\t\t\n\t\t\t<\/a>\n\n<\/div>[\/vc_column_inner][vc_column_inner width=&#8221;1\/2&#8243; css=&#8221;.vc_custom_1555943119438{margin-bottom: 80px !important;}&#8221;]<div class=\"norebro-icon-box-sc icon-box box-left\" \n\tid=\"norebro-custom-69f0c1790ff0e\" \n\t \n\t>\n\n\t<div class=\"icon-wrap\">\n\t\t\t\t\t<span class=\"ion-social-apple\"><\/span>\n\t\t\t<\/div>\n\n\t<div class=\"content-wrap\">\n\n\t\t<div class=\"content-center with-full\">\n\t\t\t<div class=\"wrap\">\n\t\t\t\t<h3>Sosyal Medya Reklamc\u0131l\u0131\u011f\u0131<\/h3>\n\t\t\t\t\t\t\t\t\t<p class=\"subtitle\">\n\t\t\t\t\t\tAJANSSO\t\t\t\t\t<\/p>\n\t\t\t\t\t\t\t<\/div>\n\t\t<\/div>\n\t\t\n\t\t\t<\/div>\n\t\t\n\t\t<p class=\"description content-full\">\n\t\t\tFacebook, Instagram ve Google Plus gibi alanlar firman\u0131z i\u00e7in kurumsal kimli\u011finizi lanse ederken k\u00e2ra ge\u00e7menizi de sa\u011flar. Fakat bunun i\u00e7in do\u011fru analiz ve \u00e7\u00f6z\u00fcm yolu gerekir. Ajansso, internet sekt\u00f6r\u00fcn\u00fc yak\u0131ndan bilen ve bilimsel verilerle \u00e7al\u0131\u015fan profesyonelleri ile her t\u00fcrl\u00fc sosyal mecra \u00fczerinde firman\u0131z\u0131n tan\u0131n\u0131rl\u0131\u011f\u0131n\u0131 art\u0131r\u0131r. Ayr\u0131ca kurumsal imaj\u0131n\u0131z\u0131 da korur.\t\t<\/p>\n\n\t\t\n\t\t\n<\/div><div class=\"norebro-button-sc btn-wrap text-left\" \n\tid=\"norebro-custom-69f0c1790ff2c\"\n\t \n\t>\n\n\t<a href=\"https:\/\/www.ajansso.com\/tr\/dijital-pazarlama-cozumleri\/sosyal-medya-reklamciligi\/\" \n\t\tclass=\"btn  btn-outline btn-small\">\n\n\t\t\n\t\t\n\t\t<span class=\"text\">\n\t\t\tDetayl\u0131 Bilgi\t\t<\/span>\n\n\t\t\t\t\t<span class=\"icon ion-right fa fa-angle-right\"><\/span>\n\t\t\n\t\t\n\t\t\t<\/a>\n\n<\/div>[\/vc_column_inner][\/vc_row_inner][vc_row_inner][vc_column_inner width=&#8221;1\/2&#8243; css=&#8221;.vc_custom_1555942900773{margin-bottom: 80px !important;}&#8221;]<div class=\"norebro-icon-box-sc icon-box box-left\" \n\tid=\"norebro-custom-69f0c1790ff45\" \n\t \n\t>\n\n\t<div class=\"icon-wrap\">\n\t\t\t\t\t<span class=\"ion-social-android\"><\/span>\n\t\t\t<\/div>\n\n\t<div class=\"content-wrap\">\n\n\t\t<div class=\"content-center with-full\">\n\t\t\t<div class=\"wrap\">\n\t\t\t\t<h3>\u0130\u00e7erik Y\u00f6netimi Hizmeti<\/h3>\n\t\t\t\t\t\t\t\t\t<p class=\"subtitle\">\n\t\t\t\t\t\tAJANSSO\t\t\t\t\t<\/p>\n\t\t\t\t\t\t\t<\/div>\n\t\t<\/div>\n\t\t\n\t\t\t<\/div>\n\t\t\n\t\t<p class=\"description content-full\">\n\t\t\tArama motorlar\u0131nda y\u00fckselmek ve ziyaret\u00e7ilerinize kendinizi do\u011fru bir \u015fekilde ifade edebilmenin yolu iyi bir i\u00e7erik y\u00f6netiminden ge\u00e7er. Kampanyalardan tutun da k\u00fc\u00e7\u00fck \u00fcr\u00fcn a\u00e7\u0131klamalar\u0131n\u0131za kadar her kelimeniz firman\u0131z\u0131n ruhuna uygun olmal\u0131d\u0131r. Ajansso, size \u00f6zel bir dil olu\u015fturur ve firman\u0131z\u0131n dijital ya\u015fam\u0131 boyunca ayn\u0131 dili konu\u015fmas\u0131n\u0131 sa\u011flar.\t\t<\/p>\n\n\t\t\n\t\t\n<\/div><div class=\"norebro-button-sc btn-wrap text-left\" \n\tid=\"norebro-custom-69f0c1790ff5f\"\n\t \n\t>\n\n\t<a href=\"https:\/\/www.ajansso.com\/tr\/dijital-pazarlama-cozumleri\/icerik-yonetimi-hizmeti\/\" \n\t\tclass=\"btn  btn-outline btn-small\">\n\n\t\t\n\t\t\n\t\t<span class=\"text\">\n\t\t\tDetayl\u0131 Bilgi\t\t<\/span>\n\n\t\t\t\t\t<span class=\"icon ion-right fa fa-angle-right\"><\/span>\n\t\t\n\t\t\n\t\t\t<\/a>\n\n<\/div>[\/vc_column_inner][vc_column_inner width=&#8221;1\/2&#8243;]<div class=\"norebro-icon-box-sc icon-box box-left\" \n\tid=\"norebro-custom-69f0c1790ff77\" \n\t \n\t>\n\n\t<div class=\"icon-wrap\">\n\t\t\t\t\t<span class=\"ion-social-apple\"><\/span>\n\t\t\t<\/div>\n\n\t<div class=\"content-wrap\">\n\n\t\t<div class=\"content-center with-full\">\n\t\t\t<div class=\"wrap\">\n\t\t\t\t<h3>Web Analiz Dan\u0131\u015fmanl\u0131\u011f\u0131<\/h3>\n\t\t\t\t\t\t\t\t\t<p class=\"subtitle\">\n\t\t\t\t\t\tAJANSSO\t\t\t\t\t<\/p>\n\t\t\t\t\t\t\t<\/div>\n\t\t<\/div>\n\t\t\n\t\t\t<\/div>\n\t\t\n\t\t<p class=\"description content-full\">\n\t\t\tSitenizde bir sorun mu var? Geli\u015ftirmek istiyorsunuz ancak nereden ba\u015flaman\u0131z gerekti\u011finiz bilmiyor musunuz? \u0130\u015fte bu noktada Ajansso devreye girer ve size detayl\u0131 bir rapor sunar. Ziyaret\u00e7ilerin memnuniyeti, sayfan\u0131z\u0131n a\u00e7\u0131lma h\u0131z\u0131, geri d\u00f6n\u00fc\u015f y\u00fczdeleri ve anormalli\u011fin oldu\u011fu her alana temas ederek yap\u0131lan bu analiz sonucu \u00e7\u00f6z\u00fcm i\u00e7in re\u00e7eteniz de yaz\u0131l\u0131r.\t\t<\/p>\n\n\t\t\n\t\t\n<\/div><div class=\"norebro-button-sc btn-wrap text-left\" \n\tid=\"norebro-custom-69f0c1790ff92\"\n\t \n\t>\n\n\t<a href=\"https:\/\/www.ajansso.com\/tr\/dijital-pazarlama-cozumleri\/web-analiz-danismanligi\/\" \n\t\tclass=\"btn  btn-outline btn-small\">\n\n\t\t\n\t\t\n\t\t<span class=\"text\">\n\t\t\tDetayl\u0131 Bilgi\t\t<\/span>\n\n\t\t\t\t\t<span class=\"icon ion-right fa fa-angle-right\"><\/span>\n\t\t\n\t\t\n\t\t\t<\/a>\n\n<\/div>[\/vc_column_inner][\/vc_row_inner][vc_empty_space height=&#8221;90px&#8221; el_class=&#8221;norebro-phone-space&#8221;][\/vc_column][\/vc_row][vc_row full_width=&#8221;stretch_row&#8221; css=&#8221;.vc_custom_1555520998484{background-color: #ff0d00 !important;}&#8221;][vc_column css=&#8221;.vc_custom_1555520187958{margin-bottom: 30px !important;}&#8221;][vc_empty_space height=&#8221;20px&#8221;]<div class=\"norebro-cta-sc call-to-action\"\n\tid=\"norebro-custom-69f0c1790ffb8\"\n\t \n\t>\n\n\t<div class=\"content-center\">\n\t\t<div class=\"wrap\">\n\t\t\t<h3 class=\"title\">\n\t\t\t\tYukar\u0131daki hizmetler hakk\u0131nda proje ihtiyac\u0131n\u0131z m\u0131 var?\t\t\t<\/h3>\n\t\t\t\t\t\t\t<p class=\"subtitle\">\n\t\t\t\t\tAjansso, ba\u015far\u0131lar\u0131n\u0131za ortak olmak i\u00e7in t\u00fcm g\u00fcc\u00fcyle \u00e7al\u0131\u015f\u0131yor.\t\t\t\t<\/p>\n\t\t\t\t\t<\/div>\n\n\t\t<div class=\"wrap\">\n\t\t\t<a href=\"https:\/\/www.ajansso.com\/tr\/iletisim\/\" \n\t\t\tclass=\"btn btn-white btn-outline\">\n\t\t\t\t\t\t\t\t\n\t\t\t\t<span class=\"text\">Yeni Bir Proje Ba\u015flat<\/span>\n\t\t\t\t\n\t\t\t\t\t\t\t\t\t<span class=\"icon fa fa-angle-right\"><\/span>\n\t\t\t\t\t\t\t<\/a>\n\t\t<\/div>\n\t<\/div>\n\n<\/div>[vc_empty_space height=&#8221;20px&#8221;][\/vc_column][\/vc_row]\n<\/div>","protected":false},"excerpt":{"rendered":"<p>[vc_row gap=&#8221;35&#8243; equal_height=&#8221;yes&#8221;][vc_column][vc_empty_space height=&#8221;50px&#8221; el_class=&#8221;norebro-phone-space&#8221;][vc_single_image image=&#8221;13583&#8243; img_size=&#8221;full&#8221;][vc_empty_space height=&#8221;50px&#8221; el_class=&#8221;norebro-phone-space&#8221;][vc_empty_space height=&#8221;50px&#8221; el_class=&#8221;norebro-phone-space&#8221;][vc_empty_space height=&#8221;30px&#8221; el_class=&#8221;norebro-phone-space&#8221;][vc_row_inner][vc_column_inner width=&#8221;1\/2&#8243;&#8230;<\/p>\n","protected":false},"author":1,"featured_media":0,"parent":0,"menu_order":0,"comment_status":"closed","ping_status":"closed","template":"","meta":{"footnotes":""},"tags":[],"class_list":["post-12973","page","type-page","status-publish","hentry"],"_links":{"self":[{"href":"https:\/\/ajansso.com\/tr\/wp-json\/wp\/v2\/pages\/12973","targetHints":{"allow":["GET"]}}],"collection":[{"href":"https:\/\/ajansso.com\/tr\/wp-json\/wp\/v2\/pages"}],"about":[{"href":"https:\/\/ajansso.com\/tr\/wp-json\/wp\/v2\/types\/page"}],"author":[{"embeddable":true,"href":"https:\/\/ajansso.com\/tr\/wp-json\/wp\/v2\/users\/1"}],"replies":[{"embeddable":true,"href":"https:\/\/ajansso.com\/tr\/wp-json\/wp\/v2\/comments?post=12973"}],"version-history":[{"count":4,"href":"https:\/\/ajansso.com\/tr\/wp-json\/wp\/v2\/pages\/12973\/revisions"}],"predecessor-version":[{"id":13837,"href":"https:\/\/ajansso.com\/tr\/wp-json\/wp\/v2\/pages\/12973\/revisions\/13837"}],"wp:attachment":[{"href":"https:\/\/ajansso.com\/tr\/wp-json\/wp\/v2\/media?parent=12973"}],"wp:term":[{"taxonomy":"post_tag","embeddable":true,"href":"https:\/\/ajansso.com\/tr\/wp-json\/wp\/v2\/tags?post=12973"}],"curies":[{"name":"wp","href":"https:\/\/api.w.org\/{rel}","templated":true}]}}