{"id":12975,"date":"2018-01-04T17:46:05","date_gmt":"2018-01-04T17:46:05","guid":{"rendered":"https:\/\/www.ajansso.com\/tr\/?page_id=12975"},"modified":"2019-04-22T14:10:41","modified_gmt":"2019-04-22T14:10:41","slug":"yazilim-gelistirme","status":"publish","type":"page","link":"https:\/\/ajansso.com\/tr\/yazilim-gelistirme\/","title":{"rendered":"Yaz\u0131l\u0131m Geli\u015ftirme"},"content":{"rendered":"<div class=\"wpb-content-wrapper\">[vc_row gap=&#8221;35&#8243; equal_height=&#8221;yes&#8221;][vc_column][vc_empty_space height=&#8221;50px&#8221; el_class=&#8221;norebro-phone-space&#8221;][vc_single_image image=&#8221;13585&#8243; img_size=&#8221;full&#8221;][vc_empty_space height=&#8221;50px&#8221; el_class=&#8221;norebro-phone-space&#8221;]<div class=\"norebro-heading-sc heading text-left\"\n\tid=\"norebro-custom-69f0c1b4587ea\" \n\t data-aos=\"fade-left\" \n\t data-aos-duration=\"600\">\n\t\n\t\n\t\n\t<h3 class=\"title\">\n\t\tYaz\u0131l\u0131m Geli\u015ftirme\t<\/h3>\n\n\t\n\t\t\t<p class=\"subtitle\">\n\t\t\t\t\t<\/p>\n\t\t\n<\/div><div class=\"norebro-text-sc \" \n\tid=\"norebro-custom-69f0c1b458894\" \n\t \n\t>\n\n\t<p>Ajansso, uzman personelleri sayesinde \u201c\u015funun gibi, buna benzer\u201d de\u011fil size \u00f6zel yaz\u0131l\u0131mlar ortaya koyar. \u0130\u015finizin ihtiyac\u0131n\u0131 net olarak anlar ve ona g\u00f6re bir \u00e7\u00f6z\u00fcm plan\u0131 yapar.<\/p>\n\t\n<\/div>[vc_empty_space height=&#8221;50px&#8221; el_class=&#8221;norebro-phone-space&#8221;]<div class=\"norebro-heading-sc heading text-left\"\n\tid=\"norebro-custom-69f0c1b4588e2\" \n\t data-aos=\"fade-left\" \n\t data-aos-duration=\"600\">\n\t\n\t\n\t\n\t<h3 class=\"title\">\n\t\tSizin \u0130\u00e7in Neler Geli\u015ftiriyoruz?\t<\/h3>\n\n\t\n\t\t\t<p class=\"subtitle\">\n\t\t\t\t\t<\/p>\n\t\t\n<\/div>[vc_empty_space height=&#8221;30px&#8221; el_class=&#8221;norebro-phone-space&#8221;][vc_row_inner][vc_column_inner width=&#8221;1\/2&#8243; css=&#8221;.vc_custom_1555942235626{margin-bottom: 80px !important;}&#8221;]<div class=\"norebro-icon-box-sc icon-box box-left\" \n\tid=\"norebro-custom-69f0c1b458937\" \n\t \n\t>\n\n\t<div class=\"icon-wrap\">\n\t\t\t\t\t<span class=\"ion-earth\"><\/span>\n\t\t\t<\/div>\n\n\t<div class=\"content-wrap\">\n\n\t\t<div class=\"content-center with-full\">\n\t\t\t<div class=\"wrap\">\n\t\t\t\t<h3>Web Uygulama Geli\u015ftirme<\/h3>\n\t\t\t\t\t\t\t\t\t<p class=\"subtitle\">\n\t\t\t\t\t\tAJANSSO\t\t\t\t\t<\/p>\n\t\t\t\t\t\t\t<\/div>\n\t\t<\/div>\n\t\t\n\t\t\t<\/div>\n\t\t\n\t\t<p class=\"description content-full\">\n\t\t\tDijital d\u00fcnyada m\u00fc\u015fterilerinizle iyi etkile\u015fim kurman\u0131n ana unsurlar\u0131ndan biri de sizi yans\u0131tan bir uygulama sunmakt\u0131r. Ki\u015fiselle\u015ftirilmi\u015f i\u00e7erikler ile desteklenen uygulamalar ayn\u0131 zamanda kurumsal kimli\u011finizin de tamamlay\u0131c\u0131s\u0131 rol\u00fcndedir. Ajansso, size i\u015finizde gerek duydu\u011funuz \u00f6zellikleri bar\u0131nd\u0131ran kullan\u0131c\u0131 dostu web uygulamalar\u0131 i\u00e7in yard\u0131mc\u0131 olur.\t\t<\/p>\n\n\t\t\n\t\t\n<\/div><div class=\"norebro-button-sc btn-wrap text-left\" \n\tid=\"norebro-custom-69f0c1b4589be\"\n\t \n\t>\n\n\t<a href=\"https:\/\/www.ajansso.com\/tr\/yazilim-gelistirme\/web-uygulama-gelistirme\/\" \n\t\tclass=\"btn  btn-outline btn-small\">\n\n\t\t\n\t\t\n\t\t<span class=\"text\">\n\t\t\tDetayl\u0131 Bilgi\t\t<\/span>\n\n\t\t\t\t\t<span class=\"icon ion-right fa fa-angle-right\"><\/span>\n\t\t\n\t\t\n\t\t\t<\/a>\n\n<\/div>[\/vc_column_inner][vc_column_inner width=&#8221;1\/2&#8243; css=&#8221;.vc_custom_1555942244786{margin-bottom: 80px !important;}&#8221;]<div class=\"norebro-icon-box-sc icon-box box-left\" \n\tid=\"norebro-custom-69f0c1b458a1b\" \n\t \n\t>\n\n\t<div class=\"icon-wrap\">\n\t\t\t\t\t<span class=\"ion-social-windows\"><\/span>\n\t\t\t<\/div>\n\n\t<div class=\"content-wrap\">\n\n\t\t<div class=\"content-center with-full\">\n\t\t\t<div class=\"wrap\">\n\t\t\t\t<h3>Windows Uygulama Geli\u015ftirme<\/h3>\n\t\t\t\t\t\t\t\t\t<p class=\"subtitle\">\n\t\t\t\t\t\tAJANSSO\t\t\t\t\t<\/p>\n\t\t\t\t\t\t\t<\/div>\n\t\t<\/div>\n\t\t\n\t\t\t<\/div>\n\t\t\n\t\t<p class=\"description content-full\">\n\t\t\tD\u00fcnyan\u0131n PC \u00fczerinde en \u00e7ok kullan\u0131c\u0131s\u0131 olan i\u015fletim sistemi olan Windows, mobil pazarda da b\u00fcy\u00fcmeyi hedefliyor. Ajansso, gelece\u011fi \u015fimdiden garantiyi almak isteyen m\u00fc\u015fterilerine Windows tabanl\u0131 uygulamalar yazarak \u00e7e\u015fitliliklerini art\u0131rma f\u0131rsat\u0131 veriyor.\t\t<\/p>\n\n\t\t\n\t\t\n<\/div><div class=\"norebro-button-sc btn-wrap text-left\" \n\tid=\"norebro-custom-69f0c1b458a6d\"\n\t \n\t>\n\n\t<a href=\"https:\/\/www.ajansso.com\/tr\/yazilim-gelistirme\/windows-uygulama-gelistirme\/\" \n\t\tclass=\"btn  btn-outline btn-small\">\n\n\t\t\n\t\t\n\t\t<span class=\"text\">\n\t\t\tDetayl\u0131 Bilgi\t\t<\/span>\n\n\t\t\t\t\t<span class=\"icon ion-right fa fa-angle-right\"><\/span>\n\t\t\n\t\t\n\t\t\t<\/a>\n\n<\/div>[\/vc_column_inner][\/vc_row_inner][vc_row_inner][vc_column_inner width=&#8221;1\/2&#8243; css=&#8221;.vc_custom_1555942252004{margin-bottom: 80px !important;}&#8221;]<div class=\"norebro-icon-box-sc icon-box box-left\" \n\tid=\"norebro-custom-69f0c1b458ac1\" \n\t \n\t>\n\n\t<div class=\"icon-wrap\">\n\t\t\t\t\t<span class=\"ion-social-android\"><\/span>\n\t\t\t<\/div>\n\n\t<div class=\"content-wrap\">\n\n\t\t<div class=\"content-center with-full\">\n\t\t\t<div class=\"wrap\">\n\t\t\t\t<h3>Android Uygulama Geli\u015ftirme<\/h3>\n\t\t\t\t\t\t\t\t\t<p class=\"subtitle\">\n\t\t\t\t\t\tAJANSSO\t\t\t\t\t<\/p>\n\t\t\t\t\t\t\t<\/div>\n\t\t<\/div>\n\t\t\n\t\t\t<\/div>\n\t\t\n\t\t<p class=\"description content-full\">\n\t\t\tSamsung, HTC, Huawei, Xiaomi gibi mobil cihazlar\u0131n i\u015fletim sistemi olan Android, \u00fclkemizde en \u00e7ok tercih edilen alternatif. Bu y\u00fczden Ajansso, sisteme tam entegre ve cihaz uyumu kusursuz olan uygulamalar ortaya koyarak bu rekabet dolu piyasada sizi bir ad\u0131m \u00f6ne \u00e7\u0131kar\u0131yor.\t\t<\/p>\n\n\t\t\n\t\t\n<\/div><div class=\"norebro-button-sc btn-wrap text-left\" \n\tid=\"norebro-custom-69f0c1b458b08\"\n\t \n\t>\n\n\t<a href=\"https:\/\/www.ajansso.com\/tr\/yazilim-gelistirme\/android-uygulama-gelistirme\/\" \n\t\tclass=\"btn  btn-outline btn-small\">\n\n\t\t\n\t\t\n\t\t<span class=\"text\">\n\t\t\tDetayl\u0131 Bilgi\t\t<\/span>\n\n\t\t\t\t\t<span class=\"icon ion-right fa fa-angle-right\"><\/span>\n\t\t\n\t\t\n\t\t\t<\/a>\n\n<\/div>[\/vc_column_inner][vc_column_inner width=&#8221;1\/2&#8243;]<div class=\"norebro-icon-box-sc icon-box box-left\" \n\tid=\"norebro-custom-69f0c1b458b45\" \n\t \n\t>\n\n\t<div class=\"icon-wrap\">\n\t\t\t\t\t<span class=\"ion-social-apple\"><\/span>\n\t\t\t<\/div>\n\n\t<div class=\"content-wrap\">\n\n\t\t<div class=\"content-center with-full\">\n\t\t\t<div class=\"wrap\">\n\t\t\t\t<h3>iOS Uygulama Geli\u015ftirme<\/h3>\n\t\t\t\t\t\t\t\t\t<p class=\"subtitle\">\n\t\t\t\t\t\tAJANSSO\t\t\t\t\t<\/p>\n\t\t\t\t\t\t\t<\/div>\n\t\t<\/div>\n\t\t\n\t\t\t<\/div>\n\t\t\n\t\t<p class=\"description content-full\">\n\t\t\tApple\u2019\u0131n kendine has \u00fcr\u00fcn\u00fc olan IOS yine kendine has uzmanl\u0131k isteyen bir i\u015fletim sistemi. \u0130lgili kodlama dillerine hakim profesyonellerimiz sayesinde rahat\u00e7a kullan\u0131labilecek IOS uygulamalar\u0131 tasarl\u0131yoruz ve firman\u0131z\u0131n prestijini yukar\u0131 ya\u015f\u0131yoruz.\t\t<\/p>\n\n\t\t\n\t\t\n<\/div><div class=\"norebro-button-sc btn-wrap text-left\" \n\tid=\"norebro-custom-69f0c1b458b8a\"\n\t \n\t>\n\n\t<a href=\"https:\/\/www.ajansso.com\/tr\/yazilim-gelistirme\/ios-uygulama-gelistirme\/\" \n\t\tclass=\"btn  btn-outline btn-small\">\n\n\t\t\n\t\t\n\t\t<span class=\"text\">\n\t\t\tDetayl\u0131 Bilgi\t\t<\/span>\n\n\t\t\t\t\t<span class=\"icon ion-right fa fa-angle-right\"><\/span>\n\t\t\n\t\t\n\t\t\t<\/a>\n\n<\/div>[\/vc_column_inner][\/vc_row_inner][vc_empty_space height=&#8221;90px&#8221; el_class=&#8221;norebro-phone-space&#8221;][\/vc_column][\/vc_row][vc_row full_width=&#8221;stretch_row&#8221; css=&#8221;.vc_custom_1555520897733{background-color: #ff0d00 !important;}&#8221;][vc_column css=&#8221;.vc_custom_1555520187958{margin-bottom: 30px !important;}&#8221;][vc_empty_space height=&#8221;20px&#8221;]<div class=\"norebro-cta-sc call-to-action\"\n\tid=\"norebro-custom-69f0c1b458be5\"\n\t \n\t>\n\n\t<div class=\"content-center\">\n\t\t<div class=\"wrap\">\n\t\t\t<h3 class=\"title\">\n\t\t\t\tYukar\u0131daki hizmetler hakk\u0131nda proje ihtiyac\u0131n\u0131z m\u0131 var?\t\t\t<\/h3>\n\t\t\t\t\t\t\t<p class=\"subtitle\">\n\t\t\t\t\tAjansso, ba\u015far\u0131lar\u0131n\u0131za ortak olmak i\u00e7in t\u00fcm g\u00fcc\u00fcyle \u00e7al\u0131\u015f\u0131yor.\t\t\t\t<\/p>\n\t\t\t\t\t<\/div>\n\n\t\t<div class=\"wrap\">\n\t\t\t<a href=\"https:\/\/www.ajansso.com\/tr\/iletisim\/\" \n\t\t\tclass=\"btn btn-white btn-outline\">\n\t\t\t\t\t\t\t\t\n\t\t\t\t<span class=\"text\">Yeni Bir Proje Ba\u015flat<\/span>\n\t\t\t\t\n\t\t\t\t\t\t\t\t\t<span class=\"icon fa fa-angle-right\"><\/span>\n\t\t\t\t\t\t\t<\/a>\n\t\t<\/div>\n\t<\/div>\n\n<\/div>[vc_empty_space height=&#8221;20px&#8221;][\/vc_column][\/vc_row]\n<\/div>","protected":false},"excerpt":{"rendered":"<p>[vc_row gap=&#8221;35&#8243; equal_height=&#8221;yes&#8221;][vc_column][vc_empty_space height=&#8221;50px&#8221; el_class=&#8221;norebro-phone-space&#8221;][vc_single_image image=&#8221;13585&#8243; img_size=&#8221;full&#8221;][vc_empty_space height=&#8221;50px&#8221; el_class=&#8221;norebro-phone-space&#8221;][vc_empty_space height=&#8221;50px&#8221; el_class=&#8221;norebro-phone-space&#8221;][vc_empty_space height=&#8221;30px&#8221; el_class=&#8221;norebro-phone-space&#8221;][vc_row_inner][vc_column_inner width=&#8221;1\/2&#8243;&#8230;<\/p>\n","protected":false},"author":1,"featured_media":0,"parent":0,"menu_order":0,"comment_status":"closed","ping_status":"closed","template":"","meta":{"footnotes":""},"tags":[],"class_list":["post-12975","page","type-page","status-publish","hentry"],"_links":{"self":[{"href":"https:\/\/ajansso.com\/tr\/wp-json\/wp\/v2\/pages\/12975","targetHints":{"allow":["GET"]}}],"collection":[{"href":"https:\/\/ajansso.com\/tr\/wp-json\/wp\/v2\/pages"}],"about":[{"href":"https:\/\/ajansso.com\/tr\/wp-json\/wp\/v2\/types\/page"}],"author":[{"embeddable":true,"href":"https:\/\/ajansso.com\/tr\/wp-json\/wp\/v2\/users\/1"}],"replies":[{"embeddable":true,"href":"https:\/\/ajansso.com\/tr\/wp-json\/wp\/v2\/comments?post=12975"}],"version-history":[{"count":3,"href":"https:\/\/ajansso.com\/tr\/wp-json\/wp\/v2\/pages\/12975\/revisions"}],"predecessor-version":[{"id":13831,"href":"https:\/\/ajansso.com\/tr\/wp-json\/wp\/v2\/pages\/12975\/revisions\/13831"}],"wp:attachment":[{"href":"https:\/\/ajansso.com\/tr\/wp-json\/wp\/v2\/media?parent=12975"}],"wp:term":[{"taxonomy":"post_tag","embeddable":true,"href":"https:\/\/ajansso.com\/tr\/wp-json\/wp\/v2\/tags?post=12975"}],"curies":[{"name":"wp","href":"https:\/\/api.w.org\/{rel}","templated":true}]}}