{"id":12977,"date":"2018-01-04T17:47:16","date_gmt":"2018-01-04T17:47:16","guid":{"rendered":"https:\/\/www.ajansso.com\/tr\/?page_id=12977"},"modified":"2019-04-19T15:20:10","modified_gmt":"2019-04-19T15:20:10","slug":"it-danismanligi","status":"publish","type":"page","link":"https:\/\/ajansso.com\/tr\/it-danismanligi\/","title":{"rendered":"IT Dan\u0131\u015fmanl\u0131\u011f\u0131"},"content":{"rendered":"<div class=\"wpb-content-wrapper\">[vc_row gap=&#8221;35&#8243; equal_height=&#8221;yes&#8221;][vc_column][vc_empty_space height=&#8221;50px&#8221; el_class=&#8221;norebro-phone-space&#8221;][vc_single_image image=&#8221;13579&#8243; img_size=&#8221;full&#8221;][vc_empty_space height=&#8221;50px&#8221; el_class=&#8221;norebro-phone-space&#8221;]<div class=\"norebro-heading-sc heading text-left\"\n\tid=\"norebro-custom-69eda2f8be53b\" \n\t data-aos=\"fade-left\" \n\t data-aos-duration=\"600\">\n\t\n\t\n\t\n\t<h3 class=\"title\">\n\t\tIT Dan\u0131\u015fmanl\u0131\u011f\u0131\t<\/h3>\n\n\t\n\t\t\t<p class=\"subtitle\">\n\t\t\t\t\t<\/p>\n\t\t\n<\/div><div class=\"norebro-text-sc \" \n\tid=\"norebro-custom-69eda2f8be5b4\" \n\t \n\t>\n\n\t<p>Ajansso, firman\u0131z\u0131n bili\u015fim teknolojileri alan\u0131nda do\u011fan ihtiya\u00e7lar\u0131n\u0131 kar\u015f\u0131laman\u0131z ve gelecek planlar\u0131n\u0131 do\u011fru bir \u015fekilde ortaya koyman\u0131z i\u00e7in dan\u0131\u015fmanl\u0131k hizmeti verir. Teknolojinin geli\u015fimini sekt\u00f6r\u00fcn i\u00e7inde olan ve profesyonel seviyedeki ki\u015filer daha sa\u011fl\u0131kl\u0131 takip eder. Yeni bir teknolojik trendin hangi sekt\u00f6r\u00fcn altyap\u0131s\u0131na nas\u0131l bir fayda sa\u011flayaca\u011f\u0131n\u0131 profesyoneller g\u00f6rebilir.<\/p>\n\t\n<\/div>[vc_separator color=&#8221;custom&#8221; border_width=&#8221;2&#8243; css=&#8221;.vc_custom_1515368849756{padding-top: 30px !important;padding-bottom: 30px !important;}&#8221; accent_color=&#8221;#ff0d00&#8243;]<div class=\"norebro-text-sc \" \n\tid=\"norebro-custom-69eda2f8be5e8\" \n\t \n\t>\n\n\t<p>Ajansso, bili\u015fim departman\u0131 olmayan veya ikinci bir fikre ihtiya\u00e7 duyan t\u00fcm firmalara kap\u0131lar\u0131n\u0131 a\u00e7ar. Bu sayede ticari geri d\u00f6n\u00fc\u015flerin s\u00fcrelerini optimum seviyeye \u00e7eker ve toplam maliyetin minimizasyonunu sa\u011flar.<\/p>\n<p>&nbsp;<\/p>\n<p><strong>Problem Saptama, H\u0131zl\u0131 Dokunu\u015f, Maliyet D\u00fc\u015f\u00fcrme<\/strong><\/p>\n<p>Firman\u0131z\u0131n mevcut altyap\u0131 sistemini inceleyen uzmanlar\u0131m\u0131z kar\u015f\u0131n\u0131za \u00e7\u0131kabilecek sorunlar\u0131 bulur ve onar\u0131m\u0131n\u0131 \u00fcstlenir. Uzun vadede firman\u0131za \u00e7\u0131kacak mali k\u00fclfetin engellenmesine de yard\u0131mc\u0131 olan bu s\u00fcre\u00e7, rekabet etti\u011finiz sekt\u00f6rde daha dinamik bir pozisyona kavu\u015fman\u0131z\u0131 hedefler.<\/p>\n<p>Y\u00f6netilebilir ve geli\u015ftirilebilir bir altyap\u0131 i\u00e7in Ajansso\u2019nun sistem uzmanlar\u0131na g\u00fcvenin. Unutmay\u0131n, y\u00fcksek performans ancak buna izin veren bir altyap\u0131yla m\u00fcmk\u00fcnd\u00fcr.<\/p>\n\t\n<\/div>[vc_empty_space height=&#8221;50px&#8221; el_class=&#8221;norebro-phone-space&#8221;][\/vc_column][\/vc_row][vc_row full_width=&#8221;stretch_row&#8221; css=&#8221;.vc_custom_1555520897733{background-color: #ff0d00 !important;}&#8221;][vc_column css=&#8221;.vc_custom_1555520187958{margin-bottom: 30px !important;}&#8221;][vc_empty_space height=&#8221;20px&#8221;]<div class=\"norebro-cta-sc call-to-action\"\n\tid=\"norebro-custom-69eda2f8be61c\"\n\t \n\t>\n\n\t<div class=\"content-center\">\n\t\t<div class=\"wrap\">\n\t\t\t<h3 class=\"title\">\n\t\t\t\tYukar\u0131daki hizmet hakk\u0131nda proje ihtiyac\u0131n\u0131z m\u0131 var?\t\t\t<\/h3>\n\t\t\t\t\t\t\t<p class=\"subtitle\">\n\t\t\t\t\tAjansso, ba\u015far\u0131lar\u0131n\u0131za ortak olmak i\u00e7in t\u00fcm g\u00fcc\u00fcyle \u00e7al\u0131\u015f\u0131yor.\t\t\t\t<\/p>\n\t\t\t\t\t<\/div>\n\n\t\t<div class=\"wrap\">\n\t\t\t<a href=\"https:\/\/www.ajansso.com\/tr\/iletisim\/\" \n\t\t\tclass=\"btn btn-white btn-outline\">\n\t\t\t\t\t\t\t\t\n\t\t\t\t<span class=\"text\">Yeni Bir Proje Ba\u015flat<\/span>\n\t\t\t\t\n\t\t\t\t\t\t\t\t\t<span class=\"icon fa fa-angle-right\"><\/span>\n\t\t\t\t\t\t\t<\/a>\n\t\t<\/div>\n\t<\/div>\n\n<\/div>[vc_empty_space height=&#8221;20px&#8221;][\/vc_column][\/vc_row]\n<\/div>","protected":false},"excerpt":{"rendered":"<p>[vc_row gap=&#8221;35&#8243; equal_height=&#8221;yes&#8221;][vc_column][vc_empty_space height=&#8221;50px&#8221; el_class=&#8221;norebro-phone-space&#8221;][vc_single_image image=&#8221;13579&#8243; img_size=&#8221;full&#8221;][vc_empty_space height=&#8221;50px&#8221; el_class=&#8221;norebro-phone-space&#8221;][vc_separator color=&#8221;custom&#8221; border_width=&#8221;2&#8243; css=&#8221;.vc_custom_1515368849756{padding-top: 30px !important;padding-bottom:&#8230;<\/p>\n","protected":false},"author":1,"featured_media":0,"parent":0,"menu_order":0,"comment_status":"closed","ping_status":"closed","template":"","meta":{"footnotes":""},"tags":[],"class_list":["post-12977","page","type-page","status-publish","hentry"],"_links":{"self":[{"href":"https:\/\/ajansso.com\/tr\/wp-json\/wp\/v2\/pages\/12977","targetHints":{"allow":["GET"]}}],"collection":[{"href":"https:\/\/ajansso.com\/tr\/wp-json\/wp\/v2\/pages"}],"about":[{"href":"https:\/\/ajansso.com\/tr\/wp-json\/wp\/v2\/types\/page"}],"author":[{"embeddable":true,"href":"https:\/\/ajansso.com\/tr\/wp-json\/wp\/v2\/users\/1"}],"replies":[{"embeddable":true,"href":"https:\/\/ajansso.com\/tr\/wp-json\/wp\/v2\/comments?post=12977"}],"version-history":[{"count":0,"href":"https:\/\/ajansso.com\/tr\/wp-json\/wp\/v2\/pages\/12977\/revisions"}],"wp:attachment":[{"href":"https:\/\/ajansso.com\/tr\/wp-json\/wp\/v2\/media?parent=12977"}],"wp:term":[{"taxonomy":"post_tag","embeddable":true,"href":"https:\/\/ajansso.com\/tr\/wp-json\/wp\/v2\/tags?post=12977"}],"curies":[{"name":"wp","href":"https:\/\/api.w.org\/{rel}","templated":true}]}}