{"id":12979,"date":"2018-01-04T17:47:49","date_gmt":"2018-01-04T17:47:49","guid":{"rendered":"https:\/\/www.ajansso.com\/tr\/?page_id=12979"},"modified":"2019-04-22T14:12:54","modified_gmt":"2019-04-22T14:12:54","slug":"tasarim-hizmetleri","status":"publish","type":"page","link":"https:\/\/ajansso.com\/tr\/tasarim-hizmetleri\/","title":{"rendered":"Tasar\u0131m Hizmetleri"},"content":{"rendered":"<div class=\"wpb-content-wrapper\">[vc_row gap=&#8221;35&#8243; equal_height=&#8221;yes&#8221;][vc_column][vc_empty_space height=&#8221;50px&#8221; el_class=&#8221;norebro-phone-space&#8221;][vc_single_image image=&#8221;13581&#8243; img_size=&#8221;full&#8221;][vc_empty_space height=&#8221;50px&#8221; el_class=&#8221;norebro-phone-space&#8221;]<div class=\"norebro-heading-sc heading text-left\"\n\tid=\"norebro-custom-69ef709fba654\" \n\t data-aos=\"fade-left\" \n\t data-aos-duration=\"600\">\n\t\n\t\n\t\n\t<h3 class=\"title\">\n\t\tTasar\u0131m Hizmetleri\t<\/h3>\n\n\t\n\t\t\t<p class=\"subtitle\">\n\t\t\t\t\t<\/p>\n\t\t\n<\/div><div class=\"norebro-text-sc \" \n\tid=\"norebro-custom-69ef709fba6c2\" \n\t \n\t>\n\n\t<p>Ajansso, firman\u0131z\u0131n s\u0131f\u0131rdan top noktaya \u00e7\u0131kmas\u0131 i\u00e7in gereken her \u015feyi b\u00fcy\u00fck bir titizlikle ortaya koyar. Bu ba\u011flamda g\u00f6rsellik ve kalitenin i\u00e7 i\u00e7e ge\u00e7ti\u011fi \u00f6zg\u00fcn ve kreatif tasar\u0131mlarla \u015firketinize dijital bir kimlik kazand\u0131r\u0131r.<\/p>\n\t\n<\/div>[vc_empty_space height=&#8221;50px&#8221; el_class=&#8221;norebro-phone-space&#8221;]<div class=\"norebro-heading-sc heading text-left\"\n\tid=\"norebro-custom-69ef709fba6fc\" \n\t data-aos=\"fade-left\" \n\t data-aos-duration=\"600\">\n\t\n\t\n\t\n\t<h3 class=\"title\">\n\t\tSizin \u0130\u00e7in Neler Tasarl\u0131yoruz?\t<\/h3>\n\n\t\n\t\t\t<p class=\"subtitle\">\n\t\t\t\t\t<\/p>\n\t\t\n<\/div>[vc_empty_space height=&#8221;30px&#8221; el_class=&#8221;norebro-phone-space&#8221;][vc_row_inner][vc_column_inner width=&#8221;1\/2&#8243; css=&#8221;.vc_custom_1555942394982{margin-bottom: 80px !important;}&#8221;]<div class=\"norebro-icon-box-sc icon-box box-left\" \n\tid=\"norebro-custom-69ef709fba723\" \n\t \n\t>\n\n\t<div class=\"icon-wrap\">\n\t\t\t\t\t<span class=\"ion-earth\"><\/span>\n\t\t\t<\/div>\n\n\t<div class=\"content-wrap\">\n\n\t\t<div class=\"content-center with-full\">\n\t\t\t<div class=\"wrap\">\n\t\t\t\t<h3>Web Tasar\u0131m<\/h3>\n\t\t\t\t\t\t\t\t\t<p class=\"subtitle\">\n\t\t\t\t\t\tAJANSSO\t\t\t\t\t<\/p>\n\t\t\t\t\t\t\t<\/div>\n\t\t<\/div>\n\t\t\n\t\t\t<\/div>\n\t\t\n\t\t<p class=\"description content-full\">\n\t\t\tSekt\u00f6r\u00fcn\u00fcz\u00fcn ihtiya\u00e7lar\u0131na g\u00f6re \u015fekillenen ve sizi hedef kitlenize en do\u011fru \u015fekilde ula\u015ft\u0131ran bir web sayfan\u0131z olmas\u0131 son derece \u00f6nemli bir ad\u0131md\u0131r. H\u0131zl\u0131, \u015f\u0131k ve m\u00fc\u015fterinizi etkileyecek \u015fekilde dizayn etti\u011fimiz sitenizle fark\u0131n\u0131z\u0131 hissettirebilirsiniz.\t\t<\/p>\n\n\t\t\n\t\t\n<\/div><div class=\"norebro-button-sc btn-wrap text-left\" \n\tid=\"norebro-custom-69ef709fba78a\"\n\t \n\t>\n\n\t<a href=\"https:\/\/www.ajansso.com\/tr\/tasarim-hizmetleri\/web-tasarim\/\" \n\t\tclass=\"btn  btn-outline btn-small\">\n\n\t\t\n\t\t\n\t\t<span class=\"text\">\n\t\t\tDetayl\u0131 Bilgi\t\t<\/span>\n\n\t\t\t\t\t<span class=\"icon ion-right fa fa-angle-right\"><\/span>\n\t\t\n\t\t\n\t\t\t<\/a>\n\n<\/div>[\/vc_column_inner][vc_column_inner width=&#8221;1\/2&#8243; css=&#8221;.vc_custom_1555942403410{margin-bottom: 80px !important;}&#8221;]<div class=\"norebro-icon-box-sc icon-box box-left\" \n\tid=\"norebro-custom-69ef709fba9a8\" \n\t \n\t>\n\n\t<div class=\"icon-wrap\">\n\t\t\t\t\t<span class=\"ion-social-windows\"><\/span>\n\t\t\t<\/div>\n\n\t<div class=\"content-wrap\">\n\n\t\t<div class=\"content-center with-full\">\n\t\t\t<div class=\"wrap\">\n\t\t\t\t<h3>Landing Page Tasar\u0131m\u0131<\/h3>\n\t\t\t\t\t\t\t\t\t<p class=\"subtitle\">\n\t\t\t\t\t\tAJANSSO\t\t\t\t\t<\/p>\n\t\t\t\t\t\t\t<\/div>\n\t\t<\/div>\n\t\t\n\t\t\t<\/div>\n\t\t\n\t\t<p class=\"description content-full\">\n\t\t\tSosyal medya veya Google Adwords gibi kaynaklar \u00fczerinde haz\u0131rlad\u0131\u011f\u0131n\u0131z reklamlar\u0131n bel kemi\u011fi olan landing page sayfan\u0131z, Ajansso kalitesiyle istedi\u011finiz sonucu alman\u0131z\u0131 sa\u011flar. SEO kriterlerine uygun \u00e7arp\u0131c\u0131 ba\u015fl\u0131klarla haz\u0131rlanan bu sayfa m\u00fc\u015fterilerinize etkile\u015fiminizi daha g\u00fc\u00e7l\u00fc k\u0131lan bir ara\u00e7t\u0131r.\t\t<\/p>\n\n\t\t\n\t\t\n<\/div><div class=\"norebro-button-sc btn-wrap text-left\" \n\tid=\"norebro-custom-69ef709fba9d5\"\n\t \n\t>\n\n\t<a href=\"https:\/\/www.ajansso.com\/tr\/tasarim-hizmetleri\/landing-page-tasarimi\/\" \n\t\tclass=\"btn  btn-outline btn-small\">\n\n\t\t\n\t\t\n\t\t<span class=\"text\">\n\t\t\tDetayl\u0131 Bilgi\t\t<\/span>\n\n\t\t\t\t\t<span class=\"icon ion-right fa fa-angle-right\"><\/span>\n\t\t\n\t\t\n\t\t\t<\/a>\n\n<\/div>[\/vc_column_inner][\/vc_row_inner][vc_row_inner][vc_column_inner width=&#8221;1\/2&#8243; css=&#8221;.vc_custom_1555942412411{margin-bottom: 80px !important;}&#8221;]<div class=\"norebro-icon-box-sc icon-box box-left\" \n\tid=\"norebro-custom-69ef709fba9f3\" \n\t \n\t>\n\n\t<div class=\"icon-wrap\">\n\t\t\t\t\t<span class=\"ion-social-android\"><\/span>\n\t\t\t<\/div>\n\n\t<div class=\"content-wrap\">\n\n\t\t<div class=\"content-center with-full\">\n\t\t\t<div class=\"wrap\">\n\t\t\t\t<h3>Grafik Tasar\u0131m<\/h3>\n\t\t\t\t\t\t\t\t\t<p class=\"subtitle\">\n\t\t\t\t\t\tAJANSSO\t\t\t\t\t<\/p>\n\t\t\t\t\t\t\t<\/div>\n\t\t<\/div>\n\t\t\n\t\t\t<\/div>\n\t\t\n\t\t<p class=\"description content-full\">\n\t\t\t\u0130ster bask\u0131 ister dijital ortamlar i\u00e7in olsun grafik tasar\u0131m alan\u0131ndaki ihtiya\u00e7lar\u0131n\u0131z en \u00fcst seviyede kar\u015f\u0131lan\u0131r. Tecr\u00fcbeli ve yarat\u0131c\u0131 grafikerlerimizin elinden \u00e7\u0131kan \u00f6zg\u00fcn tasar\u0131mlar, firman\u0131za karakter kazand\u0131r\u0131rken yeni m\u00fc\u015fterileri de size y\u00f6nlendirir.\t\t<\/p>\n\n\t\t\n\t\t\n<\/div><div class=\"norebro-button-sc btn-wrap text-left\" \n\tid=\"norebro-custom-69ef709fbaa13\"\n\t \n\t>\n\n\t<a href=\"https:\/\/www.ajansso.com\/tr\/tasarim-hizmetleri\/grafik-tasarim\/\" \n\t\tclass=\"btn  btn-outline btn-small\">\n\n\t\t\n\t\t\n\t\t<span class=\"text\">\n\t\t\tDetayl\u0131 Bilgi\t\t<\/span>\n\n\t\t\t\t\t<span class=\"icon ion-right fa fa-angle-right\"><\/span>\n\t\t\n\t\t\n\t\t\t<\/a>\n\n<\/div>[\/vc_column_inner][vc_column_inner width=&#8221;1\/2&#8243; css=&#8221;.vc_custom_1555942420702{margin-bottom: 80px !important;}&#8221;]<div class=\"norebro-icon-box-sc icon-box box-left\" \n\tid=\"norebro-custom-69ef709fbaa2e\" \n\t \n\t>\n\n\t<div class=\"icon-wrap\">\n\t\t\t\t\t<span class=\"ion-social-apple\"><\/span>\n\t\t\t<\/div>\n\n\t<div class=\"content-wrap\">\n\n\t\t<div class=\"content-center with-full\">\n\t\t\t<div class=\"wrap\">\n\t\t\t\t<h3>Logo Tasar\u0131m<\/h3>\n\t\t\t\t\t\t\t\t\t<p class=\"subtitle\">\n\t\t\t\t\t\tAJANSSO\t\t\t\t\t<\/p>\n\t\t\t\t\t\t\t<\/div>\n\t\t<\/div>\n\t\t\n\t\t\t<\/div>\n\t\t\n\t\t<p class=\"description content-full\">\n\t\t\tKal\u0131c\u0131 bir etki b\u0131rakman\u0131n en \u00f6nemli \u015fartlar\u0131ndan biri de iyi bir logoya sahip olmakt\u0131r. Markan\u0131z\u0131n imaj\u0131n\u0131 yans\u0131tmak i\u00e7in ortaya koydu\u011fumuz \u00e7\u00f6z\u00fcmler sayesinde siz de \u00f6zel bir logoya kavu\u015fabilirsiniz. Ajansso, fikirlerin g\u00fcc\u00fcne inanarak hareket eder ve logonuzu bu vizyonla tasarlar.\t\t<\/p>\n\n\t\t\n\t\t\n<\/div><div class=\"norebro-button-sc btn-wrap text-left\" \n\tid=\"norebro-custom-69ef709fbaa4a\"\n\t \n\t>\n\n\t<a href=\"https:\/\/www.ajansso.com\/tr\/tasarim-hizmetleri\/logo-tasarim\/\" \n\t\tclass=\"btn  btn-outline btn-small\">\n\n\t\t\n\t\t\n\t\t<span class=\"text\">\n\t\t\tDetayl\u0131 Bilgi\t\t<\/span>\n\n\t\t\t\t\t<span class=\"icon ion-right fa fa-angle-right\"><\/span>\n\t\t\n\t\t\n\t\t\t<\/a>\n\n<\/div>[\/vc_column_inner][\/vc_row_inner][vc_row_inner][vc_column_inner width=&#8221;1\/2&#8243;]<div class=\"norebro-icon-box-sc icon-box box-left\" \n\tid=\"norebro-custom-69ef709fbaa62\" \n\t \n\t>\n\n\t<div class=\"icon-wrap\">\n\t\t\t\t\t<span class=\"ion-social-android\"><\/span>\n\t\t\t<\/div>\n\n\t<div class=\"content-wrap\">\n\n\t\t<div class=\"content-center with-full\">\n\t\t\t<div class=\"wrap\">\n\t\t\t\t<h3>Kurumsal Kimlik Tasar\u0131m\u0131<\/h3>\n\t\t\t\t\t\t\t\t\t<p class=\"subtitle\">\n\t\t\t\t\t\tAJANSSO\t\t\t\t\t<\/p>\n\t\t\t\t\t\t\t<\/div>\n\t\t<\/div>\n\t\t\n\t\t\t<\/div>\n\t\t\n\t\t<p class=\"description content-full\">\n\t\t\tMarka yaratmak ve kal\u0131c\u0131l\u0131\u011f\u0131n\u0131 sa\u011flamak profesyonel bir i\u015ftir. Ajansso, firman\u0131z\u0131n niteliklerini ta\u015f\u0131yan tasar\u0131mlar\u0131yla sizi rekabet etti\u011finiz alanda ba\u015fka bir seviyeye ta\u015f\u0131r. Marka ad\u0131n\u0131z\u0131n yazd\u0131\u011f\u0131 her \u00fcr\u00fcn i\u00e7in renk, boyut ve dijital uyum kriterleri \u00e7er\u00e7evesinde \u00f6zel \u00e7al\u0131\u015fmalar ortaya koyar.\t\t<\/p>\n\n\t\t\n\t\t\n<\/div><div class=\"norebro-button-sc btn-wrap text-left\" \n\tid=\"norebro-custom-69ef709fbaa7d\"\n\t \n\t>\n\n\t<a href=\"https:\/\/www.ajansso.com\/tr\/tasarim-hizmetleri\/kurumsal-kimlik-tasarimi\/\" \n\t\tclass=\"btn  btn-outline btn-small\">\n\n\t\t\n\t\t\n\t\t<span class=\"text\">\n\t\t\tDetayl\u0131 Bilgi\t\t<\/span>\n\n\t\t\t\t\t<span class=\"icon ion-right fa fa-angle-right\"><\/span>\n\t\t\n\t\t\n\t\t\t<\/a>\n\n<\/div>[\/vc_column_inner][vc_column_inner width=&#8221;1\/2&#8243;][\/vc_column_inner][\/vc_row_inner][vc_empty_space height=&#8221;90px&#8221; el_class=&#8221;norebro-phone-space&#8221;][\/vc_column][\/vc_row][vc_row full_width=&#8221;stretch_row&#8221; css=&#8221;.vc_custom_1555520897733{background-color: #ff0d00 !important;}&#8221;][vc_column css=&#8221;.vc_custom_1555520187958{margin-bottom: 30px !important;}&#8221;][vc_empty_space height=&#8221;20px&#8221;]<div class=\"norebro-cta-sc call-to-action\"\n\tid=\"norebro-custom-69ef709fbaaa4\"\n\t \n\t>\n\n\t<div class=\"content-center\">\n\t\t<div class=\"wrap\">\n\t\t\t<h3 class=\"title\">\n\t\t\t\tYukar\u0131daki hizmetler hakk\u0131nda proje ihtiyac\u0131n\u0131z m\u0131 var?\t\t\t<\/h3>\n\t\t\t\t\t\t\t<p class=\"subtitle\">\n\t\t\t\t\tAjansso, ba\u015far\u0131lar\u0131n\u0131za ortak olmak i\u00e7in t\u00fcm g\u00fcc\u00fcyle \u00e7al\u0131\u015f\u0131yor.\t\t\t\t<\/p>\n\t\t\t\t\t<\/div>\n\n\t\t<div class=\"wrap\">\n\t\t\t<a href=\"https:\/\/www.ajansso.com\/tr\/iletisim\/\" \n\t\t\tclass=\"btn btn-white btn-outline\">\n\t\t\t\t\t\t\t\t\n\t\t\t\t<span class=\"text\">Yeni Bir Proje Ba\u015flat<\/span>\n\t\t\t\t\n\t\t\t\t\t\t\t\t\t<span class=\"icon fa fa-angle-right\"><\/span>\n\t\t\t\t\t\t\t<\/a>\n\t\t<\/div>\n\t<\/div>\n\n<\/div>[vc_empty_space height=&#8221;20px&#8221;][\/vc_column][\/vc_row]\n<\/div>","protected":false},"excerpt":{"rendered":"<p>[vc_row gap=&#8221;35&#8243; equal_height=&#8221;yes&#8221;][vc_column][vc_empty_space height=&#8221;50px&#8221; el_class=&#8221;norebro-phone-space&#8221;][vc_single_image image=&#8221;13581&#8243; img_size=&#8221;full&#8221;][vc_empty_space height=&#8221;50px&#8221; el_class=&#8221;norebro-phone-space&#8221;][vc_empty_space height=&#8221;50px&#8221; el_class=&#8221;norebro-phone-space&#8221;][vc_empty_space height=&#8221;30px&#8221; el_class=&#8221;norebro-phone-space&#8221;][vc_row_inner][vc_column_inner width=&#8221;1\/2&#8243;&#8230;<\/p>\n","protected":false},"author":1,"featured_media":0,"parent":0,"menu_order":0,"comment_status":"closed","ping_status":"closed","template":"","meta":{"footnotes":""},"tags":[],"class_list":["post-12979","page","type-page","status-publish","hentry"],"_links":{"self":[{"href":"https:\/\/ajansso.com\/tr\/wp-json\/wp\/v2\/pages\/12979","targetHints":{"allow":["GET"]}}],"collection":[{"href":"https:\/\/ajansso.com\/tr\/wp-json\/wp\/v2\/pages"}],"about":[{"href":"https:\/\/ajansso.com\/tr\/wp-json\/wp\/v2\/types\/page"}],"author":[{"embeddable":true,"href":"https:\/\/ajansso.com\/tr\/wp-json\/wp\/v2\/users\/1"}],"replies":[{"embeddable":true,"href":"https:\/\/ajansso.com\/tr\/wp-json\/wp\/v2\/comments?post=12979"}],"version-history":[{"count":2,"href":"https:\/\/ajansso.com\/tr\/wp-json\/wp\/v2\/pages\/12979\/revisions"}],"predecessor-version":[{"id":13833,"href":"https:\/\/ajansso.com\/tr\/wp-json\/wp\/v2\/pages\/12979\/revisions\/13833"}],"wp:attachment":[{"href":"https:\/\/ajansso.com\/tr\/wp-json\/wp\/v2\/media?parent=12979"}],"wp:term":[{"taxonomy":"post_tag","embeddable":true,"href":"https:\/\/ajansso.com\/tr\/wp-json\/wp\/v2\/tags?post=12979"}],"curies":[{"name":"wp","href":"https:\/\/api.w.org\/{rel}","templated":true}]}}