{"id":12981,"date":"2018-01-04T17:49:30","date_gmt":"2018-01-04T17:49:30","guid":{"rendered":"https:\/\/www.ajansso.com\/tr\/?page_id=12981"},"modified":"2019-04-18T19:04:27","modified_gmt":"2019-04-18T19:04:27","slug":"referanslarimiz","status":"publish","type":"page","link":"https:\/\/ajansso.com\/tr\/referanslarimiz\/","title":{"rendered":"Referanslar\u0131m\u0131z"},"content":{"rendered":"<div class=\"wpb-content-wrapper\">[vc_row][vc_column width=&#8221;1\/4&#8243;]<div class=\"norebro-client-logo-sc clients-logo text-center default\"\n\tid=\"norebro-custom-69f0c1c2c1937\"\n\t\t>\n\n\t\n\t\t\t\t\t<div class=\"first-image\">\n\t\t\t\t<img decoding=\"async\" src=\"https:\/\/ajansso.com\/tr\/wp-content\/uploads\/2019\/04\/atiker-logo.png\" alt=\"\">\n\t\t\t<\/div>\n\t\t\t<div class=\"second-image\">\n\t\t\t\t<img decoding=\"async\" src=\"https:\/\/ajansso.com\/tr\/wp-content\/uploads\/2019\/04\/atiker-logo.png\" alt=\"\">\n\t\t\t<\/div>\n\t\t\n\t\t\n\t\n<\/div>\n[\/vc_column][vc_column width=&#8221;1\/4&#8243;]<div class=\"norebro-client-logo-sc clients-logo text-center default\"\n\tid=\"norebro-custom-69f0c1c2c1d8e\"\n\t\t>\n\n\t\n\t\t\t\t\t<div class=\"first-image\">\n\t\t\t\t<img decoding=\"async\" src=\"https:\/\/ajansso.com\/tr\/wp-content\/uploads\/2019\/04\/baufens.png\" alt=\"\">\n\t\t\t<\/div>\n\t\t\t<div class=\"second-image\">\n\t\t\t\t<img decoding=\"async\" src=\"https:\/\/ajansso.com\/tr\/wp-content\/uploads\/2019\/04\/baufens.png\" alt=\"\">\n\t\t\t<\/div>\n\t\t\n\t\t\n\t\n<\/div>\n[\/vc_column][vc_column width=&#8221;1\/4&#8243;]<div class=\"norebro-client-logo-sc clients-logo text-center default\"\n\tid=\"norebro-custom-69f0c1c2c1e77\"\n\t\t>\n\n\t\n\t\t\t\t\t<div class=\"first-image\">\n\t\t\t\t<img decoding=\"async\" src=\"https:\/\/ajansso.com\/tr\/wp-content\/uploads\/2019\/04\/econova.png\" alt=\"\">\n\t\t\t<\/div>\n\t\t\t<div class=\"second-image\">\n\t\t\t\t<img decoding=\"async\" src=\"https:\/\/ajansso.com\/tr\/wp-content\/uploads\/2019\/04\/econova.png\" alt=\"\">\n\t\t\t<\/div>\n\t\t\n\t\t\n\t\n<\/div>\n[\/vc_column][vc_column width=&#8221;1\/4&#8243;]<div class=\"norebro-client-logo-sc clients-logo text-center default\"\n\tid=\"norebro-custom-69f0c1c2c1f44\"\n\t\t>\n\n\t\n\t\t\t\t\t<div class=\"first-image\">\n\t\t\t\t<img decoding=\"async\" src=\"https:\/\/ajansso.com\/tr\/wp-content\/uploads\/2019\/04\/energia-alliance.png\" alt=\"\">\n\t\t\t<\/div>\n\t\t\t<div class=\"second-image\">\n\t\t\t\t<img decoding=\"async\" src=\"https:\/\/ajansso.com\/tr\/wp-content\/uploads\/2019\/04\/energia-alliance.png\" alt=\"\">\n\t\t\t<\/div>\n\t\t\n\t\t\n\t\n<\/div>\n[\/vc_column][\/vc_row][vc_row][vc_column width=&#8221;1\/4&#8243;]<div class=\"norebro-client-logo-sc clients-logo text-center default\"\n\tid=\"norebro-custom-69f0c1c2c203e\"\n\t\t>\n\n\t\n\t\t\t\t\t<div class=\"first-image\">\n\t\t\t\t<img decoding=\"async\" src=\"https:\/\/ajansso.com\/tr\/wp-content\/uploads\/2019\/04\/energia-fuel.png\" alt=\"\">\n\t\t\t<\/div>\n\t\t\t<div class=\"second-image\">\n\t\t\t\t<img decoding=\"async\" src=\"https:\/\/ajansso.com\/tr\/wp-content\/uploads\/2019\/04\/energia-fuel.png\" alt=\"\">\n\t\t\t<\/div>\n\t\t\n\t\t\n\t\n<\/div>\n[\/vc_column][vc_column width=&#8221;1\/4&#8243;]<div class=\"norebro-client-logo-sc clients-logo text-center default\"\n\tid=\"norebro-custom-69f0c1c2c2109\"\n\t\t>\n\n\t\n\t\t\t\t\t<div class=\"first-image\">\n\t\t\t\t<img decoding=\"async\" src=\"https:\/\/ajansso.com\/tr\/wp-content\/uploads\/2019\/04\/energia-italy.png\" alt=\"\">\n\t\t\t<\/div>\n\t\t\t<div class=\"second-image\">\n\t\t\t\t<img decoding=\"async\" src=\"https:\/\/ajansso.com\/tr\/wp-content\/uploads\/2019\/04\/energia-italy.png\" alt=\"\">\n\t\t\t<\/div>\n\t\t\n\t\t\n\t\n<\/div>\n[\/vc_column][vc_column width=&#8221;1\/4&#8243;]<div class=\"norebro-client-logo-sc clients-logo text-center default\"\n\tid=\"norebro-custom-69f0c1c2c21ca\"\n\t\t>\n\n\t\n\t\t\t\t\t<div class=\"first-image\">\n\t\t\t\t<img decoding=\"async\" src=\"https:\/\/ajansso.com\/tr\/wp-content\/uploads\/2019\/04\/gulseren-park.png\" alt=\"\">\n\t\t\t<\/div>\n\t\t\t<div class=\"second-image\">\n\t\t\t\t<img decoding=\"async\" src=\"https:\/\/ajansso.com\/tr\/wp-content\/uploads\/2019\/04\/gulseren-park.png\" alt=\"\">\n\t\t\t<\/div>\n\t\t\n\t\t\n\t\n<\/div>\n[\/vc_column][vc_column width=&#8221;1\/4&#8243;]<div class=\"norebro-client-logo-sc clients-logo text-center default\"\n\tid=\"norebro-custom-69f0c1c2c2299\"\n\t\t>\n\n\t\n\t\t\t\t\t<div class=\"first-image\">\n\t\t\t\t<img decoding=\"async\" src=\"https:\/\/ajansso.com\/tr\/wp-content\/uploads\/2019\/04\/kotas-logo.png\" alt=\"\">\n\t\t\t<\/div>\n\t\t\t<div class=\"second-image\">\n\t\t\t\t<img decoding=\"async\" src=\"https:\/\/ajansso.com\/tr\/wp-content\/uploads\/2019\/04\/kotas-logo.png\" alt=\"\">\n\t\t\t<\/div>\n\t\t\n\t\t\n\t\n<\/div>\n[\/vc_column][\/vc_row][vc_row][vc_column width=&#8221;1\/4&#8243;]<div class=\"norebro-client-logo-sc clients-logo text-center default\"\n\tid=\"norebro-custom-69f0c1c2c2362\"\n\t\t>\n\n\t\n\t\t\t\t\t<div class=\"first-image\">\n\t\t\t\t<img decoding=\"async\" src=\"https:\/\/ajansso.com\/tr\/wp-content\/uploads\/2019\/04\/otto-alliance.png\" alt=\"\">\n\t\t\t<\/div>\n\t\t\t<div class=\"second-image\">\n\t\t\t\t<img decoding=\"async\" src=\"https:\/\/ajansso.com\/tr\/wp-content\/uploads\/2019\/04\/otto-alliance.png\" alt=\"\">\n\t\t\t<\/div>\n\t\t\n\t\t\n\t\n<\/div>\n[\/vc_column][vc_column width=&#8221;1\/4&#8243;]<div class=\"norebro-client-logo-sc clients-logo text-center default\"\n\tid=\"norebro-custom-69f0c1c2c2423\"\n\t\t>\n\n\t\n\t\t\t\t\t<div class=\"first-image\">\n\t\t\t\t<img decoding=\"async\" src=\"https:\/\/ajansso.com\/tr\/wp-content\/uploads\/2019\/04\/print-m.png\" alt=\"\">\n\t\t\t<\/div>\n\t\t\t<div class=\"second-image\">\n\t\t\t\t<img decoding=\"async\" src=\"https:\/\/ajansso.com\/tr\/wp-content\/uploads\/2019\/04\/print-m.png\" alt=\"\">\n\t\t\t<\/div>\n\t\t\n\t\t\n\t\n<\/div>\n[\/vc_column][vc_column width=&#8221;1\/4&#8243;]<div class=\"norebro-client-logo-sc clients-logo text-center default\"\n\tid=\"norebro-custom-69f0c1c2c250b\"\n\t\t>\n\n\t\n\t\t\t\t\t<div class=\"first-image\">\n\t\t\t\t<img decoding=\"async\" src=\"https:\/\/ajansso.com\/tr\/wp-content\/uploads\/2019\/04\/teknotel.png\" alt=\"\">\n\t\t\t<\/div>\n\t\t\t<div class=\"second-image\">\n\t\t\t\t<img decoding=\"async\" src=\"https:\/\/ajansso.com\/tr\/wp-content\/uploads\/2019\/04\/teknotel.png\" alt=\"\">\n\t\t\t<\/div>\n\t\t\n\t\t\n\t\n<\/div>\n[\/vc_column][vc_column width=&#8221;1\/4&#8243;]<div class=\"norebro-client-logo-sc clients-logo text-center default\"\n\tid=\"norebro-custom-69f0c1c2c25e2\"\n\t\t>\n\n\t\n\t\t\t\t\t<div class=\"first-image\">\n\t\t\t\t<img decoding=\"async\" src=\"https:\/\/ajansso.com\/tr\/wp-content\/uploads\/2019\/04\/troy-pilates.png\" alt=\"\">\n\t\t\t<\/div>\n\t\t\t<div class=\"second-image\">\n\t\t\t\t<img decoding=\"async\" src=\"https:\/\/ajansso.com\/tr\/wp-content\/uploads\/2019\/04\/troy-pilates.png\" alt=\"\">\n\t\t\t<\/div>\n\t\t\n\t\t\n\t\n<\/div>\n[\/vc_column][\/vc_row][vc_row full_width=&#8221;stretch_row&#8221; css=&#8221;.vc_custom_1555614350839{background-color: #ff0d00 !important;}&#8221; side_background_title_color=&#8221;brand&#8221;][vc_column css=&#8221;.vc_custom_1555613768271{margin-bottom: 30px !important;}&#8221;][vc_empty_space height=&#8221;20px&#8221;]<div class=\"norebro-cta-sc call-to-action\"\n\tid=\"norebro-custom-69f0c1c2c2624\"\n\t \n\t>\n\n\t<div class=\"content-center\">\n\t\t<div class=\"wrap\">\n\t\t\t<h3 class=\"title\">\n\t\t\t\t\u0130htiya\u00e7lar\u0131n\u0131z\u0131 derinlemesine inceliyor, \u00e7\u00f6z\u00fcmler \u00fcretiyoruz.\t\t\t<\/h3>\n\t\t\t\t\t\t\t<p class=\"subtitle\">\n\t\t\t\t\tAjansso, ba\u015far\u0131lar\u0131n\u0131za ortak olmak i\u00e7in t\u00fcm g\u00fcc\u00fcyle \u00e7al\u0131\u015f\u0131yor.\t\t\t\t<\/p>\n\t\t\t\t\t<\/div>\n\n\t\t<div class=\"wrap\">\n\t\t\t<a href=\"https:\/\/www.ajansso.com\/tr\/iletisim\/\" \n\t\t\tclass=\"btn btn-white btn-outline\">\n\t\t\t\t\t\t\t\t\n\t\t\t\t<span class=\"text\">Yeni Bir Proje Ba\u015flat<\/span>\n\t\t\t\t\n\t\t\t\t\t\t\t\t\t<span class=\"icon fa fa-angle-right\"><\/span>\n\t\t\t\t\t\t\t<\/a>\n\t\t<\/div>\n\t<\/div>\n\n<\/div>[vc_empty_space height=&#8221;20px&#8221;][\/vc_column][\/vc_row]\n<\/div>","protected":false},"excerpt":{"rendered":"<p>[vc_row][vc_column width=&#8221;1\/4&#8243;][\/vc_column][vc_column width=&#8221;1\/4&#8243;][\/vc_column][vc_column width=&#8221;1\/4&#8243;][\/vc_column][vc_column width=&#8221;1\/4&#8243;][\/vc_column][\/vc_row][vc_row][vc_column width=&#8221;1\/4&#8243;][\/vc_column][vc_column width=&#8221;1\/4&#8243;][\/vc_column][vc_column width=&#8221;1\/4&#8243;][\/vc_column][vc_column width=&#8221;1\/4&#8243;][\/vc_column][\/vc_row][vc_row][vc_column width=&#8221;1\/4&#8243;][\/vc_column][vc_column width=&#8221;1\/4&#8243;][\/vc_column][vc_column width=&#8221;1\/4&#8243;][\/vc_column][vc_column width=&#8221;1\/4&#8243;][\/vc_column][\/vc_row][vc_row full_width=&#8221;stretch_row&#8221;&#8230;<\/p>\n","protected":false},"author":1,"featured_media":0,"parent":0,"menu_order":0,"comment_status":"closed","ping_status":"closed","template":"","meta":{"footnotes":""},"tags":[],"class_list":["post-12981","page","type-page","status-publish","hentry"],"_links":{"self":[{"href":"https:\/\/ajansso.com\/tr\/wp-json\/wp\/v2\/pages\/12981","targetHints":{"allow":["GET"]}}],"collection":[{"href":"https:\/\/ajansso.com\/tr\/wp-json\/wp\/v2\/pages"}],"about":[{"href":"https:\/\/ajansso.com\/tr\/wp-json\/wp\/v2\/types\/page"}],"author":[{"embeddable":true,"href":"https:\/\/ajansso.com\/tr\/wp-json\/wp\/v2\/users\/1"}],"replies":[{"embeddable":true,"href":"https:\/\/ajansso.com\/tr\/wp-json\/wp\/v2\/comments?post=12981"}],"version-history":[{"count":0,"href":"https:\/\/ajansso.com\/tr\/wp-json\/wp\/v2\/pages\/12981\/revisions"}],"wp:attachment":[{"href":"https:\/\/ajansso.com\/tr\/wp-json\/wp\/v2\/media?parent=12981"}],"wp:term":[{"taxonomy":"post_tag","embeddable":true,"href":"https:\/\/ajansso.com\/tr\/wp-json\/wp\/v2\/tags?post=12981"}],"curies":[{"name":"wp","href":"https:\/\/api.w.org\/{rel}","templated":true}]}}