{"id":13208,"date":"2018-01-07T23:44:17","date_gmt":"2018-01-07T23:44:17","guid":{"rendered":"https:\/\/www.ajansso.com\/tr\/?page_id=13208"},"modified":"2019-04-19T14:12:39","modified_gmt":"2019-04-19T14:12:39","slug":"seo-hizmeti-ve-danismanligi","status":"publish","type":"page","link":"https:\/\/ajansso.com\/tr\/dijital-pazarlama-cozumleri\/seo-hizmeti-ve-danismanligi\/","title":{"rendered":"SEO Hizmeti ve Dan\u0131\u015fmanl\u0131\u011f\u0131"},"content":{"rendered":"<div class=\"wpb-content-wrapper\">[vc_row gap=&#8221;35&#8243; equal_height=&#8221;yes&#8221;][vc_column][vc_empty_space height=&#8221;50px&#8221; el_class=&#8221;norebro-phone-space&#8221;][vc_single_image image=&#8221;13596&#8243; img_size=&#8221;full&#8221;][vc_empty_space height=&#8221;50px&#8221; el_class=&#8221;norebro-phone-space&#8221;]<div class=\"norebro-heading-sc heading text-left\"\n\tid=\"norebro-custom-69ef6c3367369\" \n\t data-aos=\"fade-left\" \n\t data-aos-duration=\"600\">\n\t\n\t\n\t\n\t<h3 class=\"title\">\n\t\tDijital Pazarlama \u00c7\u00f6z\u00fcmleri\t<\/h3>\n\n\t\n\t\t\t<p class=\"subtitle\">\n\t\t\t\t\t<\/p>\n\t\t\n<\/div><div class=\"norebro-heading-sc heading text-left\"\n\tid=\"norebro-custom-69ef6c33673ac\" \n\t data-aos=\"fade-left\" \n\t data-aos-duration=\"600\">\n\t\n\t\n\t\n\t<h3 class=\"title\">\n\t\tSEO Hizmeti ve Dan\u0131\u015fmanl\u0131\u011f\u0131\t<\/h3>\n\n\t\n\t\t\t<p class=\"subtitle\">\n\t\t\t\t\t<\/p>\n\t\t\n<\/div><div class=\"norebro-text-sc \" \n\tid=\"norebro-custom-69ef6c33673ce\" \n\t \n\t>\n\n\t<p>Firman\u0131z\u0131n dijital pazarlama stratejisinin en \u00f6nemli aya\u011f\u0131 olan SEO (Arama Motoru Optimizasyonu) \u00e7al\u0131\u015fmalar\u0131, Ajansso\u2019nun usta ellerinde verimlili\u011fe ve gelire d\u00f6n\u00fc\u015f\u00fcyor. Sizin i\u00e7in sekt\u00f6rel rekabet analizini de ger\u00e7ekle\u015ftirerek olu\u015fturdu\u011fumuz plan, hem ziyaret\u00e7ilerinizin arad\u0131\u011f\u0131n\u0131 bulmas\u0131n\u0131 hem de arama motorlar\u0131n\u0131n sitenizi daha \u00e7ok sevmesini sa\u011fl\u0131yor.<\/p>\n\t\n<\/div>[vc_separator color=&#8221;custom&#8221; border_width=&#8221;2&#8243; css=&#8221;.vc_custom_1515368849756{padding-top: 30px !important;padding-bottom: 30px !important;}&#8221; accent_color=&#8221;#ff0d00&#8243;]<div class=\"norebro-text-sc \" \n\tid=\"norebro-custom-69ef6c33673f5\" \n\t \n\t>\n\n\t<p><strong>Organik ve Uzun S\u00fcreli<\/strong><\/p>\n<p>SEO, titiz \u00e7al\u0131\u015fan ve ne yapt\u0131\u011f\u0131n\u0131 iyi bilen ki\u015filer taraf\u0131ndan uygulanmas\u0131 gereken bir dijital pazarlama y\u00f6ntemidir. Ajansso, d\u00fcnyada ya\u015fanan geli\u015fmeleri yak\u0131ndan takip eder ve g\u00fcncel algoritmalar \u0131\u015f\u0131\u011f\u0131nda size uzun vadeli etkin \u00e7\u00f6z\u00fcmler \u00fcretir.<\/p>\n<p>Web sitenizin do\u011fru kodlanmas\u0131, i\u00e7erik trendlerinin takip edilerek uygulanmas\u0131 ve geni\u015f bir a\u011fa yay\u0131larak organik geri d\u00f6n\u00fc\u015fler olu\u015fturulmas\u0131 Ajansso\u2019nun bu alandaki \u00e7al\u0131\u015fmalar\u0131n\u0131n temelini olu\u015fturur.<\/p>\n<p>M\u00fc\u015fterilerimize ger\u00e7ek\u00e7i hedefler \u00e7izerek \u015feffaf bir rapor sundu\u011fumuz bu alan sayesinde arama motorlar\u0131nda kal\u0131c\u0131 bir yeriniz olmas\u0131 ka\u00e7\u0131n\u0131lmaz. Ajansso, daha yukar\u0131 s\u0131\u00e7ramak isteyenlerin tercihidir.<\/p>\n\t\n<\/div>[vc_empty_space height=&#8221;50px&#8221; el_class=&#8221;norebro-phone-space&#8221;][\/vc_column][\/vc_row][vc_row full_width=&#8221;stretch_row&#8221; css=&#8221;.vc_custom_1555520897733{background-color: #ff0d00 !important;}&#8221;][vc_column css=&#8221;.vc_custom_1555520187958{margin-bottom: 30px !important;}&#8221;][vc_empty_space height=&#8221;20px&#8221;]<div class=\"norebro-cta-sc call-to-action\"\n\tid=\"norebro-custom-69ef6c3367430\"\n\t \n\t>\n\n\t<div class=\"content-center\">\n\t\t<div class=\"wrap\">\n\t\t\t<h3 class=\"title\">\n\t\t\t\tYukar\u0131daki hizmet hakk\u0131nda proje ihtiyac\u0131n\u0131z m\u0131 var?\t\t\t<\/h3>\n\t\t\t\t\t\t\t<p class=\"subtitle\">\n\t\t\t\t\tAjansso, ba\u015far\u0131lar\u0131n\u0131za ortak olmak i\u00e7in t\u00fcm g\u00fcc\u00fcyle \u00e7al\u0131\u015f\u0131yor.\t\t\t\t<\/p>\n\t\t\t\t\t<\/div>\n\n\t\t<div class=\"wrap\">\n\t\t\t<a href=\"https:\/\/www.ajansso.com\/tr\/iletisim\/\" \n\t\t\tclass=\"btn btn-white btn-outline\">\n\t\t\t\t\t\t\t\t\n\t\t\t\t<span class=\"text\">Yeni Bir Proje Ba\u015flat<\/span>\n\t\t\t\t\n\t\t\t\t\t\t\t\t\t<span class=\"icon fa fa-angle-right\"><\/span>\n\t\t\t\t\t\t\t<\/a>\n\t\t<\/div>\n\t<\/div>\n\n<\/div>[vc_empty_space height=&#8221;20px&#8221;][\/vc_column][\/vc_row]\n<\/div>","protected":false},"excerpt":{"rendered":"<p>[vc_row gap=&#8221;35&#8243; equal_height=&#8221;yes&#8221;][vc_column][vc_empty_space height=&#8221;50px&#8221; el_class=&#8221;norebro-phone-space&#8221;][vc_single_image image=&#8221;13596&#8243; img_size=&#8221;full&#8221;][vc_empty_space height=&#8221;50px&#8221; el_class=&#8221;norebro-phone-space&#8221;][vc_separator color=&#8221;custom&#8221; border_width=&#8221;2&#8243; css=&#8221;.vc_custom_1515368849756{padding-top: 30px !important;padding-bottom:&#8230;<\/p>\n","protected":false},"author":1,"featured_media":0,"parent":12973,"menu_order":0,"comment_status":"closed","ping_status":"closed","template":"","meta":{"footnotes":""},"tags":[],"class_list":["post-13208","page","type-page","status-publish","hentry"],"_links":{"self":[{"href":"https:\/\/ajansso.com\/tr\/wp-json\/wp\/v2\/pages\/13208","targetHints":{"allow":["GET"]}}],"collection":[{"href":"https:\/\/ajansso.com\/tr\/wp-json\/wp\/v2\/pages"}],"about":[{"href":"https:\/\/ajansso.com\/tr\/wp-json\/wp\/v2\/types\/page"}],"author":[{"embeddable":true,"href":"https:\/\/ajansso.com\/tr\/wp-json\/wp\/v2\/users\/1"}],"replies":[{"embeddable":true,"href":"https:\/\/ajansso.com\/tr\/wp-json\/wp\/v2\/comments?post=13208"}],"version-history":[{"count":0,"href":"https:\/\/ajansso.com\/tr\/wp-json\/wp\/v2\/pages\/13208\/revisions"}],"up":[{"embeddable":true,"href":"https:\/\/ajansso.com\/tr\/wp-json\/wp\/v2\/pages\/12973"}],"wp:attachment":[{"href":"https:\/\/ajansso.com\/tr\/wp-json\/wp\/v2\/media?parent=13208"}],"wp:term":[{"taxonomy":"post_tag","embeddable":true,"href":"https:\/\/ajansso.com\/tr\/wp-json\/wp\/v2\/tags?post=13208"}],"curies":[{"name":"wp","href":"https:\/\/api.w.org\/{rel}","templated":true}]}}