{"id":13227,"date":"2018-01-08T00:03:57","date_gmt":"2018-01-08T00:03:57","guid":{"rendered":"https:\/\/www.ajansso.com\/tr\/?page_id=13227"},"modified":"2019-04-19T14:05:13","modified_gmt":"2019-04-19T14:05:13","slug":"dijital-pazarlama","status":"publish","type":"page","link":"https:\/\/ajansso.com\/tr\/dijital-pazarlama-cozumleri\/dijital-pazarlama\/","title":{"rendered":"Dijital Pazarlama"},"content":{"rendered":"<div class=\"wpb-content-wrapper\">[vc_row gap=&#8221;35&#8243; equal_height=&#8221;yes&#8221;][vc_column][vc_empty_space height=&#8221;50px&#8221; el_class=&#8221;norebro-phone-space&#8221;][vc_single_image image=&#8221;13606&#8243; img_size=&#8221;full&#8221;][vc_empty_space height=&#8221;50px&#8221; el_class=&#8221;norebro-phone-space&#8221;]<div class=\"norebro-heading-sc heading text-left\"\n\tid=\"norebro-custom-69ef6fe1d791a\" \n\t data-aos=\"fade-left\" \n\t data-aos-duration=\"600\">\n\t\n\t\n\t\n\t<h3 class=\"title\">\n\t\tDijital Pazarlama \u00c7\u00f6z\u00fcmleri\t<\/h3>\n\n\t\n\t\t\t<p class=\"subtitle\">\n\t\t\t\t\t<\/p>\n\t\t\n<\/div><div class=\"norebro-heading-sc heading text-left\"\n\tid=\"norebro-custom-69ef6fe1d797f\" \n\t data-aos=\"fade-left\" \n\t data-aos-duration=\"600\">\n\t\n\t\n\t\n\t<h3 class=\"title\">\n\t\tDijital Pazarlama\t<\/h3>\n\n\t\n\t\t\t<p class=\"subtitle\">\n\t\t\t\t\t<\/p>\n\t\t\n<\/div><div class=\"norebro-text-sc \" \n\tid=\"norebro-custom-69ef6fe1d79a4\" \n\t \n\t>\n\n\t<p>Pazarlaman\u0131n d\u00f6n\u00fc\u015f\u00fcm\u00fcne seyirci kalmamak i\u00e7in siz de Ajansso\u2019yu se\u00e7in! T\u00fcm d\u00fcnya mobil cihazlar ve giderek yayg\u0131nla\u015fan sanal a\u011f sayesinde ihtiya\u00e7lar\u0131 i\u00e7in birincil \u00e7\u00f6z\u00fcm\u00fc internette arar hale geldi. Dolay\u0131s\u0131yla firmalar\u0131n pazarlama alan\u0131 da de\u011fi\u015fti.<\/p>\n\t\n<\/div>[vc_separator color=&#8221;custom&#8221; border_width=&#8221;2&#8243; css=&#8221;.vc_custom_1515368849756{padding-top: 30px !important;padding-bottom: 30px !important;}&#8221; accent_color=&#8221;#ff0d00&#8243;]<div class=\"norebro-text-sc \" \n\tid=\"norebro-custom-69ef6fe1d79d7\" \n\t \n\t>\n\n\t<p>MCM ad\u0131 verilen \u00e7ok kanall\u0131 pazarlaman\u0131n temel unsurlar\u0131ndan biri olan dijital pazarlama, uzmanlar taraf\u0131ndan verilen dan\u0131\u015fmanl\u0131k hizmetiyle k\u0131sa ve orta vadede \u00e7ok etkili geri d\u00f6n\u00fc\u015fler alman\u0131z\u0131 sa\u011flar. Bunun i\u00e7in kullan\u0131c\u0131 al\u0131\u015fkanl\u0131klar\u0131n\u0131n \u00e7ok iyi analiz edilmesi ve firman\u0131n rekabet alan\u0131n\u0131n do\u011fru alg\u0131lanmas\u0131 gerekir. Ajansso size y\u0131llar\u0131n verdi\u011fi \u00f6zg\u00fcven ve tecr\u00fcbeyle hizmet sunar ve tam bir dijital yol arkada\u015f\u0131 olur.<\/p>\n<p>&nbsp;<\/p>\n<p><strong>\u0130nteraktif Etkile\u015fim, % 100 Reel \u00c7\u00f6z\u00fcm<\/strong><\/p>\n<p>Ajansso dijital pazarlama dan\u0131\u015fmanl\u0131\u011f\u0131 hizmeti verdi\u011fi m\u00fc\u015fterilerine \u00e7ok y\u00f6nl\u00fc bir stratejik plan haz\u0131rlar. Anketler, hedef kitleye \u00f6zg\u00fc reklamlar, native i\u00e7erikler ve sosyal medya kanal\u0131yla bu stratejisini zenginle\u015ftirir.<\/p>\n<p>Bizimle \u00e7al\u0131\u015f\u0131rsan\u0131z her zaman dilimi i\u00e7in nas\u0131l bir plan\u0131m\u0131z oldu\u011funu \u015feffaf bir \u015fekilde g\u00f6r\u00fcr ve neyi ne ama\u00e7la yapt\u0131\u011f\u0131m\u0131z\u0131 bilirsiniz. Ajansso, g\u00fcven ve niteli\u011fin birlikte geli\u015ftirdi\u011fi \u00e7\u00f6z\u00fcmlerle hizmet sunar.<\/p>\n\t\n<\/div>[vc_empty_space height=&#8221;50px&#8221; el_class=&#8221;norebro-phone-space&#8221;][\/vc_column][\/vc_row][vc_row full_width=&#8221;stretch_row&#8221; css=&#8221;.vc_custom_1555520897733{background-color: #ff0d00 !important;}&#8221;][vc_column css=&#8221;.vc_custom_1555520187958{margin-bottom: 30px !important;}&#8221;][vc_empty_space height=&#8221;20px&#8221;]<div class=\"norebro-cta-sc call-to-action\"\n\tid=\"norebro-custom-69ef6fe1d7a15\"\n\t \n\t>\n\n\t<div class=\"content-center\">\n\t\t<div class=\"wrap\">\n\t\t\t<h3 class=\"title\">\n\t\t\t\tYukar\u0131daki hizmet hakk\u0131nda proje ihtiyac\u0131n\u0131z m\u0131 var?\t\t\t<\/h3>\n\t\t\t\t\t\t\t<p class=\"subtitle\">\n\t\t\t\t\tAjansso, ba\u015far\u0131lar\u0131n\u0131za ortak olmak i\u00e7in t\u00fcm g\u00fcc\u00fcyle \u00e7al\u0131\u015f\u0131yor.\t\t\t\t<\/p>\n\t\t\t\t\t<\/div>\n\n\t\t<div class=\"wrap\">\n\t\t\t<a href=\"https:\/\/www.ajansso.com\/tr\/iletisim\/\" \n\t\t\tclass=\"btn btn-white btn-outline\">\n\t\t\t\t\t\t\t\t\n\t\t\t\t<span class=\"text\">Yeni Bir Proje Ba\u015flat<\/span>\n\t\t\t\t\n\t\t\t\t\t\t\t\t\t<span class=\"icon fa fa-angle-right\"><\/span>\n\t\t\t\t\t\t\t<\/a>\n\t\t<\/div>\n\t<\/div>\n\n<\/div>[vc_empty_space height=&#8221;20px&#8221;][\/vc_column][\/vc_row]\n<\/div>","protected":false},"excerpt":{"rendered":"<p>[vc_row gap=&#8221;35&#8243; equal_height=&#8221;yes&#8221;][vc_column][vc_empty_space height=&#8221;50px&#8221; el_class=&#8221;norebro-phone-space&#8221;][vc_single_image image=&#8221;13606&#8243; img_size=&#8221;full&#8221;][vc_empty_space height=&#8221;50px&#8221; el_class=&#8221;norebro-phone-space&#8221;][vc_separator color=&#8221;custom&#8221; border_width=&#8221;2&#8243; css=&#8221;.vc_custom_1515368849756{padding-top: 30px !important;padding-bottom:&#8230;<\/p>\n","protected":false},"author":1,"featured_media":0,"parent":12973,"menu_order":0,"comment_status":"closed","ping_status":"closed","template":"","meta":{"footnotes":""},"tags":[],"class_list":["post-13227","page","type-page","status-publish","hentry"],"_links":{"self":[{"href":"https:\/\/ajansso.com\/tr\/wp-json\/wp\/v2\/pages\/13227","targetHints":{"allow":["GET"]}}],"collection":[{"href":"https:\/\/ajansso.com\/tr\/wp-json\/wp\/v2\/pages"}],"about":[{"href":"https:\/\/ajansso.com\/tr\/wp-json\/wp\/v2\/types\/page"}],"author":[{"embeddable":true,"href":"https:\/\/ajansso.com\/tr\/wp-json\/wp\/v2\/users\/1"}],"replies":[{"embeddable":true,"href":"https:\/\/ajansso.com\/tr\/wp-json\/wp\/v2\/comments?post=13227"}],"version-history":[{"count":0,"href":"https:\/\/ajansso.com\/tr\/wp-json\/wp\/v2\/pages\/13227\/revisions"}],"up":[{"embeddable":true,"href":"https:\/\/ajansso.com\/tr\/wp-json\/wp\/v2\/pages\/12973"}],"wp:attachment":[{"href":"https:\/\/ajansso.com\/tr\/wp-json\/wp\/v2\/media?parent=13227"}],"wp:term":[{"taxonomy":"post_tag","embeddable":true,"href":"https:\/\/ajansso.com\/tr\/wp-json\/wp\/v2\/tags?post=13227"}],"curies":[{"name":"wp","href":"https:\/\/api.w.org\/{rel}","templated":true}]}}