{"id":13231,"date":"2018-01-08T00:04:41","date_gmt":"2018-01-08T00:04:41","guid":{"rendered":"https:\/\/www.ajansso.com\/tr\/?page_id=13231"},"modified":"2019-04-19T13:48:10","modified_gmt":"2019-04-19T13:48:10","slug":"arama-motoru-pazarlamasi-sem","status":"publish","type":"page","link":"https:\/\/ajansso.com\/tr\/dijital-pazarlama-cozumleri\/arama-motoru-pazarlamasi-sem\/","title":{"rendered":"Arama Motoru Pazarlamas\u0131 (SEM)"},"content":{"rendered":"<div class=\"wpb-content-wrapper\">[vc_row gap=&#8221;35&#8243; equal_height=&#8221;yes&#8221;][vc_column][vc_empty_space height=&#8221;50px&#8221; el_class=&#8221;norebro-phone-space&#8221;][vc_single_image image=&#8221;13604&#8243; img_size=&#8221;full&#8221;][vc_empty_space height=&#8221;50px&#8221; el_class=&#8221;norebro-phone-space&#8221;]<div class=\"norebro-heading-sc heading text-left\"\n\tid=\"norebro-custom-69ef7030b0ebf\" \n\t data-aos=\"fade-left\" \n\t data-aos-duration=\"600\">\n\t\n\t\n\t\n\t<h3 class=\"title\">\n\t\tDijital Pazarlama \u00c7\u00f6z\u00fcmleri\t<\/h3>\n\n\t\n\t\t\t<p class=\"subtitle\">\n\t\t\t\t\t<\/p>\n\t\t\n<\/div><div class=\"norebro-heading-sc heading text-left\"\n\tid=\"norebro-custom-69ef7030b0f23\" \n\t data-aos=\"fade-left\" \n\t data-aos-duration=\"600\">\n\t\n\t\n\t\n\t<h3 class=\"title\">\n\t\tArama Motoru Pazarlamas\u0131 (SEM)\t<\/h3>\n\n\t\n\t\t\t<p class=\"subtitle\">\n\t\t\t\t\t<\/p>\n\t\t\n<\/div><div class=\"norebro-text-sc \" \n\tid=\"norebro-custom-69ef7030b0f47\" \n\t \n\t>\n\n\t<p>Search Engine Management, yani Arama Motor Pazarlamas\u0131, firman\u0131z\u0131n, tekil bir \u00fcr\u00fcn\u00fcn\u00fcz\u00fcn ya da d\u00fczenledi\u011fini bir kampanyan\u0131n Google, Yandex vb arama motorlar\u0131nda sponsorlu olarak g\u00f6sterilmesi i\u015flemi olarak tan\u0131mlanabilir.<\/p>\n\t\n<\/div>[vc_separator color=&#8221;custom&#8221; border_width=&#8221;2&#8243; css=&#8221;.vc_custom_1515368849756{padding-top: 30px !important;padding-bottom: 30px !important;}&#8221; accent_color=&#8221;#ff0d00&#8243;]<div class=\"norebro-text-sc \" \n\tid=\"norebro-custom-69ef7030b0f7b\" \n\t \n\t>\n\n\t<p>Ajansso, firman\u0131z ad\u0131na bu pazarlaman\u0131n stratejilerini belirleme, i\u00e7erik olu\u015fturma ve hesaplar\u0131n\u0131 takip etme gibi i\u015flemleri y\u00fcr\u00fcterek profesyonel bir destek sa\u011flar. Bu sayede zamandan tasarruf etmenizin yan\u0131nda stratejinizden en iyi verimi de alm\u0131\u015f olursunuz.<\/p>\n<p>&nbsp;<\/p>\n<p><strong>\u0130htiyac\u0131n\u0131za Uygun SEM Uygulamalar\u0131 Ajansso\u2019da<\/strong><\/p>\n<p>SEM, geni\u015f bir a\u011f \u00fczerinde \u00e7al\u0131\u015fma imkan\u0131 veren bir uygulamalar b\u00fct\u00fcn\u00fcd\u00fcr. Youtube reklamlar\u0131, arama sayfalar\u0131nda \u00f6n s\u0131ralarda yer alma, GDN ad\u0131 verilen g\u00f6r\u00fcnt\u00fcl\u00fc Google reklamlar\u0131 ve sponsorlu ba\u011flant\u0131lar gibi farkl\u0131 se\u00e7enekleri i\u00e7erir.<\/p>\n<p>Biz, uygun anahtar kelime ve hedef kitle belirlemekten ba\u015flayarak verilen reklamlara olan geri d\u00f6n\u00fc\u015f\u00fcn raporlanmas\u0131na kadar uzana s\u00fcre\u00e7te yan\u0131n\u0131zday\u0131z. Firman\u0131z i\u00e7in en uygun olan y\u00f6ntemleri belirleyip b\u00fct\u00e7eniz oran\u0131nda bir plan haz\u0131rlamak, Ajansso\u2019nun uzmanl\u0131k alan\u0131d\u0131r.<\/p>\n\t\n<\/div>[vc_empty_space height=&#8221;50px&#8221; el_class=&#8221;norebro-phone-space&#8221;][\/vc_column][\/vc_row][vc_row full_width=&#8221;stretch_row&#8221; css=&#8221;.vc_custom_1555520897733{background-color: #ff0d00 !important;}&#8221;][vc_column css=&#8221;.vc_custom_1555520187958{margin-bottom: 30px !important;}&#8221;][vc_empty_space height=&#8221;20px&#8221;]<div class=\"norebro-cta-sc call-to-action\"\n\tid=\"norebro-custom-69ef7030b0fc4\"\n\t \n\t>\n\n\t<div class=\"content-center\">\n\t\t<div class=\"wrap\">\n\t\t\t<h3 class=\"title\">\n\t\t\t\tYukar\u0131daki hizmet hakk\u0131nda proje ihtiyac\u0131n\u0131z m\u0131 var?\t\t\t<\/h3>\n\t\t\t\t\t\t\t<p class=\"subtitle\">\n\t\t\t\t\tAjansso, ba\u015far\u0131lar\u0131n\u0131za ortak olmak i\u00e7in t\u00fcm g\u00fcc\u00fcyle \u00e7al\u0131\u015f\u0131yor.\t\t\t\t<\/p>\n\t\t\t\t\t<\/div>\n\n\t\t<div class=\"wrap\">\n\t\t\t<a href=\"https:\/\/www.ajansso.com\/tr\/iletisim\/\" \n\t\t\tclass=\"btn btn-white btn-outline\">\n\t\t\t\t\t\t\t\t\n\t\t\t\t<span class=\"text\">Yeni Bir Proje Ba\u015flat<\/span>\n\t\t\t\t\n\t\t\t\t\t\t\t\t\t<span class=\"icon fa fa-angle-right\"><\/span>\n\t\t\t\t\t\t\t<\/a>\n\t\t<\/div>\n\t<\/div>\n\n<\/div>[vc_empty_space height=&#8221;20px&#8221;][\/vc_column][\/vc_row]\n<\/div>","protected":false},"excerpt":{"rendered":"<p>[vc_row gap=&#8221;35&#8243; equal_height=&#8221;yes&#8221;][vc_column][vc_empty_space height=&#8221;50px&#8221; el_class=&#8221;norebro-phone-space&#8221;][vc_single_image image=&#8221;13604&#8243; img_size=&#8221;full&#8221;][vc_empty_space height=&#8221;50px&#8221; el_class=&#8221;norebro-phone-space&#8221;][vc_separator color=&#8221;custom&#8221; border_width=&#8221;2&#8243; css=&#8221;.vc_custom_1515368849756{padding-top: 30px !important;padding-bottom:&#8230;<\/p>\n","protected":false},"author":1,"featured_media":0,"parent":12973,"menu_order":0,"comment_status":"closed","ping_status":"closed","template":"","meta":{"footnotes":""},"tags":[],"class_list":["post-13231","page","type-page","status-publish","hentry"],"_links":{"self":[{"href":"https:\/\/ajansso.com\/tr\/wp-json\/wp\/v2\/pages\/13231","targetHints":{"allow":["GET"]}}],"collection":[{"href":"https:\/\/ajansso.com\/tr\/wp-json\/wp\/v2\/pages"}],"about":[{"href":"https:\/\/ajansso.com\/tr\/wp-json\/wp\/v2\/types\/page"}],"author":[{"embeddable":true,"href":"https:\/\/ajansso.com\/tr\/wp-json\/wp\/v2\/users\/1"}],"replies":[{"embeddable":true,"href":"https:\/\/ajansso.com\/tr\/wp-json\/wp\/v2\/comments?post=13231"}],"version-history":[{"count":0,"href":"https:\/\/ajansso.com\/tr\/wp-json\/wp\/v2\/pages\/13231\/revisions"}],"up":[{"embeddable":true,"href":"https:\/\/ajansso.com\/tr\/wp-json\/wp\/v2\/pages\/12973"}],"wp:attachment":[{"href":"https:\/\/ajansso.com\/tr\/wp-json\/wp\/v2\/media?parent=13231"}],"wp:term":[{"taxonomy":"post_tag","embeddable":true,"href":"https:\/\/ajansso.com\/tr\/wp-json\/wp\/v2\/tags?post=13231"}],"curies":[{"name":"wp","href":"https:\/\/api.w.org\/{rel}","templated":true}]}}