{"id":13233,"date":"2018-01-08T00:05:06","date_gmt":"2018-01-08T00:05:06","guid":{"rendered":"https:\/\/www.ajansso.com\/tr\/?page_id=13233"},"modified":"2019-04-19T14:06:00","modified_gmt":"2019-04-19T14:06:00","slug":"donusum-optimizasyonu","status":"publish","type":"page","link":"https:\/\/ajansso.com\/tr\/dijital-pazarlama-cozumleri\/donusum-optimizasyonu\/","title":{"rendered":"D\u00f6n\u00fc\u015f\u00fcm Optimizasyonu"},"content":{"rendered":"<div class=\"wpb-content-wrapper\">[vc_row gap=&#8221;35&#8243; equal_height=&#8221;yes&#8221;][vc_column][vc_empty_space height=&#8221;50px&#8221; el_class=&#8221;norebro-phone-space&#8221;][vc_single_image image=&#8221;13602&#8243; img_size=&#8221;full&#8221;][vc_empty_space height=&#8221;50px&#8221; el_class=&#8221;norebro-phone-space&#8221;]<div class=\"norebro-heading-sc heading text-left\"\n\tid=\"norebro-custom-69f0c1bcaf0db\" \n\t data-aos=\"fade-left\" \n\t data-aos-duration=\"600\">\n\t\n\t\n\t\n\t<h3 class=\"title\">\n\t\tDijital Pazarlama \u00c7\u00f6z\u00fcmleri\t<\/h3>\n\n\t\n\t\t\t<p class=\"subtitle\">\n\t\t\t\t\t<\/p>\n\t\t\n<\/div><div class=\"norebro-heading-sc heading text-left\"\n\tid=\"norebro-custom-69f0c1bcaf11f\" \n\t data-aos=\"fade-left\" \n\t data-aos-duration=\"600\">\n\t\n\t\n\t\n\t<h3 class=\"title\">\n\t\tD\u00f6n\u00fc\u015f\u00fcm Optimizasyonu\t<\/h3>\n\n\t\n\t\t\t<p class=\"subtitle\">\n\t\t\t\t\t<\/p>\n\t\t\n<\/div><div class=\"norebro-text-sc \" \n\tid=\"norebro-custom-69f0c1bcaf142\" \n\t \n\t>\n\n\t<p>Global \u00e7aptaki dijital pazarlama faaliyetlerine yeni bir soluk getiren d\u00f6n\u00fc\u015f\u00fcm optimizasyonu \u00f6zel bir uzmanl\u0131k gerektirir. \u00c7\u00fcnk\u00fc kullan\u0131c\u0131 deneyimi \u00f6l\u00e7en ve bunu raporlayan profesyonel ara\u00e7lardan destek al\u0131nmal\u0131d\u0131r. Testler ve yaz\u0131l\u0131m verilerinden olu\u015fan parametreler incelenir ve buna g\u00f6re sistemsel veya i\u00e7erik anlam\u0131nda iyile\u015ftirmeler yap\u0131l\u0131r.<\/p>\n\t\n<\/div>[vc_separator color=&#8221;custom&#8221; border_width=&#8221;2&#8243; css=&#8221;.vc_custom_1515368849756{padding-top: 30px !important;padding-bottom: 30px !important;}&#8221; accent_color=&#8221;#ff0d00&#8243;]<div class=\"norebro-text-sc \" \n\tid=\"norebro-custom-69f0c1bcaf176\" \n\t \n\t>\n\n\t<p>Ajansso, SEO, SEM ve CRO uzmanlar\u0131ndan olu\u015fan ekibiyle ilgili sayfa veya uygulama i\u00e7eri\u011finin ziyaret\u00e7i a\u00e7\u0131s\u0131ndan nas\u0131l bir kullan\u0131m spesifi\u011fi olu\u015fturdu\u011funu saptar. A\/B testleri gibi uluslararas\u0131 alanda kabul g\u00f6rm\u00fc\u015f uygulamalardan destek alarak UX (kullan\u0131c\u0131 deneyimi) seviyesini y\u00fckseltmek i\u00e7in \u00e7al\u0131\u015f\u0131r.<\/p>\n<p>&nbsp;<\/p>\n<p><strong>Ziyaret\u00e7iden M\u00fc\u015fteriye Giden Yol<\/strong><\/p>\n<p>D\u00f6n\u00fc\u015f\u00fcm optimizasyonu sayesinde sayfan\u0131za gelen herkes sizin i\u00e7in potansiyel bir m\u00fc\u015fteri niteli\u011fi kazan\u0131r. Yap\u0131lmas\u0131 istenen aksiyonun (form giri\u015fi, sat\u0131\u015f, bilgi alma vs) en k\u0131sa s\u00fcrede ve en pratik yoldan ger\u00e7ekle\u015fmesi i\u00e7in iyile\u015ftirmeler yapan Ajansso, takibi esas\u0131nda ald\u0131\u011f\u0131 anl\u0131k verileri g\u00f6zetir ancak plan\u0131 do\u011frultusunda hareket eder.<\/p>\n<p>\u0130\u00e7erikleriniz, reklamlar\u0131n\u0131z veya panelleriniz i\u00e7in e\u015f zamanl\u0131 \u00e7al\u0131\u015fmalar y\u00fcr\u00fcten Ajansso, deneyimi sayesinde beklentilerinizden fazlas\u0131n\u0131 ger\u00e7ekle\u015ftirir.<\/p>\n\t\n<\/div>[vc_empty_space height=&#8221;50px&#8221; el_class=&#8221;norebro-phone-space&#8221;][\/vc_column][\/vc_row][vc_row full_width=&#8221;stretch_row&#8221; css=&#8221;.vc_custom_1555520897733{background-color: #ff0d00 !important;}&#8221;][vc_column css=&#8221;.vc_custom_1555520187958{margin-bottom: 30px !important;}&#8221;][vc_empty_space height=&#8221;20px&#8221;]<div class=\"norebro-cta-sc call-to-action\"\n\tid=\"norebro-custom-69f0c1bcaf1d6\"\n\t \n\t>\n\n\t<div class=\"content-center\">\n\t\t<div class=\"wrap\">\n\t\t\t<h3 class=\"title\">\n\t\t\t\tYukar\u0131daki hizmet hakk\u0131nda proje ihtiyac\u0131n\u0131z m\u0131 var?\t\t\t<\/h3>\n\t\t\t\t\t\t\t<p class=\"subtitle\">\n\t\t\t\t\tAjansso, ba\u015far\u0131lar\u0131n\u0131za ortak olmak i\u00e7in t\u00fcm g\u00fcc\u00fcyle \u00e7al\u0131\u015f\u0131yor.\t\t\t\t<\/p>\n\t\t\t\t\t<\/div>\n\n\t\t<div class=\"wrap\">\n\t\t\t<a href=\"https:\/\/www.ajansso.com\/tr\/iletisim\/\" \n\t\t\tclass=\"btn btn-white btn-outline\">\n\t\t\t\t\t\t\t\t\n\t\t\t\t<span class=\"text\">Yeni Bir Proje Ba\u015flat<\/span>\n\t\t\t\t\n\t\t\t\t\t\t\t\t\t<span class=\"icon fa fa-angle-right\"><\/span>\n\t\t\t\t\t\t\t<\/a>\n\t\t<\/div>\n\t<\/div>\n\n<\/div>[vc_empty_space height=&#8221;20px&#8221;][\/vc_column][\/vc_row]\n<\/div>","protected":false},"excerpt":{"rendered":"<p>[vc_row gap=&#8221;35&#8243; equal_height=&#8221;yes&#8221;][vc_column][vc_empty_space height=&#8221;50px&#8221; el_class=&#8221;norebro-phone-space&#8221;][vc_single_image image=&#8221;13602&#8243; img_size=&#8221;full&#8221;][vc_empty_space height=&#8221;50px&#8221; el_class=&#8221;norebro-phone-space&#8221;][vc_separator color=&#8221;custom&#8221; border_width=&#8221;2&#8243; css=&#8221;.vc_custom_1515368849756{padding-top: 30px !important;padding-bottom:&#8230;<\/p>\n","protected":false},"author":1,"featured_media":0,"parent":12973,"menu_order":0,"comment_status":"closed","ping_status":"closed","template":"","meta":{"footnotes":""},"tags":[],"class_list":["post-13233","page","type-page","status-publish","hentry"],"_links":{"self":[{"href":"https:\/\/ajansso.com\/tr\/wp-json\/wp\/v2\/pages\/13233","targetHints":{"allow":["GET"]}}],"collection":[{"href":"https:\/\/ajansso.com\/tr\/wp-json\/wp\/v2\/pages"}],"about":[{"href":"https:\/\/ajansso.com\/tr\/wp-json\/wp\/v2\/types\/page"}],"author":[{"embeddable":true,"href":"https:\/\/ajansso.com\/tr\/wp-json\/wp\/v2\/users\/1"}],"replies":[{"embeddable":true,"href":"https:\/\/ajansso.com\/tr\/wp-json\/wp\/v2\/comments?post=13233"}],"version-history":[{"count":0,"href":"https:\/\/ajansso.com\/tr\/wp-json\/wp\/v2\/pages\/13233\/revisions"}],"up":[{"embeddable":true,"href":"https:\/\/ajansso.com\/tr\/wp-json\/wp\/v2\/pages\/12973"}],"wp:attachment":[{"href":"https:\/\/ajansso.com\/tr\/wp-json\/wp\/v2\/media?parent=13233"}],"wp:term":[{"taxonomy":"post_tag","embeddable":true,"href":"https:\/\/ajansso.com\/tr\/wp-json\/wp\/v2\/tags?post=13233"}],"curies":[{"name":"wp","href":"https:\/\/api.w.org\/{rel}","templated":true}]}}