{"id":13236,"date":"2018-01-08T00:05:25","date_gmt":"2018-01-08T00:05:25","guid":{"rendered":"https:\/\/www.ajansso.com\/tr\/?page_id=13236"},"modified":"2019-04-19T14:13:28","modified_gmt":"2019-04-19T14:13:28","slug":"sosyal-medya-reklamciligi","status":"publish","type":"page","link":"https:\/\/ajansso.com\/tr\/dijital-pazarlama-cozumleri\/sosyal-medya-reklamciligi\/","title":{"rendered":"Sosyal Medya Reklamc\u0131l\u0131\u011f\u0131"},"content":{"rendered":"<div class=\"wpb-content-wrapper\">[vc_row gap=&#8221;35&#8243; equal_height=&#8221;yes&#8221;][vc_column][vc_empty_space height=&#8221;50px&#8221; el_class=&#8221;norebro-phone-space&#8221;][vc_single_image image=&#8221;13477&#8243; img_size=&#8221;full&#8221;][vc_empty_space height=&#8221;50px&#8221; el_class=&#8221;norebro-phone-space&#8221;]<div class=\"norebro-heading-sc heading text-left\"\n\tid=\"norebro-custom-69f0c1bc3b183\" \n\t data-aos=\"fade-left\" \n\t data-aos-duration=\"600\">\n\t\n\t\n\t\n\t<h3 class=\"title\">\n\t\tDijital Pazarlama \u00c7\u00f6z\u00fcmleri\t<\/h3>\n\n\t\n\t\t\t<p class=\"subtitle\">\n\t\t\t\t\t<\/p>\n\t\t\n<\/div><div class=\"norebro-heading-sc heading text-left\"\n\tid=\"norebro-custom-69f0c1bc3b1c1\" \n\t data-aos=\"fade-left\" \n\t data-aos-duration=\"600\">\n\t\n\t\n\t\n\t<h3 class=\"title\">\n\t\tSosyal Medya Reklamc\u0131l\u0131\u011f\u0131\t<\/h3>\n\n\t\n\t\t\t<p class=\"subtitle\">\n\t\t\t\t\t<\/p>\n\t\t\n<\/div><div class=\"norebro-text-sc \" \n\tid=\"norebro-custom-69f0c1bc3b1e2\" \n\t \n\t>\n\n\t<p>Dijital pazarlama stratejileri sosyal medyadan ba\u011f\u0131ms\u0131z d\u00fc\u015f\u00fcn\u00fclemez. Her ya\u015ftan kullan\u0131c\u0131n\u0131n yo\u011fun bir \u015fekilde kulland\u0131\u011f\u0131 Facebook, Twitter ve Instagram gibi mecralar firma \u00fcr\u00fcnlerinin tan\u0131t\u0131m\u0131n\u0131n yan\u0131 s\u0131ra g\u00fc\u00e7l\u00fc bir kurumsal kimlik olu\u015fmas\u0131 i\u00e7in de yard\u0131mc\u0131d\u0131r.<\/p>\n\t\n<\/div>[vc_separator color=&#8221;custom&#8221; border_width=&#8221;2&#8243; css=&#8221;.vc_custom_1515368849756{padding-top: 30px !important;padding-bottom: 30px !important;}&#8221; accent_color=&#8221;#ff0d00&#8243;]<div class=\"norebro-text-sc \" \n\tid=\"norebro-custom-69f0c1bc3b217\" \n\t \n\t>\n\n\t<p><strong>Do\u011fru Zaman + Do\u011fru Hedef Kitle<\/strong><\/p>\n<p>Bize g\u00f6re sosyal medya reklamc\u0131l\u0131\u011f\u0131n\u0131n kilit noktas\u0131 do\u011fru zamanda do\u011fru kitleyle temas etmektir. Elbette bunun i\u00e7in olu\u015fturulacak i\u00e7eri\u011fin kalitesi ve ta\u015f\u0131d\u0131\u011f\u0131 mesaj da devreye girer. Ajansso, t\u00fcm s\u00fcreci koordine edebilen ve ekipleri aras\u0131nda g\u00fc\u00e7l\u00fc bir ileti\u015fimin oldu\u011fu bir \u00e7\u00f6z\u00fcm merkezidir.<\/p>\n<p>Bekledi\u011finiz etkinin tam zaman\u0131nda elde edilmesi i\u00e7in s\u0131f\u0131rdan ele ald\u0131\u011f\u0131m\u0131z s\u00fcreci son noktas\u0131na kadar takip eden bir \u00e7al\u0131\u015fma prensibiyle hareket ederiz. \u00c7\u00fcnk\u00fc Ajansso, sosyal medyay\u0131 yalm\u0131zca takip etmez, do\u011fru tekniklerle kullan\u0131c\u0131y\u0131 y\u00f6nlendirir.<\/p>\n\t\n<\/div>[vc_empty_space height=&#8221;50px&#8221; el_class=&#8221;norebro-phone-space&#8221;][\/vc_column][\/vc_row][vc_row full_width=&#8221;stretch_row&#8221; css=&#8221;.vc_custom_1555520897733{background-color: #ff0d00 !important;}&#8221;][vc_column css=&#8221;.vc_custom_1555520187958{margin-bottom: 30px !important;}&#8221;][vc_empty_space height=&#8221;20px&#8221;]<div class=\"norebro-cta-sc call-to-action\"\n\tid=\"norebro-custom-69f0c1bc3b248\"\n\t \n\t>\n\n\t<div class=\"content-center\">\n\t\t<div class=\"wrap\">\n\t\t\t<h3 class=\"title\">\n\t\t\t\tYukar\u0131daki hizmet hakk\u0131nda proje ihtiyac\u0131n\u0131z m\u0131 var?\t\t\t<\/h3>\n\t\t\t\t\t\t\t<p class=\"subtitle\">\n\t\t\t\t\tAjansso, ba\u015far\u0131lar\u0131n\u0131za ortak olmak i\u00e7in t\u00fcm g\u00fcc\u00fcyle \u00e7al\u0131\u015f\u0131yor.\t\t\t\t<\/p>\n\t\t\t\t\t<\/div>\n\n\t\t<div class=\"wrap\">\n\t\t\t<a href=\"https:\/\/www.ajansso.com\/tr\/iletisim\/\" \n\t\t\tclass=\"btn btn-white btn-outline\">\n\t\t\t\t\t\t\t\t\n\t\t\t\t<span class=\"text\">Yeni Bir Proje Ba\u015flat<\/span>\n\t\t\t\t\n\t\t\t\t\t\t\t\t\t<span class=\"icon fa fa-angle-right\"><\/span>\n\t\t\t\t\t\t\t<\/a>\n\t\t<\/div>\n\t<\/div>\n\n<\/div>[vc_empty_space height=&#8221;20px&#8221;][\/vc_column][\/vc_row]\n<\/div>","protected":false},"excerpt":{"rendered":"<p>[vc_row gap=&#8221;35&#8243; equal_height=&#8221;yes&#8221;][vc_column][vc_empty_space height=&#8221;50px&#8221; el_class=&#8221;norebro-phone-space&#8221;][vc_single_image image=&#8221;13477&#8243; img_size=&#8221;full&#8221;][vc_empty_space height=&#8221;50px&#8221; el_class=&#8221;norebro-phone-space&#8221;][vc_separator color=&#8221;custom&#8221; border_width=&#8221;2&#8243; css=&#8221;.vc_custom_1515368849756{padding-top: 30px !important;padding-bottom:&#8230;<\/p>\n","protected":false},"author":1,"featured_media":0,"parent":12973,"menu_order":0,"comment_status":"closed","ping_status":"closed","template":"","meta":{"footnotes":""},"tags":[],"class_list":["post-13236","page","type-page","status-publish","hentry"],"_links":{"self":[{"href":"https:\/\/ajansso.com\/tr\/wp-json\/wp\/v2\/pages\/13236","targetHints":{"allow":["GET"]}}],"collection":[{"href":"https:\/\/ajansso.com\/tr\/wp-json\/wp\/v2\/pages"}],"about":[{"href":"https:\/\/ajansso.com\/tr\/wp-json\/wp\/v2\/types\/page"}],"author":[{"embeddable":true,"href":"https:\/\/ajansso.com\/tr\/wp-json\/wp\/v2\/users\/1"}],"replies":[{"embeddable":true,"href":"https:\/\/ajansso.com\/tr\/wp-json\/wp\/v2\/comments?post=13236"}],"version-history":[{"count":0,"href":"https:\/\/ajansso.com\/tr\/wp-json\/wp\/v2\/pages\/13236\/revisions"}],"up":[{"embeddable":true,"href":"https:\/\/ajansso.com\/tr\/wp-json\/wp\/v2\/pages\/12973"}],"wp:attachment":[{"href":"https:\/\/ajansso.com\/tr\/wp-json\/wp\/v2\/media?parent=13236"}],"wp:term":[{"taxonomy":"post_tag","embeddable":true,"href":"https:\/\/ajansso.com\/tr\/wp-json\/wp\/v2\/tags?post=13236"}],"curies":[{"name":"wp","href":"https:\/\/api.w.org\/{rel}","templated":true}]}}