{"id":13238,"date":"2018-01-08T00:05:47","date_gmt":"2018-01-08T00:05:47","guid":{"rendered":"https:\/\/www.ajansso.com\/tr\/?page_id=13238"},"modified":"2019-04-19T14:11:34","modified_gmt":"2019-04-19T14:11:34","slug":"icerik-yonetimi-hizmeti","status":"publish","type":"page","link":"https:\/\/ajansso.com\/tr\/dijital-pazarlama-cozumleri\/icerik-yonetimi-hizmeti\/","title":{"rendered":"\u0130\u00e7erik Y\u00f6netimi Hizmeti"},"content":{"rendered":"<div class=\"wpb-content-wrapper\">[vc_row gap=&#8221;35&#8243; equal_height=&#8221;yes&#8221;][vc_column][vc_empty_space height=&#8221;50px&#8221; el_class=&#8221;norebro-phone-space&#8221;][vc_single_image image=&#8221;13600&#8243; img_size=&#8221;full&#8221;][vc_empty_space height=&#8221;50px&#8221; el_class=&#8221;norebro-phone-space&#8221;]<div class=\"norebro-heading-sc heading text-left\"\n\tid=\"norebro-custom-69f0c1c34ba43\" \n\t data-aos=\"fade-left\" \n\t data-aos-duration=\"600\">\n\t\n\t\n\t\n\t<h3 class=\"title\">\n\t\tDijital Pazarlama \u00c7\u00f6z\u00fcmleri\t<\/h3>\n\n\t\n\t\t\t<p class=\"subtitle\">\n\t\t\t\t\t<\/p>\n\t\t\n<\/div><div class=\"norebro-heading-sc heading text-left\"\n\tid=\"norebro-custom-69f0c1c34ba85\" \n\t data-aos=\"fade-left\" \n\t data-aos-duration=\"600\">\n\t\n\t\n\t\n\t<h3 class=\"title\">\n\t\t\u0130\u00e7erik Y\u00f6netimi Hizmeti\t<\/h3>\n\n\t\n\t\t\t<p class=\"subtitle\">\n\t\t\t\t\t<\/p>\n\t\t\n<\/div><div class=\"norebro-text-sc \" \n\tid=\"norebro-custom-69f0c1c34baa6\" \n\t \n\t>\n\n\t<p>Teknolojinin \u00e7ok h\u0131zl\u0131 geli\u015fmesine ra\u011fmen ekarte edemedi\u011fi nadir \u015feylerden biri insani fikirlerdir. Kreatif fikirlerin eseri olan \u00f6zg\u00fcn i\u00e7erikler ise bir web sitesinin g\u00fcc\u00fcn\u00fc olu\u015fturan ve rekabet arenas\u0131nda ayakta kalmas\u0131n\u0131 sa\u011flayan en \u00f6nemli etmenlerdir.<\/p>\n\t\n<\/div>[vc_separator color=&#8221;custom&#8221; border_width=&#8221;2&#8243; css=&#8221;.vc_custom_1515368849756{padding-top: 30px !important;padding-bottom: 30px !important;}&#8221; accent_color=&#8221;#ff0d00&#8243;]<div class=\"norebro-text-sc \" \n\tid=\"norebro-custom-69f0c1c34bace\" \n\t \n\t>\n\n\t<p>\u0130\u00e7erik y\u00f6netimi, SEO, CRO ve di\u011fer dijital pazarlama fig\u00fcrleriyle birlikte ele al\u0131nmas\u0131 gereken bir s\u00fcre\u00e7tir. Nas\u0131l ki her insan\u0131n kendine g\u00f6re bir ses tonu ve konu\u015fma yap\u0131s\u0131 varsa her firman\u0131n da orijinal bir dili olmal\u0131d\u0131r. Bu da ancak uzun vadeli bir strateji geli\u015ftirip buna ba\u011fl\u0131 kalarak ger\u00e7ekle\u015febilir.<\/p>\n<p>&nbsp;<\/p>\n<p><strong>Markan\u0131z Konu\u015fsun, Konu\u015fulsun<\/strong><\/p>\n<p>\u0130\u00e7erik y\u00f6netimin iki \u00f6nemli aya\u011f\u0131 vard\u0131r. Bunlardan birincisi firman\u0131z\u0131n kendini ifade etti\u011fi k\u0131s\u0131m di\u011fer ise farkl\u0131 mecralarda sizin \u00fcr\u00fcnlerinizin ve markan\u0131z\u0131n tan\u0131t\u0131lmas\u0131. Ba\u015far\u0131l\u0131 bir i\u00e7erik y\u00f6netimi, her ikisinin de paralel olarak ilerlemesiyle m\u00fcmk\u00fcnd\u00fcr.<\/p>\n<p>Ajansso, anahtar kelime belirleme ve rakiplerin i\u00e7erik stratejilerini izleme i\u015flemlerinden sonra hem marka ad\u0131n\u0131 ta\u015f\u0131yan platformlardan hem de sekt\u00f6r\u00fcn i\u00e7indeki yan unsurlardan destek alarak detayl\u0131 bir \u00e7al\u0131\u015fma yapar. Evet, i\u00e7erik krald\u0131r. \u0130\u015fin kral\u0131 da Ajansso.<\/p>\n\t\n<\/div>[vc_empty_space height=&#8221;50px&#8221; el_class=&#8221;norebro-phone-space&#8221;][\/vc_column][\/vc_row][vc_row full_width=&#8221;stretch_row&#8221; css=&#8221;.vc_custom_1555520897733{background-color: #ff0d00 !important;}&#8221;][vc_column css=&#8221;.vc_custom_1555520187958{margin-bottom: 30px !important;}&#8221;][vc_empty_space height=&#8221;20px&#8221;]<div class=\"norebro-cta-sc call-to-action\"\n\tid=\"norebro-custom-69f0c1c34bafc\"\n\t \n\t>\n\n\t<div class=\"content-center\">\n\t\t<div class=\"wrap\">\n\t\t\t<h3 class=\"title\">\n\t\t\t\tYukar\u0131daki hizmet hakk\u0131nda proje ihtiyac\u0131n\u0131z m\u0131 var?\t\t\t<\/h3>\n\t\t\t\t\t\t\t<p class=\"subtitle\">\n\t\t\t\t\tAjansso, ba\u015far\u0131lar\u0131n\u0131za ortak olmak i\u00e7in t\u00fcm g\u00fcc\u00fcyle \u00e7al\u0131\u015f\u0131yor.\t\t\t\t<\/p>\n\t\t\t\t\t<\/div>\n\n\t\t<div class=\"wrap\">\n\t\t\t<a href=\"https:\/\/www.ajansso.com\/tr\/iletisim\/\" \n\t\t\tclass=\"btn btn-white btn-outline\">\n\t\t\t\t\t\t\t\t\n\t\t\t\t<span class=\"text\">Yeni Bir Proje Ba\u015flat<\/span>\n\t\t\t\t\n\t\t\t\t\t\t\t\t\t<span class=\"icon fa fa-angle-right\"><\/span>\n\t\t\t\t\t\t\t<\/a>\n\t\t<\/div>\n\t<\/div>\n\n<\/div>[vc_empty_space height=&#8221;20px&#8221;][\/vc_column][\/vc_row]\n<\/div>","protected":false},"excerpt":{"rendered":"<p>[vc_row gap=&#8221;35&#8243; equal_height=&#8221;yes&#8221;][vc_column][vc_empty_space height=&#8221;50px&#8221; el_class=&#8221;norebro-phone-space&#8221;][vc_single_image image=&#8221;13600&#8243; img_size=&#8221;full&#8221;][vc_empty_space height=&#8221;50px&#8221; el_class=&#8221;norebro-phone-space&#8221;][vc_separator color=&#8221;custom&#8221; border_width=&#8221;2&#8243; css=&#8221;.vc_custom_1515368849756{padding-top: 30px !important;padding-bottom:&#8230;<\/p>\n","protected":false},"author":1,"featured_media":0,"parent":12973,"menu_order":0,"comment_status":"closed","ping_status":"closed","template":"","meta":{"footnotes":""},"tags":[],"class_list":["post-13238","page","type-page","status-publish","hentry"],"_links":{"self":[{"href":"https:\/\/ajansso.com\/tr\/wp-json\/wp\/v2\/pages\/13238","targetHints":{"allow":["GET"]}}],"collection":[{"href":"https:\/\/ajansso.com\/tr\/wp-json\/wp\/v2\/pages"}],"about":[{"href":"https:\/\/ajansso.com\/tr\/wp-json\/wp\/v2\/types\/page"}],"author":[{"embeddable":true,"href":"https:\/\/ajansso.com\/tr\/wp-json\/wp\/v2\/users\/1"}],"replies":[{"embeddable":true,"href":"https:\/\/ajansso.com\/tr\/wp-json\/wp\/v2\/comments?post=13238"}],"version-history":[{"count":0,"href":"https:\/\/ajansso.com\/tr\/wp-json\/wp\/v2\/pages\/13238\/revisions"}],"up":[{"embeddable":true,"href":"https:\/\/ajansso.com\/tr\/wp-json\/wp\/v2\/pages\/12973"}],"wp:attachment":[{"href":"https:\/\/ajansso.com\/tr\/wp-json\/wp\/v2\/media?parent=13238"}],"wp:term":[{"taxonomy":"post_tag","embeddable":true,"href":"https:\/\/ajansso.com\/tr\/wp-json\/wp\/v2\/tags?post=13238"}],"curies":[{"name":"wp","href":"https:\/\/api.w.org\/{rel}","templated":true}]}}