{"id":13240,"date":"2018-01-08T00:06:04","date_gmt":"2018-01-08T00:06:04","guid":{"rendered":"https:\/\/www.ajansso.com\/tr\/?page_id=13240"},"modified":"2019-04-19T14:16:53","modified_gmt":"2019-04-19T14:16:53","slug":"web-analiz-danismanligi","status":"publish","type":"page","link":"https:\/\/ajansso.com\/tr\/dijital-pazarlama-cozumleri\/web-analiz-danismanligi\/","title":{"rendered":"Web Analiz Dan\u0131\u015fmanl\u0131\u011f\u0131"},"content":{"rendered":"<div class=\"wpb-content-wrapper\">[vc_row gap=&#8221;35&#8243; equal_height=&#8221;yes&#8221;][vc_column][vc_empty_space height=&#8221;50px&#8221; el_class=&#8221;norebro-phone-space&#8221;][vc_single_image image=&#8221;13598&#8243; img_size=&#8221;full&#8221;][vc_empty_space height=&#8221;50px&#8221; el_class=&#8221;norebro-phone-space&#8221;]<div class=\"norebro-heading-sc heading text-left\"\n\tid=\"norebro-custom-69ef6c3330716\" \n\t data-aos=\"fade-left\" \n\t data-aos-duration=\"600\">\n\t\n\t\n\t\n\t<h3 class=\"title\">\n\t\tDijital Pazarlama \u00c7\u00f6z\u00fcmleri\t<\/h3>\n\n\t\n\t\t\t<p class=\"subtitle\">\n\t\t\t\t\t<\/p>\n\t\t\n<\/div><div class=\"norebro-heading-sc heading text-left\"\n\tid=\"norebro-custom-69ef6c3330787\" \n\t data-aos=\"fade-left\" \n\t data-aos-duration=\"600\">\n\t\n\t\n\t\n\t<h3 class=\"title\">\n\t\tWeb Analiz Dan\u0131\u015fmanl\u0131\u011f\u0131\t<\/h3>\n\n\t\n\t\t\t<p class=\"subtitle\">\n\t\t\t\t\t<\/p>\n\t\t\n<\/div><div class=\"norebro-text-sc \" \n\tid=\"norebro-custom-69ef6c33307aa\" \n\t \n\t>\n\n\t<p>Bir web sitesi s\u00fcrekli olarak g\u00fcncel tutulup \u00e7a\u011f\u0131n gereklerine uygun olarak iyile\u015ftirmeler yap\u0131larak daha g\u00fc\u00e7l\u00fc bir etkile\u015fim sa\u011flamal\u0131d\u0131r. Ajansso, bunun i\u00e7in gerekli olan niteliklere sahip uzmanlar\u0131 ve analiz ara\u00e7lar\u0131yla sizlere hizmet verir.<\/p>\n\t\n<\/div>[vc_separator color=&#8221;custom&#8221; border_width=&#8221;2&#8243; css=&#8221;.vc_custom_1515368849756{padding-top: 30px !important;padding-bottom: 30px !important;}&#8221; accent_color=&#8221;#ff0d00&#8243;]<div class=\"norebro-text-sc \" \n\tid=\"norebro-custom-69ef6c33307ed\" \n\t \n\t>\n\n\t<p><strong>Anl\u0131k M\u00fcdahaleler, Kal\u0131c\u0131 \u00c7\u00f6z\u00fcmler<\/strong><\/p>\n<p>Ajansso, ba\u015fta Google Analytics, Adwords ve Adsense olmak \u00fczere sitede ihtiya\u00e7 duyulan di\u011fer \u00fc\u00e7\u00fcnc\u00fc parti ara\u00e7lar\u0131n\u0131 kullanarak sitenizin yolunu \u00e7izer. \u0130\u015fi ak\u0131\u015f\u0131na b\u0131rakmak yerine detayl\u0131 raporlardan g\u00fc\u00e7 alarak sekt\u00f6re uygun stratejiler olu\u015fturur.<\/p>\n<p>Mobil ve masa\u00fcst\u00fc cihazlarda y\u00fcksek h\u0131zla a\u00e7\u0131lan, ziyaret\u00e7inin sitede daha kaliteli ve uzun vakit ge\u00e7irdi\u011fi siteler yaratmak i\u015fimizin ayr\u0131lmaz bir par\u00e7as\u0131d\u0131r. Bu sayede sitenizin eksik noktalar\u0131 tamamlan\u0131r ve kusursuz bir dijital pazarlama plan\u0131n\u0131n tohumlar\u0131 at\u0131l\u0131r.<\/p>\n<p>Ajansso, sitenizin ge\u00e7mi\u015fe d\u00f6n\u00fck kay\u0131tlar\u0131n\u0131 ve verilerini birbiriyle k\u0131yaslayarak kaydedilen a\u015faman\u0131n teknik detaylar\u0131n\u0131 g\u00fcn y\u00fcz\u00fcne \u00e7\u0131kar\u0131r. Ak\u0131mlara kap\u0131lmadan rakamlar\u0131n g\u00fcc\u00fcn\u00fc hissetmek istiyorsan\u0131z, Ajansso do\u011fru adres!<\/p>\n\t\n<\/div>[vc_empty_space height=&#8221;50px&#8221; el_class=&#8221;norebro-phone-space&#8221;][\/vc_column][\/vc_row][vc_row full_width=&#8221;stretch_row&#8221; css=&#8221;.vc_custom_1555520897733{background-color: #ff0d00 !important;}&#8221;][vc_column css=&#8221;.vc_custom_1555520187958{margin-bottom: 30px !important;}&#8221;][vc_empty_space height=&#8221;20px&#8221;]<div class=\"norebro-cta-sc call-to-action\"\n\tid=\"norebro-custom-69ef6c3330822\"\n\t \n\t>\n\n\t<div class=\"content-center\">\n\t\t<div class=\"wrap\">\n\t\t\t<h3 class=\"title\">\n\t\t\t\tYukar\u0131daki hizmet hakk\u0131nda proje ihtiyac\u0131n\u0131z m\u0131 var?\t\t\t<\/h3>\n\t\t\t\t\t\t\t<p class=\"subtitle\">\n\t\t\t\t\tAjansso, ba\u015far\u0131lar\u0131n\u0131za ortak olmak i\u00e7in t\u00fcm g\u00fcc\u00fcyle \u00e7al\u0131\u015f\u0131yor.\t\t\t\t<\/p>\n\t\t\t\t\t<\/div>\n\n\t\t<div class=\"wrap\">\n\t\t\t<a href=\"https:\/\/www.ajansso.com\/tr\/iletisim\/\" \n\t\t\tclass=\"btn btn-white btn-outline\">\n\t\t\t\t\t\t\t\t\n\t\t\t\t<span class=\"text\">Yeni Bir Proje Ba\u015flat<\/span>\n\t\t\t\t\n\t\t\t\t\t\t\t\t\t<span class=\"icon fa fa-angle-right\"><\/span>\n\t\t\t\t\t\t\t<\/a>\n\t\t<\/div>\n\t<\/div>\n\n<\/div>[vc_empty_space height=&#8221;20px&#8221;][\/vc_column][\/vc_row]\n<\/div>","protected":false},"excerpt":{"rendered":"<p>[vc_row gap=&#8221;35&#8243; equal_height=&#8221;yes&#8221;][vc_column][vc_empty_space height=&#8221;50px&#8221; el_class=&#8221;norebro-phone-space&#8221;][vc_single_image image=&#8221;13598&#8243; img_size=&#8221;full&#8221;][vc_empty_space height=&#8221;50px&#8221; el_class=&#8221;norebro-phone-space&#8221;][vc_separator color=&#8221;custom&#8221; border_width=&#8221;2&#8243; css=&#8221;.vc_custom_1515368849756{padding-top: 30px !important;padding-bottom:&#8230;<\/p>\n","protected":false},"author":1,"featured_media":0,"parent":12973,"menu_order":0,"comment_status":"closed","ping_status":"closed","template":"","meta":{"footnotes":""},"tags":[25,23,24],"class_list":["post-13240","page","type-page","status-publish","hentry","tag-adsense-analiz","tag-adwords-analiz","tag-google-analytics-analiz"],"_links":{"self":[{"href":"https:\/\/ajansso.com\/tr\/wp-json\/wp\/v2\/pages\/13240","targetHints":{"allow":["GET"]}}],"collection":[{"href":"https:\/\/ajansso.com\/tr\/wp-json\/wp\/v2\/pages"}],"about":[{"href":"https:\/\/ajansso.com\/tr\/wp-json\/wp\/v2\/types\/page"}],"author":[{"embeddable":true,"href":"https:\/\/ajansso.com\/tr\/wp-json\/wp\/v2\/users\/1"}],"replies":[{"embeddable":true,"href":"https:\/\/ajansso.com\/tr\/wp-json\/wp\/v2\/comments?post=13240"}],"version-history":[{"count":0,"href":"https:\/\/ajansso.com\/tr\/wp-json\/wp\/v2\/pages\/13240\/revisions"}],"up":[{"embeddable":true,"href":"https:\/\/ajansso.com\/tr\/wp-json\/wp\/v2\/pages\/12973"}],"wp:attachment":[{"href":"https:\/\/ajansso.com\/tr\/wp-json\/wp\/v2\/media?parent=13240"}],"wp:term":[{"taxonomy":"post_tag","embeddable":true,"href":"https:\/\/ajansso.com\/tr\/wp-json\/wp\/v2\/tags?post=13240"}],"curies":[{"name":"wp","href":"https:\/\/api.w.org\/{rel}","templated":true}]}}