{"id":13249,"date":"2018-01-08T00:07:27","date_gmt":"2018-01-08T00:07:27","guid":{"rendered":"https:\/\/www.ajansso.com\/tr\/?page_id=13249"},"modified":"2019-04-19T13:40:07","modified_gmt":"2019-04-19T13:40:07","slug":"web-uygulama-gelistirme","status":"publish","type":"page","link":"https:\/\/ajansso.com\/tr\/yazilim-gelistirme\/web-uygulama-gelistirme\/","title":{"rendered":"Web Uygulama Geli\u015ftirme"},"content":{"rendered":"<div class=\"wpb-content-wrapper\">[vc_row gap=&#8221;35&#8243; equal_height=&#8221;yes&#8221;][vc_column][vc_empty_space height=&#8221;50px&#8221; el_class=&#8221;norebro-phone-space&#8221;][vc_single_image image=&#8221;13568&#8243; img_size=&#8221;full&#8221;][vc_empty_space height=&#8221;50px&#8221; el_class=&#8221;norebro-phone-space&#8221;]<div class=\"norebro-heading-sc heading text-left\"\n\tid=\"norebro-custom-69ee9b84f0b4f\" \n\t data-aos=\"fade-left\" \n\t data-aos-duration=\"600\">\n\t\n\t\n\t\n\t<h3 class=\"title\">\n\t\tYaz\u0131l\u0131m Geli\u015ftirme\t<\/h3>\n\n\t\n\t\t\t<p class=\"subtitle\">\n\t\t\t\t\t<\/p>\n\t\t\n<\/div><div class=\"norebro-heading-sc heading text-left\"\n\tid=\"norebro-custom-69ee9b84f0c21\" \n\t data-aos=\"fade-left\" \n\t data-aos-duration=\"600\">\n\t\n\t\n\t\n\t<h3 class=\"title\">\n\t\tWeb Uygulama Geli\u015ftirme\t<\/h3>\n\n\t\n\t\t\t<p class=\"subtitle\">\n\t\t\t\t\t<\/p>\n\t\t\n<\/div><div class=\"norebro-text-sc \" \n\tid=\"norebro-custom-69ee9b84f0c77\" \n\t \n\t>\n\n\t<p>Sanal d\u00fcnyada m\u00fc\u015fterinizle ya\u015fad\u0131\u011f\u0131n\u0131z dijital etkile\u015fim, web tabanl\u0131 uygulamalarla kuvvetlendirilebilir. Sundu\u011funuz hizmetlerin iyi lanse edildi\u011fi ve sitenize giren ki\u015filerin kolay bir \u015fekilde bu hizmetlerden faydaland\u0131\u011f\u0131 uygulamalar ise Ajansso\u2019nun i\u015fi!<\/p>\n\t\n<\/div>[vc_separator color=&#8221;custom&#8221; border_width=&#8221;2&#8243; css=&#8221;.vc_custom_1515368849756{padding-top: 30px !important;padding-bottom: 30px !important;}&#8221; accent_color=&#8221;#ff0d00&#8243;]<div class=\"norebro-text-sc \" \n\tid=\"norebro-custom-69ee9b84f0ce3\" \n\t \n\t>\n\n\t<p><strong>\u0130yi \u0130zlenim B\u0131rakmak \u0130steyenlere: Ajansso!<\/strong><\/p>\n<p>Web uygulamalar\u0131 sayesinde firman\u0131z\u0131n y\u00fck\u00fcn\u00fc hafifletebilir ve prestijinizi de y\u00fckseltebilirsiniz. Kurulan ilk etkile\u015fim bu pencerelerle daha sa\u011flam temeller olu\u015fmas\u0131na yard\u0131mc\u0131 olur.\u00a0 \u00c7a\u011f\u0131n h\u0131z\u0131n\u0131 \u00f6z\u00fcmseyerek \u00e7al\u0131\u015fan bir sistem yaratarak e ticaret, takip, h\u0131zl\u0131 al\u0131\u015fveri\u015f, b\u00fclten yay\u0131n\u0131 ve \u00fcyelik i\u015flemleri gibi konular\u0131 i\u00e7eren uygulama tasarlayan Ajansso, cihaz ve i\u015fletim sistemi uyumu noktas\u0131nda % 100 garanti vererek \u00e7al\u0131\u015f\u0131r.<\/p>\n<p>\u0130ster d\u00fczenledi\u011finiz bir kampanyay\u0131 m\u00fc\u015fterileriniz ula\u015ft\u0131rma isterseniz de bir sipari\u015fin takibini sa\u011flama amac\u0131 ta\u015f\u0131y\u0131n, her durumda tasarlanan uygulamada olmas\u0131 gereken \u00f6nemli \u00f6zellikler vard\u0131r. Biz, sekt\u00f6r tecr\u00fcbemizle kullan\u0131c\u0131 deneyimi konusundaki geli\u015fmeleri bir potada eritip en uygun \u00e7\u00f6z\u00fcm\u00fc sizinle bulu\u015fturacak k\u00f6pr\u00fcy\u00fcz. Ajansso, firman\u0131z\u0131n dijital dostudur.<\/p>\n\t\n<\/div>[vc_empty_space height=&#8221;50px&#8221; el_class=&#8221;norebro-phone-space&#8221;][\/vc_column][\/vc_row][vc_row full_width=&#8221;stretch_row&#8221; css=&#8221;.vc_custom_1555520897733{background-color: #ff0d00 !important;}&#8221;][vc_column css=&#8221;.vc_custom_1555520187958{margin-bottom: 30px !important;}&#8221;][vc_empty_space height=&#8221;20px&#8221;]<div class=\"norebro-cta-sc call-to-action\"\n\tid=\"norebro-custom-69ee9b84f0d69\"\n\t \n\t>\n\n\t<div class=\"content-center\">\n\t\t<div class=\"wrap\">\n\t\t\t<h3 class=\"title\">\n\t\t\t\tYukar\u0131daki hizmet hakk\u0131nda proje ihtiyac\u0131n\u0131z m\u0131 var?\t\t\t<\/h3>\n\t\t\t\t\t\t\t<p class=\"subtitle\">\n\t\t\t\t\tAjansso, ba\u015far\u0131lar\u0131n\u0131za ortak olmak i\u00e7in t\u00fcm g\u00fcc\u00fcyle \u00e7al\u0131\u015f\u0131yor.\t\t\t\t<\/p>\n\t\t\t\t\t<\/div>\n\n\t\t<div class=\"wrap\">\n\t\t\t<a href=\"https:\/\/www.ajansso.com\/tr\/iletisim\/\" \n\t\t\tclass=\"btn btn-white btn-outline\">\n\t\t\t\t\t\t\t\t\n\t\t\t\t<span class=\"text\">Yeni Bir Proje Ba\u015flat<\/span>\n\t\t\t\t\n\t\t\t\t\t\t\t\t\t<span class=\"icon fa fa-angle-right\"><\/span>\n\t\t\t\t\t\t\t<\/a>\n\t\t<\/div>\n\t<\/div>\n\n<\/div>[vc_empty_space height=&#8221;20px&#8221;][\/vc_column][\/vc_row]\n<\/div>","protected":false},"excerpt":{"rendered":"<p>[vc_row gap=&#8221;35&#8243; equal_height=&#8221;yes&#8221;][vc_column][vc_empty_space height=&#8221;50px&#8221; el_class=&#8221;norebro-phone-space&#8221;][vc_single_image image=&#8221;13568&#8243; img_size=&#8221;full&#8221;][vc_empty_space height=&#8221;50px&#8221; el_class=&#8221;norebro-phone-space&#8221;][vc_separator color=&#8221;custom&#8221; border_width=&#8221;2&#8243; css=&#8221;.vc_custom_1515368849756{padding-top: 30px !important;padding-bottom:&#8230;<\/p>\n","protected":false},"author":1,"featured_media":0,"parent":12975,"menu_order":0,"comment_status":"closed","ping_status":"closed","template":"","meta":{"footnotes":""},"tags":[],"class_list":["post-13249","page","type-page","status-publish","hentry"],"_links":{"self":[{"href":"https:\/\/ajansso.com\/tr\/wp-json\/wp\/v2\/pages\/13249","targetHints":{"allow":["GET"]}}],"collection":[{"href":"https:\/\/ajansso.com\/tr\/wp-json\/wp\/v2\/pages"}],"about":[{"href":"https:\/\/ajansso.com\/tr\/wp-json\/wp\/v2\/types\/page"}],"author":[{"embeddable":true,"href":"https:\/\/ajansso.com\/tr\/wp-json\/wp\/v2\/users\/1"}],"replies":[{"embeddable":true,"href":"https:\/\/ajansso.com\/tr\/wp-json\/wp\/v2\/comments?post=13249"}],"version-history":[{"count":0,"href":"https:\/\/ajansso.com\/tr\/wp-json\/wp\/v2\/pages\/13249\/revisions"}],"up":[{"embeddable":true,"href":"https:\/\/ajansso.com\/tr\/wp-json\/wp\/v2\/pages\/12975"}],"wp:attachment":[{"href":"https:\/\/ajansso.com\/tr\/wp-json\/wp\/v2\/media?parent=13249"}],"wp:term":[{"taxonomy":"post_tag","embeddable":true,"href":"https:\/\/ajansso.com\/tr\/wp-json\/wp\/v2\/tags?post=13249"}],"curies":[{"name":"wp","href":"https:\/\/api.w.org\/{rel}","templated":true}]}}