{"id":13251,"date":"2018-01-08T00:07:47","date_gmt":"2018-01-08T00:07:47","guid":{"rendered":"https:\/\/www.ajansso.com\/tr\/?page_id=13251"},"modified":"2019-04-19T13:40:52","modified_gmt":"2019-04-19T13:40:52","slug":"windows-uygulama-gelistirme","status":"publish","type":"page","link":"https:\/\/ajansso.com\/tr\/yazilim-gelistirme\/windows-uygulama-gelistirme\/","title":{"rendered":"Windows Uygulama Geli\u015ftirme"},"content":{"rendered":"<div class=\"wpb-content-wrapper\">[vc_row gap=&#8221;35&#8243; equal_height=&#8221;yes&#8221;][vc_column][vc_empty_space height=&#8221;50px&#8221; el_class=&#8221;norebro-phone-space&#8221;][vc_single_image image=&#8221;13566&#8243; img_size=&#8221;full&#8221;][vc_empty_space height=&#8221;50px&#8221; el_class=&#8221;norebro-phone-space&#8221;]<div class=\"norebro-heading-sc heading text-left\"\n\tid=\"norebro-custom-69f0c1c28ae20\" \n\t data-aos=\"fade-left\" \n\t data-aos-duration=\"600\">\n\t\n\t\n\t\n\t<h3 class=\"title\">\n\t\tYaz\u0131l\u0131m Geli\u015ftirme\t<\/h3>\n\n\t\n\t\t\t<p class=\"subtitle\">\n\t\t\t\t\t<\/p>\n\t\t\n<\/div><div class=\"norebro-heading-sc heading text-left\"\n\tid=\"norebro-custom-69f0c1c28ae5f\" \n\t data-aos=\"fade-left\" \n\t data-aos-duration=\"600\">\n\t\n\t\n\t\n\t<h3 class=\"title\">\n\t\tWindows Uygulama Geli\u015ftirme\t<\/h3>\n\n\t\n\t\t\t<p class=\"subtitle\">\n\t\t\t\t\t<\/p>\n\t\t\n<\/div><div class=\"norebro-text-sc \" \n\tid=\"norebro-custom-69f0c1c28ae81\" \n\t \n\t>\n\n\t<p>Windows, bir\u00e7ok kullan\u0131c\u0131n\u0131n dijital d\u00fcnyaya g\u00f6zlerini a\u00e7t\u0131\u011f\u0131ndan beri tan\u0131d\u0131\u011f\u0131 bir i\u015fletim sistemi. Dolays\u0131yla geli\u015ftirilen uygulaman\u0131n bu sistemi kapsamamas\u0131 d\u00fc\u015f\u00fcn\u00fclemez. Mobil uygulama yaz\u0131l\u0131mlar\u0131 her ne kadar IOS ve Android \u00fczerine yo\u011funla\u015f\u0131lan bir alan haline gelse de Windows kullanan m\u00fc\u015fterilerinizle de temas kurmak size b\u00fcy\u00fck bir art\u0131 sa\u011flar.<\/p>\n\t\n<\/div>[vc_separator color=&#8221;custom&#8221; border_width=&#8221;2&#8243; css=&#8221;.vc_custom_1515368849756{padding-top: 30px !important;padding-bottom: 30px !important;}&#8221; accent_color=&#8221;#ff0d00&#8243;]<div class=\"norebro-text-sc \" \n\tid=\"norebro-custom-69f0c1c28aea6\" \n\t \n\t>\n\n\t<p><strong>\u00c7e\u015fitlilik \u0130\u00e7eren Geni\u015f \u00c7apl\u0131 \u00c7\u00f6z\u00fcmler Ajansso ile M\u00fcmk\u00fcn<\/strong><\/p>\n<p>Windows tabanl\u0131 uygulamalar \u015firket i\u00e7i faaliyetler i\u00e7in de tercih edilebilir. \u0130htiya\u00e7 duyulan duruma g\u00f6re online ya da offline olarak \u00e7al\u0131\u015ft\u0131r\u0131labilen \u00f6zel yaz\u0131l\u0131mlar, Ajansso kalitesiyle sizlere ula\u015f\u0131r. Tasarlad\u0131\u011f\u0131m\u0131z uygulamalar PC, laptop, ak\u0131ll\u0131 telefon ve tablet gibi cihazlarla ula\u015f\u0131labilir hale getirilerek sizlere sunulur.<\/p>\n<p>Ajansso, fikrinizi uygulamaya d\u00f6ken tasar\u0131mlarla birlikte mevcut uygulaman\u0131z\u0131 geli\u015ftirmek i\u00e7in de \u00e7al\u0131\u015f\u0131r. Sisteminize entegre olacak bir eklenti ya da eksik g\u00f6rd\u00fc\u011f\u00fcn\u00fcz bir \u00f6zelli\u011fin geli\u015ftirilmesi i\u00e7in uzman personellerimizin deste\u011fini alabilirsiniz. Ajansso, dijital sorunlara pratik \u00e7\u00f6z\u00fcmler bulur.<\/p>\n\t\n<\/div>[vc_empty_space height=&#8221;50px&#8221; el_class=&#8221;norebro-phone-space&#8221;][\/vc_column][\/vc_row][vc_row full_width=&#8221;stretch_row&#8221; css=&#8221;.vc_custom_1555520897733{background-color: #ff0d00 !important;}&#8221;][vc_column css=&#8221;.vc_custom_1555520187958{margin-bottom: 30px !important;}&#8221;][vc_empty_space height=&#8221;20px&#8221;]<div class=\"norebro-cta-sc call-to-action\"\n\tid=\"norebro-custom-69f0c1c28aed3\"\n\t \n\t>\n\n\t<div class=\"content-center\">\n\t\t<div class=\"wrap\">\n\t\t\t<h3 class=\"title\">\n\t\t\t\tYukar\u0131daki hizmet hakk\u0131nda proje ihtiyac\u0131n\u0131z m\u0131 var?\t\t\t<\/h3>\n\t\t\t\t\t\t\t<p class=\"subtitle\">\n\t\t\t\t\tAjansso, ba\u015far\u0131lar\u0131n\u0131za ortak olmak i\u00e7in t\u00fcm g\u00fcc\u00fcyle \u00e7al\u0131\u015f\u0131yor.\t\t\t\t<\/p>\n\t\t\t\t\t<\/div>\n\n\t\t<div class=\"wrap\">\n\t\t\t<a href=\"https:\/\/www.ajansso.com\/tr\/iletisim\/\" \n\t\t\tclass=\"btn btn-white btn-outline\">\n\t\t\t\t\t\t\t\t\n\t\t\t\t<span class=\"text\">Yeni Bir Proje Ba\u015flat<\/span>\n\t\t\t\t\n\t\t\t\t\t\t\t\t\t<span class=\"icon fa fa-angle-right\"><\/span>\n\t\t\t\t\t\t\t<\/a>\n\t\t<\/div>\n\t<\/div>\n\n<\/div>[vc_empty_space height=&#8221;20px&#8221;][\/vc_column][\/vc_row]\n<\/div>","protected":false},"excerpt":{"rendered":"<p>[vc_row gap=&#8221;35&#8243; equal_height=&#8221;yes&#8221;][vc_column][vc_empty_space height=&#8221;50px&#8221; el_class=&#8221;norebro-phone-space&#8221;][vc_single_image image=&#8221;13566&#8243; img_size=&#8221;full&#8221;][vc_empty_space height=&#8221;50px&#8221; el_class=&#8221;norebro-phone-space&#8221;][vc_separator color=&#8221;custom&#8221; border_width=&#8221;2&#8243; css=&#8221;.vc_custom_1515368849756{padding-top: 30px !important;padding-bottom:&#8230;<\/p>\n","protected":false},"author":1,"featured_media":0,"parent":12975,"menu_order":0,"comment_status":"closed","ping_status":"closed","template":"","meta":{"footnotes":""},"tags":[],"class_list":["post-13251","page","type-page","status-publish","hentry"],"_links":{"self":[{"href":"https:\/\/ajansso.com\/tr\/wp-json\/wp\/v2\/pages\/13251","targetHints":{"allow":["GET"]}}],"collection":[{"href":"https:\/\/ajansso.com\/tr\/wp-json\/wp\/v2\/pages"}],"about":[{"href":"https:\/\/ajansso.com\/tr\/wp-json\/wp\/v2\/types\/page"}],"author":[{"embeddable":true,"href":"https:\/\/ajansso.com\/tr\/wp-json\/wp\/v2\/users\/1"}],"replies":[{"embeddable":true,"href":"https:\/\/ajansso.com\/tr\/wp-json\/wp\/v2\/comments?post=13251"}],"version-history":[{"count":0,"href":"https:\/\/ajansso.com\/tr\/wp-json\/wp\/v2\/pages\/13251\/revisions"}],"up":[{"embeddable":true,"href":"https:\/\/ajansso.com\/tr\/wp-json\/wp\/v2\/pages\/12975"}],"wp:attachment":[{"href":"https:\/\/ajansso.com\/tr\/wp-json\/wp\/v2\/media?parent=13251"}],"wp:term":[{"taxonomy":"post_tag","embeddable":true,"href":"https:\/\/ajansso.com\/tr\/wp-json\/wp\/v2\/tags?post=13251"}],"curies":[{"name":"wp","href":"https:\/\/api.w.org\/{rel}","templated":true}]}}