{"id":13253,"date":"2018-01-08T00:08:05","date_gmt":"2018-01-08T00:08:05","guid":{"rendered":"https:\/\/www.ajansso.com\/tr\/?page_id=13253"},"modified":"2019-04-19T13:38:28","modified_gmt":"2019-04-19T13:38:28","slug":"android-uygulama-gelistirme","status":"publish","type":"page","link":"https:\/\/ajansso.com\/tr\/yazilim-gelistirme\/android-uygulama-gelistirme\/","title":{"rendered":"Android Uygulama Geli\u015ftirme"},"content":{"rendered":"<div class=\"wpb-content-wrapper\">[vc_row gap=&#8221;35&#8243; equal_height=&#8221;yes&#8221;][vc_column][vc_empty_space height=&#8221;50px&#8221; el_class=&#8221;norebro-phone-space&#8221;][vc_single_image image=&#8221;13564&#8243; img_size=&#8221;full&#8221;][vc_empty_space height=&#8221;50px&#8221; el_class=&#8221;norebro-phone-space&#8221;]<div class=\"norebro-heading-sc heading text-left\"\n\tid=\"norebro-custom-69ef6c1f2377b\" \n\t data-aos=\"fade-left\" \n\t data-aos-duration=\"600\">\n\t\n\t\n\t\n\t<h3 class=\"title\">\n\t\tYaz\u0131l\u0131m Geli\u015ftirme\t<\/h3>\n\n\t\n\t\t\t<p class=\"subtitle\">\n\t\t\t\t\t<\/p>\n\t\t\n<\/div><div class=\"norebro-heading-sc heading text-left\"\n\tid=\"norebro-custom-69ef6c1f237da\" \n\t data-aos=\"fade-left\" \n\t data-aos-duration=\"600\">\n\t\n\t\n\t\n\t<h3 class=\"title\">\n\t\tAndroid Uygulama Geli\u015ftirme\t<\/h3>\n\n\t\n\t\t\t<p class=\"subtitle\">\n\t\t\t\t\t<\/p>\n\t\t\n<\/div><div class=\"norebro-text-sc \" \n\tid=\"norebro-custom-69ef6c1f23802\" \n\t \n\t>\n\n\t<p>Mobil d\u00fcnyan\u0131n h\u0131zl\u0131 geli\u015fimine ayak uydurmay\u0131 ba\u015faran en \u00f6nemli i\u015fletim sistemlerinden bir tanesi de Android.<\/p>\n<p>Ajansso, yaz\u0131l\u0131m uzmanlar\u0131n\u0131n tecr\u00fcbelerini yans\u0131tarak haz\u0131rlad\u0131klar\u0131 uygulamalarla bu dijital ortamda yer alan bir uygulaman\u0131n ihtiyac\u0131 olan ne varsa sizlere sunuyor.<\/p>\n\t\n<\/div>[vc_separator color=&#8221;custom&#8221; border_width=&#8221;2&#8243; css=&#8221;.vc_custom_1515368849756{padding-top: 30px !important;padding-bottom: 30px !important;}&#8221; accent_color=&#8221;#ff0d00&#8243;]<div class=\"norebro-text-sc \" \n\tid=\"norebro-custom-69ef6c1f23831\" \n\t \n\t>\n\n\t<p>Ajansso, fikir fabrikas\u0131ndan \u00e7\u0131kan her uygulaman\u0131n kullan\u0131c\u0131yla b\u00fct\u00fcnle\u015fmesi i\u00e7in modern dokunu\u015flar yaparak i\u015finizi kolayla\u015ft\u0131r\u0131yor. Dijital d\u00fcnyan\u0131n kalbine inen yolda mobil uygulamalarla siz de firman\u0131z\u0131n farkl\u0131 bir konuma yerle\u015fmesini istiyorsan\u0131z do\u011fru yerdesiniz.<\/p>\n<p>&nbsp;<\/p>\n<p><strong>Ajansso Android Uygulamalar\u0131yla Gelece\u011finize Yat\u0131r\u0131m Yap\u0131n<\/strong><\/p>\n<p>Android tabanl\u0131 uygulamalar\u0131m\u0131zla m\u00fc\u015fterilerinizle s\u00fcrekli etkile\u015fim halinde olman\u0131n ayr\u0131cal\u0131\u011f\u0131n\u0131 ya\u015fayabilirsiniz. Periyodik olarak yapt\u0131\u011f\u0131m\u0131z iyile\u015ftirmelerle modern \u00e7a\u011fa kolayca ayak uydururken size \u00f6zel tasarlad\u0131\u011f\u0131m\u0131z ara y\u00fcz\u00fcn\u00fczle kurumsal kimli\u011finize yapt\u0131\u011f\u0131m\u0131z katk\u0131y\u0131 alk\u0131\u015flayaca\u011f\u0131n\u0131zdan emin olabilirsiniz.<\/p>\n<p>Her ya\u015ftan kullan\u0131c\u0131n\u0131n uyum sa\u011flayabilece\u011fi kadar pratik, firman\u0131z\u0131n hedeflerini \u00f6n plana \u00e7\u0131karacak bir kullan\u0131c\u0131 deneyimi i\u00e7eren ve g\u00f6rsel a\u00e7\u0131dan tatmin edici bir Android uygulamas\u0131na yer vermek isterseniz, Ajansso yan\u0131n\u0131zda!<\/p>\n\t\n<\/div>[vc_empty_space height=&#8221;50px&#8221; el_class=&#8221;norebro-phone-space&#8221;][\/vc_column][\/vc_row][vc_row full_width=&#8221;stretch_row&#8221; css=&#8221;.vc_custom_1555520897733{background-color: #ff0d00 !important;}&#8221;][vc_column css=&#8221;.vc_custom_1555520187958{margin-bottom: 30px !important;}&#8221;][vc_empty_space height=&#8221;20px&#8221;]<div class=\"norebro-cta-sc call-to-action\"\n\tid=\"norebro-custom-69ef6c1f23862\"\n\t \n\t>\n\n\t<div class=\"content-center\">\n\t\t<div class=\"wrap\">\n\t\t\t<h3 class=\"title\">\n\t\t\t\tYukar\u0131daki hizmet hakk\u0131nda proje ihtiyac\u0131n\u0131z m\u0131 var?\t\t\t<\/h3>\n\t\t\t\t\t\t\t<p class=\"subtitle\">\n\t\t\t\t\tAjansso, ba\u015far\u0131lar\u0131n\u0131za ortak olmak i\u00e7in t\u00fcm g\u00fcc\u00fcyle \u00e7al\u0131\u015f\u0131yor.\t\t\t\t<\/p>\n\t\t\t\t\t<\/div>\n\n\t\t<div class=\"wrap\">\n\t\t\t<a href=\"https:\/\/www.ajansso.com\/tr\/iletisim\/\" \n\t\t\tclass=\"btn btn-white btn-outline\">\n\t\t\t\t\t\t\t\t\n\t\t\t\t<span class=\"text\">Yeni Bir Proje Ba\u015flat<\/span>\n\t\t\t\t\n\t\t\t\t\t\t\t\t\t<span class=\"icon fa fa-angle-right\"><\/span>\n\t\t\t\t\t\t\t<\/a>\n\t\t<\/div>\n\t<\/div>\n\n<\/div>[vc_empty_space height=&#8221;20px&#8221;][\/vc_column][\/vc_row]\n<\/div>","protected":false},"excerpt":{"rendered":"<p>[vc_row gap=&#8221;35&#8243; equal_height=&#8221;yes&#8221;][vc_column][vc_empty_space height=&#8221;50px&#8221; el_class=&#8221;norebro-phone-space&#8221;][vc_single_image image=&#8221;13564&#8243; img_size=&#8221;full&#8221;][vc_empty_space height=&#8221;50px&#8221; el_class=&#8221;norebro-phone-space&#8221;][vc_separator color=&#8221;custom&#8221; border_width=&#8221;2&#8243; css=&#8221;.vc_custom_1515368849756{padding-top: 30px !important;padding-bottom:&#8230;<\/p>\n","protected":false},"author":1,"featured_media":0,"parent":12975,"menu_order":0,"comment_status":"closed","ping_status":"closed","template":"","meta":{"footnotes":""},"tags":[],"class_list":["post-13253","page","type-page","status-publish","hentry"],"_links":{"self":[{"href":"https:\/\/ajansso.com\/tr\/wp-json\/wp\/v2\/pages\/13253","targetHints":{"allow":["GET"]}}],"collection":[{"href":"https:\/\/ajansso.com\/tr\/wp-json\/wp\/v2\/pages"}],"about":[{"href":"https:\/\/ajansso.com\/tr\/wp-json\/wp\/v2\/types\/page"}],"author":[{"embeddable":true,"href":"https:\/\/ajansso.com\/tr\/wp-json\/wp\/v2\/users\/1"}],"replies":[{"embeddable":true,"href":"https:\/\/ajansso.com\/tr\/wp-json\/wp\/v2\/comments?post=13253"}],"version-history":[{"count":0,"href":"https:\/\/ajansso.com\/tr\/wp-json\/wp\/v2\/pages\/13253\/revisions"}],"up":[{"embeddable":true,"href":"https:\/\/ajansso.com\/tr\/wp-json\/wp\/v2\/pages\/12975"}],"wp:attachment":[{"href":"https:\/\/ajansso.com\/tr\/wp-json\/wp\/v2\/media?parent=13253"}],"wp:term":[{"taxonomy":"post_tag","embeddable":true,"href":"https:\/\/ajansso.com\/tr\/wp-json\/wp\/v2\/tags?post=13253"}],"curies":[{"name":"wp","href":"https:\/\/api.w.org\/{rel}","templated":true}]}}