{"id":13255,"date":"2018-01-08T00:08:26","date_gmt":"2018-01-08T00:08:26","guid":{"rendered":"https:\/\/www.ajansso.com\/tr\/?page_id=13255"},"modified":"2019-04-19T13:39:23","modified_gmt":"2019-04-19T13:39:23","slug":"ios-uygulama-gelistirme","status":"publish","type":"page","link":"https:\/\/ajansso.com\/tr\/yazilim-gelistirme\/ios-uygulama-gelistirme\/","title":{"rendered":"iOS Uygulama Geli\u015ftirme"},"content":{"rendered":"<div class=\"wpb-content-wrapper\">[vc_row gap=&#8221;35&#8243; equal_height=&#8221;yes&#8221;][vc_column][vc_empty_space height=&#8221;50px&#8221; el_class=&#8221;norebro-phone-space&#8221;][vc_single_image image=&#8221;13562&#8243; img_size=&#8221;full&#8221;][vc_empty_space height=&#8221;50px&#8221; el_class=&#8221;norebro-phone-space&#8221;]<div class=\"norebro-heading-sc heading text-left\"\n\tid=\"norebro-custom-69f0c1bd3d890\" \n\t data-aos=\"fade-left\" \n\t data-aos-duration=\"600\">\n\t\n\t\n\t\n\t<h3 class=\"title\">\n\t\tYaz\u0131l\u0131m Geli\u015ftirme\t<\/h3>\n\n\t\n\t\t\t<p class=\"subtitle\">\n\t\t\t\t\t<\/p>\n\t\t\n<\/div><div class=\"norebro-heading-sc heading text-left\"\n\tid=\"norebro-custom-69f0c1bd3d8d1\" \n\t data-aos=\"fade-left\" \n\t data-aos-duration=\"600\">\n\t\n\t\n\t\n\t<h3 class=\"title\">\n\t\tiOS Uygulama Geli\u015ftirme\t<\/h3>\n\n\t\n\t\t\t<p class=\"subtitle\">\n\t\t\t\t\t<\/p>\n\t\t\n<\/div><div class=\"norebro-text-sc \" \n\tid=\"norebro-custom-69f0c1bd3d8f3\" \n\t \n\t>\n\n\t<p>Ajansso, mevcut ve potansiyel m\u00fc\u015fterilerinizle g\u00fc\u00e7l\u00fc temaslar kurman\u0131z i\u00e7in IOS tabanl\u0131 mobil uygulama geli\u015ftirme konusunda da imdada yeti\u015fiyor. Sekt\u00f6rde uzun y\u0131llar \u00e7al\u0131\u015fan yarat\u0131c\u0131 yaz\u0131l\u0131m ekibimizle t\u00fcm IOS i\u015fletim sistemli cihazlarda sorunsuz bir \u015fekilde kullan\u0131lacak uygulamalar ortaya koyuyoruz.<\/p>\n\t\n<\/div>[vc_separator color=&#8221;custom&#8221; border_width=&#8221;2&#8243; css=&#8221;.vc_custom_1515368849756{padding-top: 30px !important;padding-bottom: 30px !important;}&#8221; accent_color=&#8221;#ff0d00&#8243;]<div class=\"norebro-text-sc \" \n\tid=\"norebro-custom-69f0c1bd3d927\" \n\t \n\t>\n\n\t<p>Pek \u00e7ok ki\u015fi i\u00e7in vazge\u00e7ilmez bir konumda olan IOS i\u015fletim sistemi, di\u011fer emsallerine g\u00f6re daha karma\u015f\u0131k bir yap\u0131da oldu\u011fu i\u00e7in uzman ki\u015filer taraf\u0131ndan kodlanmal\u0131d\u0131r. Ajansso, sekt\u00f6rel bazdaki geli\u015fmeleri yak\u0131ndan izleyen profesyonelleriyle ihtiyac\u0131n\u0131zdan \u00e7ok daha fazlas\u0131n\u0131 sunan bir yap\u0131ya sahiptir.<\/p>\n<p>&nbsp;<\/p>\n<p><strong>Modern Zaman\u0131 Ajansso ile Takip Edin<\/strong><\/p>\n<p>Mobil cihazlar giderek y\u00fckselen bir yayg\u0131nl\u0131k grafi\u011fi ortaya koymakta. Ya\u015f\u0131, cinsiyeti ve sosyal stat\u00fcs\u00fc ne olursa olsun her birey uygulamalarla tan\u0131\u015fmaktan son derece memnun. Ajansso, kullan\u0131c\u0131n\u0131n bu y\u00f6ndeki e\u011filimini firman\u0131z\u0131n lehine \u00e7evirmek i\u00e7in gereken o fikirli dokunu\u015flar\u0131 b\u00fcy\u00fck bir ustal\u0131kla yap\u0131yor.<\/p>\n<p>IOS uygulama geli\u015ftirme alan\u0131ndaki talepleriniz ve bir hayaliniz varsa bizimle payla\u015fmaktan \u00e7ekinmeyin. Ajansso, fikirlerin ye\u015ferip zihinlere ula\u015ft\u0131\u011f\u0131 bir \u00e7\u00f6z\u00fcm yuvas\u0131d\u0131r.<\/p>\n\t\n<\/div>[vc_empty_space height=&#8221;50px&#8221; el_class=&#8221;norebro-phone-space&#8221;][\/vc_column][\/vc_row][vc_row full_width=&#8221;stretch_row&#8221; css=&#8221;.vc_custom_1555520897733{background-color: #ff0d00 !important;}&#8221;][vc_column css=&#8221;.vc_custom_1555520187958{margin-bottom: 30px !important;}&#8221;][vc_empty_space height=&#8221;20px&#8221;]<div class=\"norebro-cta-sc call-to-action\"\n\tid=\"norebro-custom-69f0c1bd3d954\"\n\t \n\t>\n\n\t<div class=\"content-center\">\n\t\t<div class=\"wrap\">\n\t\t\t<h3 class=\"title\">\n\t\t\t\tYukar\u0131daki hizmet hakk\u0131nda proje ihtiyac\u0131n\u0131z m\u0131 var?\t\t\t<\/h3>\n\t\t\t\t\t\t\t<p class=\"subtitle\">\n\t\t\t\t\tAjansso, ba\u015far\u0131lar\u0131n\u0131za ortak olmak i\u00e7in t\u00fcm g\u00fcc\u00fcyle \u00e7al\u0131\u015f\u0131yor.\t\t\t\t<\/p>\n\t\t\t\t\t<\/div>\n\n\t\t<div class=\"wrap\">\n\t\t\t<a href=\"https:\/\/www.ajansso.com\/tr\/iletisim\/\" \n\t\t\tclass=\"btn btn-white btn-outline\">\n\t\t\t\t\t\t\t\t\n\t\t\t\t<span class=\"text\">Yeni Bir Proje Ba\u015flat<\/span>\n\t\t\t\t\n\t\t\t\t\t\t\t\t\t<span class=\"icon fa fa-angle-right\"><\/span>\n\t\t\t\t\t\t\t<\/a>\n\t\t<\/div>\n\t<\/div>\n\n<\/div>[vc_empty_space height=&#8221;20px&#8221;][\/vc_column][\/vc_row]\n<\/div>","protected":false},"excerpt":{"rendered":"<p>[vc_row gap=&#8221;35&#8243; equal_height=&#8221;yes&#8221;][vc_column][vc_empty_space height=&#8221;50px&#8221; el_class=&#8221;norebro-phone-space&#8221;][vc_single_image image=&#8221;13562&#8243; img_size=&#8221;full&#8221;][vc_empty_space height=&#8221;50px&#8221; el_class=&#8221;norebro-phone-space&#8221;][vc_separator color=&#8221;custom&#8221; border_width=&#8221;2&#8243; css=&#8221;.vc_custom_1515368849756{padding-top: 30px !important;padding-bottom:&#8230;<\/p>\n","protected":false},"author":1,"featured_media":0,"parent":12975,"menu_order":0,"comment_status":"closed","ping_status":"closed","template":"","meta":{"footnotes":""},"tags":[],"class_list":["post-13255","page","type-page","status-publish","hentry"],"_links":{"self":[{"href":"https:\/\/ajansso.com\/tr\/wp-json\/wp\/v2\/pages\/13255","targetHints":{"allow":["GET"]}}],"collection":[{"href":"https:\/\/ajansso.com\/tr\/wp-json\/wp\/v2\/pages"}],"about":[{"href":"https:\/\/ajansso.com\/tr\/wp-json\/wp\/v2\/types\/page"}],"author":[{"embeddable":true,"href":"https:\/\/ajansso.com\/tr\/wp-json\/wp\/v2\/users\/1"}],"replies":[{"embeddable":true,"href":"https:\/\/ajansso.com\/tr\/wp-json\/wp\/v2\/comments?post=13255"}],"version-history":[{"count":0,"href":"https:\/\/ajansso.com\/tr\/wp-json\/wp\/v2\/pages\/13255\/revisions"}],"up":[{"embeddable":true,"href":"https:\/\/ajansso.com\/tr\/wp-json\/wp\/v2\/pages\/12975"}],"wp:attachment":[{"href":"https:\/\/ajansso.com\/tr\/wp-json\/wp\/v2\/media?parent=13255"}],"wp:term":[{"taxonomy":"post_tag","embeddable":true,"href":"https:\/\/ajansso.com\/tr\/wp-json\/wp\/v2\/tags?post=13255"}],"curies":[{"name":"wp","href":"https:\/\/api.w.org\/{rel}","templated":true}]}}