{"id":13261,"date":"2018-01-08T00:10:11","date_gmt":"2018-01-08T00:10:11","guid":{"rendered":"https:\/\/www.ajansso.com\/tr\/?page_id=13261"},"modified":"2019-04-19T13:34:47","modified_gmt":"2019-04-19T13:34:47","slug":"web-tasarim","status":"publish","type":"page","link":"https:\/\/ajansso.com\/tr\/tasarim-hizmetleri\/web-tasarim\/","title":{"rendered":"Web Tasar\u0131m"},"content":{"rendered":"<div class=\"wpb-content-wrapper\">[vc_row gap=&#8221;35&#8243; equal_height=&#8221;yes&#8221;][vc_column][vc_empty_space height=&#8221;50px&#8221; el_class=&#8221;norebro-phone-space&#8221;][vc_single_image image=&#8221;13593&#8243; img_size=&#8221;full&#8221;][vc_empty_space height=&#8221;50px&#8221; el_class=&#8221;norebro-phone-space&#8221;]<div class=\"norebro-heading-sc heading text-left\"\n\tid=\"norebro-custom-69f0c1b35d89d\" \n\t data-aos=\"fade-left\" \n\t data-aos-duration=\"600\">\n\t\n\t\n\t\n\t<h3 class=\"title\">\n\t\tTasar\u0131m Hizmetleri\t<\/h3>\n\n\t\n\t\t\t<p class=\"subtitle\">\n\t\t\t\t\t<\/p>\n\t\t\n<\/div><div class=\"norebro-heading-sc heading text-left\"\n\tid=\"norebro-custom-69f0c1b35d95c\" \n\t data-aos=\"fade-left\" \n\t data-aos-duration=\"600\">\n\t\n\t\n\t\n\t<h3 class=\"title\">\n\t\tWeb Tasar\u0131m\t<\/h3>\n\n\t\n\t\t\t<p class=\"subtitle\">\n\t\t\t\t\t<\/p>\n\t\t\n<\/div><div class=\"norebro-text-sc \" \n\tid=\"norebro-custom-69f0c1b35d9a9\" \n\t \n\t>\n\n\t<p>Ajansso, firman\u0131z i\u00e7in tasarlanan siteyi ziyaret eden her ki\u015finin potansiyel bir m\u00fc\u015fteri oldu\u011funu bilir ve bu y\u00f6nde hareket eder. G\u00fcn\u00fcm\u00fczde bir firman\u0131n internet sitesi onun i\u00e7in bir tabeladan farkl\u0131 olarak kendini ifade edebilece\u011fi bir platform haline gelmi\u015ftir. Bu y\u00fczden tasar\u0131m\u0131 ekstra \u00f6zen ve dikkat ister.<\/p>\n\t\n<\/div>[vc_separator color=&#8221;custom&#8221; border_width=&#8221;2&#8243; css=&#8221;.vc_custom_1515368849756{padding-top: 30px !important;padding-bottom: 30px !important;}&#8221; accent_color=&#8221;#ff0d00&#8243;]<div class=\"norebro-text-sc \" \n\tid=\"norebro-custom-69f0c1b35da07\" \n\t \n\t>\n\n\t<p>Web sitenizin g\u00f6rselli\u011fi ve i\u00e7erik kalitesi bir b\u00fct\u00fcn olarak ele al\u0131nd\u0131\u011f\u0131nda ba\u015far\u0131l\u0131 sonu\u00e7lar ortaya konabilir. Sekt\u00f6rdeki faaliyetlerimiz ve bug\u00fcne kadar birlikte \u00e7\u00f6z\u00fcmler \u00fcretti\u011fimiz firmalar\u0131n bize kazand\u0131rd\u0131\u011f\u0131 en b\u00fcy\u00fck niteliklerden biri neye ihtiyac\u0131n\u0131z oldu\u011funu net olarak anlayabilmemizdir.<\/p>\n<p>&nbsp;<\/p>\n<p><strong>Par\u00e7alar B\u00fct\u00fcne, B\u00fct\u00fcn Esteti\u011fe\u2026<\/strong><\/p>\n<p>Ajansso, yapt\u0131\u011f\u0131 i\u015fin \u201c\u015f\u0131k\u201d durmas\u0131 noktas\u0131nda hassast\u0131r. Ziyaret\u00e7iler i\u00e7in siteyi merak ettiren ve keyifle vakit ge\u00e7irmelerini sa\u011flayan \u00f6zellik de i\u015fte bu \u015f\u0131kl\u0131kta sakl\u0131d\u0131r. \u00d6zg\u00fcn fikirler ortaya koyan tasar\u0131mc\u0131lar\u0131m\u0131z size benzersiz bir deneyim ya\u015fatmak i\u00e7in \u00e7al\u0131\u015f\u0131r.<\/p>\n<p>Siteniz tamamland\u0131\u011f\u0131nda \u201cgibi\u201d olmaz. Sizi tam olarak yans\u0131t\u0131r ve ihtiyac\u0131n\u0131za en \u00fcst seviyede cevap verir. \u00c7\u00fcnk\u00fc Ajansso, orijinal i\u015flere imza atmay\u0131 bir farkl\u0131l\u0131k de\u011fil sorumluluk olarak g\u00f6r\u00fcr.<\/p>\n\t\n<\/div>[vc_empty_space height=&#8221;50px&#8221; el_class=&#8221;norebro-phone-space&#8221;][\/vc_column][\/vc_row][vc_row full_width=&#8221;stretch_row&#8221; css=&#8221;.vc_custom_1555520897733{background-color: #ff0d00 !important;}&#8221;][vc_column css=&#8221;.vc_custom_1555520187958{margin-bottom: 30px !important;}&#8221;][vc_empty_space height=&#8221;20px&#8221;]<div class=\"norebro-cta-sc call-to-action\"\n\tid=\"norebro-custom-69f0c1b35da64\"\n\t \n\t>\n\n\t<div class=\"content-center\">\n\t\t<div class=\"wrap\">\n\t\t\t<h3 class=\"title\">\n\t\t\t\tYukar\u0131daki hizmet hakk\u0131nda proje ihtiyac\u0131n\u0131z m\u0131 var?\t\t\t<\/h3>\n\t\t\t\t\t\t\t<p class=\"subtitle\">\n\t\t\t\t\tAjansso, ba\u015far\u0131lar\u0131n\u0131za ortak olmak i\u00e7in t\u00fcm g\u00fcc\u00fcyle \u00e7al\u0131\u015f\u0131yor.\t\t\t\t<\/p>\n\t\t\t\t\t<\/div>\n\n\t\t<div class=\"wrap\">\n\t\t\t<a href=\"https:\/\/www.ajansso.com\/tr\/iletisim\/\" \n\t\t\tclass=\"btn btn-white btn-outline\">\n\t\t\t\t\t\t\t\t\n\t\t\t\t<span class=\"text\">Yeni Bir Proje Ba\u015flat<\/span>\n\t\t\t\t\n\t\t\t\t\t\t\t\t\t<span class=\"icon fa fa-angle-right\"><\/span>\n\t\t\t\t\t\t\t<\/a>\n\t\t<\/div>\n\t<\/div>\n\n<\/div>[vc_empty_space height=&#8221;20px&#8221;][\/vc_column][\/vc_row]\n<\/div>","protected":false},"excerpt":{"rendered":"<p>[vc_row gap=&#8221;35&#8243; equal_height=&#8221;yes&#8221;][vc_column][vc_empty_space height=&#8221;50px&#8221; el_class=&#8221;norebro-phone-space&#8221;][vc_single_image image=&#8221;13593&#8243; img_size=&#8221;full&#8221;][vc_empty_space height=&#8221;50px&#8221; el_class=&#8221;norebro-phone-space&#8221;][vc_separator color=&#8221;custom&#8221; border_width=&#8221;2&#8243; css=&#8221;.vc_custom_1515368849756{padding-top: 30px !important;padding-bottom:&#8230;<\/p>\n","protected":false},"author":1,"featured_media":0,"parent":12979,"menu_order":0,"comment_status":"closed","ping_status":"closed","template":"","meta":{"footnotes":""},"tags":[],"class_list":["post-13261","page","type-page","status-publish","hentry"],"_links":{"self":[{"href":"https:\/\/ajansso.com\/tr\/wp-json\/wp\/v2\/pages\/13261","targetHints":{"allow":["GET"]}}],"collection":[{"href":"https:\/\/ajansso.com\/tr\/wp-json\/wp\/v2\/pages"}],"about":[{"href":"https:\/\/ajansso.com\/tr\/wp-json\/wp\/v2\/types\/page"}],"author":[{"embeddable":true,"href":"https:\/\/ajansso.com\/tr\/wp-json\/wp\/v2\/users\/1"}],"replies":[{"embeddable":true,"href":"https:\/\/ajansso.com\/tr\/wp-json\/wp\/v2\/comments?post=13261"}],"version-history":[{"count":0,"href":"https:\/\/ajansso.com\/tr\/wp-json\/wp\/v2\/pages\/13261\/revisions"}],"up":[{"embeddable":true,"href":"https:\/\/ajansso.com\/tr\/wp-json\/wp\/v2\/pages\/12979"}],"wp:attachment":[{"href":"https:\/\/ajansso.com\/tr\/wp-json\/wp\/v2\/media?parent=13261"}],"wp:term":[{"taxonomy":"post_tag","embeddable":true,"href":"https:\/\/ajansso.com\/tr\/wp-json\/wp\/v2\/tags?post=13261"}],"curies":[{"name":"wp","href":"https:\/\/api.w.org\/{rel}","templated":true}]}}