{"id":13263,"date":"2018-01-08T00:10:30","date_gmt":"2018-01-08T00:10:30","guid":{"rendered":"https:\/\/www.ajansso.com\/tr\/?page_id=13263"},"modified":"2019-04-19T13:32:34","modified_gmt":"2019-04-19T13:32:34","slug":"landing-page-tasarimi","status":"publish","type":"page","link":"https:\/\/ajansso.com\/tr\/tasarim-hizmetleri\/landing-page-tasarimi\/","title":{"rendered":"Landing Page Tasar\u0131m\u0131"},"content":{"rendered":"<div class=\"wpb-content-wrapper\">[vc_row gap=&#8221;35&#8243; equal_height=&#8221;yes&#8221;][vc_column][vc_empty_space height=&#8221;50px&#8221; el_class=&#8221;norebro-phone-space&#8221;][vc_single_image image=&#8221;13591&#8243; img_size=&#8221;full&#8221;][vc_empty_space height=&#8221;50px&#8221; el_class=&#8221;norebro-phone-space&#8221;]<div class=\"norebro-heading-sc heading text-left\"\n\tid=\"norebro-custom-69f0c1b349bcf\" \n\t data-aos=\"fade-left\" \n\t data-aos-duration=\"600\">\n\t\n\t\n\t\n\t<h3 class=\"title\">\n\t\tTasar\u0131m Hizmetleri\t<\/h3>\n\n\t\n\t\t\t<p class=\"subtitle\">\n\t\t\t\t\t<\/p>\n\t\t\n<\/div><div class=\"norebro-heading-sc heading text-left\"\n\tid=\"norebro-custom-69f0c1b349c41\" \n\t data-aos=\"fade-left\" \n\t data-aos-duration=\"600\">\n\t\n\t\n\t\n\t<h3 class=\"title\">\n\t\tLanding Page Tasar\u0131m\u0131\t<\/h3>\n\n\t\n\t\t\t<p class=\"subtitle\">\n\t\t\t\t\t<\/p>\n\t\t\n<\/div><div class=\"norebro-text-sc \" \n\tid=\"norebro-custom-69f0c1b349c6f\" \n\t \n\t>\n\n\t<p>Firman\u0131z\u0131n sundu\u011fu bir \u00fcr\u00fcn veya bir kampanya hakk\u0131nda \u00e7e\u015fitli mecralara reklam verebilirsiniz. Bu reklamlar ziyaret\u00e7iyi sitenize \u00e7ekmek i\u00e7in yeterli olabilir. Ancak ziyaret\u00e7iyi m\u00fc\u015fteriye d\u00f6n\u00fc\u015ft\u00fcrmenin p\u00fcf noktas\u0131 iyi bir landing page tasar\u0131m\u0131nda sakl\u0131d\u0131r.<\/p>\n\t\n<\/div>[vc_separator color=&#8221;custom&#8221; border_width=&#8221;2&#8243; css=&#8221;.vc_custom_1515368849756{padding-top: 30px !important;padding-bottom: 30px !important;}&#8221; accent_color=&#8221;#ff0d00&#8243;]<div class=\"norebro-text-sc \" \n\tid=\"norebro-custom-69f0c1b349ca1\" \n\t \n\t>\n\n\t<p>Landing page, T\u00fcrk\u00e7e ad\u0131yla ini\u015f sayfas\u0131, sitenize ba\u015fka bir kanaldan gelen ziyaret\u00e7ilerin bir aksiyon ortaya koyduklar\u0131 sayfad\u0131r. Verdi\u011finiz reklama ilk bulu\u015fma dersek, landing page\u2019te ziyaret\u00e7inizi kar\u015f\u0131lamak ikinci randevunuzdur ve ili\u015fkinin gidi\u015fat\u0131n\u0131 b\u00fcy\u00fck \u00f6l\u00e7\u00fcde belirleyen k\u0131s\u0131md\u0131r.<\/p>\n<p>&nbsp;<\/p>\n<p><strong>Birikim + Beceri + Yarat\u0131c\u0131l\u0131k = Ajansso<\/strong><\/p>\n<p>Ajansso, mobil ve masa\u00fcst\u00fc t\u00fcm cihazlarla uyumlu, h\u0131zl\u0131, dikkat \u00e7ekici i\u00e7eriklerle bezenmi\u015f ve stratejinize uygun bir tasar\u0131m sunarak ziyaret\u00e7ilerinizi m\u00fc\u015fteriye d\u00f6n\u00fc\u015ft\u00fcrmeniz i\u00e7in en uygun ortam\u0131 haz\u0131rlar.<\/p>\n<p>Dijital marketing ara\u00e7lar\u0131n\u0131 ve gerekli A\/B testlerini en verimli \u015fekilde kullanan uzmanlar\u0131m\u0131z, sizi do\u011frudan \u00e7\u00f6z\u00fcme ula\u015ft\u0131racak ve karl\u0131l\u0131\u011f\u0131n\u0131z\u0131 art\u0131racak \u00e7\u00f6z\u00fcmler sunar. \u00c7\u00fcnk\u00fc Ajansso, \u00e7a\u011f\u0131n gerisinde kalmay\u0131n diye var!<\/p>\n\t\n<\/div>[vc_empty_space height=&#8221;50px&#8221; el_class=&#8221;norebro-phone-space&#8221;][\/vc_column][\/vc_row][vc_row full_width=&#8221;stretch_row&#8221; css=&#8221;.vc_custom_1555520897733{background-color: #ff0d00 !important;}&#8221;][vc_column css=&#8221;.vc_custom_1555520187958{margin-bottom: 30px !important;}&#8221;][vc_empty_space height=&#8221;20px&#8221;]<div class=\"norebro-cta-sc call-to-action\"\n\tid=\"norebro-custom-69f0c1b349cdb\"\n\t \n\t>\n\n\t<div class=\"content-center\">\n\t\t<div class=\"wrap\">\n\t\t\t<h3 class=\"title\">\n\t\t\t\tYukar\u0131daki hizmet hakk\u0131nda proje ihtiyac\u0131n\u0131z m\u0131 var?\t\t\t<\/h3>\n\t\t\t\t\t\t\t<p class=\"subtitle\">\n\t\t\t\t\tAjansso, ba\u015far\u0131lar\u0131n\u0131za ortak olmak i\u00e7in t\u00fcm g\u00fcc\u00fcyle \u00e7al\u0131\u015f\u0131yor.\t\t\t\t<\/p>\n\t\t\t\t\t<\/div>\n\n\t\t<div class=\"wrap\">\n\t\t\t<a href=\"https:\/\/www.ajansso.com\/tr\/iletisim\/\" \n\t\t\tclass=\"btn btn-white btn-outline\">\n\t\t\t\t\t\t\t\t\n\t\t\t\t<span class=\"text\">Yeni Bir Proje Ba\u015flat<\/span>\n\t\t\t\t\n\t\t\t\t\t\t\t\t\t<span class=\"icon fa fa-angle-right\"><\/span>\n\t\t\t\t\t\t\t<\/a>\n\t\t<\/div>\n\t<\/div>\n\n<\/div>[vc_empty_space height=&#8221;20px&#8221;][\/vc_column][\/vc_row]\n<\/div>","protected":false},"excerpt":{"rendered":"<p>[vc_row gap=&#8221;35&#8243; equal_height=&#8221;yes&#8221;][vc_column][vc_empty_space height=&#8221;50px&#8221; el_class=&#8221;norebro-phone-space&#8221;][vc_single_image image=&#8221;13591&#8243; img_size=&#8221;full&#8221;][vc_empty_space height=&#8221;50px&#8221; el_class=&#8221;norebro-phone-space&#8221;][vc_separator color=&#8221;custom&#8221; border_width=&#8221;2&#8243; css=&#8221;.vc_custom_1515368849756{padding-top: 30px !important;padding-bottom:&#8230;<\/p>\n","protected":false},"author":1,"featured_media":0,"parent":12979,"menu_order":0,"comment_status":"closed","ping_status":"closed","template":"","meta":{"footnotes":""},"tags":[],"class_list":["post-13263","page","type-page","status-publish","hentry"],"_links":{"self":[{"href":"https:\/\/ajansso.com\/tr\/wp-json\/wp\/v2\/pages\/13263","targetHints":{"allow":["GET"]}}],"collection":[{"href":"https:\/\/ajansso.com\/tr\/wp-json\/wp\/v2\/pages"}],"about":[{"href":"https:\/\/ajansso.com\/tr\/wp-json\/wp\/v2\/types\/page"}],"author":[{"embeddable":true,"href":"https:\/\/ajansso.com\/tr\/wp-json\/wp\/v2\/users\/1"}],"replies":[{"embeddable":true,"href":"https:\/\/ajansso.com\/tr\/wp-json\/wp\/v2\/comments?post=13263"}],"version-history":[{"count":0,"href":"https:\/\/ajansso.com\/tr\/wp-json\/wp\/v2\/pages\/13263\/revisions"}],"up":[{"embeddable":true,"href":"https:\/\/ajansso.com\/tr\/wp-json\/wp\/v2\/pages\/12979"}],"wp:attachment":[{"href":"https:\/\/ajansso.com\/tr\/wp-json\/wp\/v2\/media?parent=13263"}],"wp:term":[{"taxonomy":"post_tag","embeddable":true,"href":"https:\/\/ajansso.com\/tr\/wp-json\/wp\/v2\/tags?post=13263"}],"curies":[{"name":"wp","href":"https:\/\/api.w.org\/{rel}","templated":true}]}}