{"id":13266,"date":"2018-01-08T00:11:00","date_gmt":"2018-01-08T00:11:00","guid":{"rendered":"https:\/\/www.ajansso.com\/tr\/?page_id=13266"},"modified":"2020-02-12T13:26:46","modified_gmt":"2020-02-12T13:26:46","slug":"grafik-tasarim","status":"publish","type":"page","link":"https:\/\/ajansso.com\/tr\/tasarim-hizmetleri\/grafik-tasarim\/","title":{"rendered":"Grafik Tasar\u0131m"},"content":{"rendered":"<div class=\"wpb-content-wrapper\">[vc_row gap=&#8221;35&#8243; equal_height=&#8221;yes&#8221;][vc_column][vc_empty_space height=&#8221;50px&#8221; el_class=&#8221;norebro-phone-space&#8221;][vc_single_image image=&#8221;13464&#8243; img_size=&#8221;full&#8221;][vc_empty_space height=&#8221;50px&#8221; el_class=&#8221;norebro-phone-space&#8221;]<div class=\"norebro-heading-sc heading text-left\"\n\tid=\"norebro-custom-69f0c1bbef506\" \n\t data-aos=\"fade-left\" \n\t data-aos-duration=\"600\">\n\t\n\t\n\t\n\t<h3 class=\"title\">\n\t\tTasar\u0131m Hizmetleri\t<\/h3>\n\n\t\n\t\t\t<p class=\"subtitle\">\n\t\t\t\t\t<\/p>\n\t\t\n<\/div><div class=\"norebro-heading-sc heading text-left\"\n\tid=\"norebro-custom-69f0c1bbef5af\" \n\t data-aos=\"fade-left\" \n\t data-aos-duration=\"600\">\n\t\n\t\n\t\n\t<h3 class=\"title\">\n\t\tGrafik Tasar\u0131m\t<\/h3>\n\n\t\n\t\t\t<p class=\"subtitle\">\n\t\t\t\t\t<\/p>\n\t\t\n<\/div><div class=\"norebro-text-sc \" \n\tid=\"norebro-custom-69f0c1bbef625\" \n\t \n\t>\n\n\t<p>Her firma \u00f6zg\u00fcn bir imaja sahip olmak ister. Bu amaca ula\u015fman\u0131n yollar\u0131ndan biri de \u00f6zg\u00fcn grafiklerle kurumsal kimli\u011fi tamamlamakt\u0131r. \u0130\u00e7 veya d\u0131\u015f mekanlar ve internet ortam\u0131 i\u00e7in olu\u015fturulan tasar\u0131mlar 2D, 3D ya da animasyon \u015feklinde olabilir. Ancak \u00f6nemli olan kreatif bir i\u015fin ortaya \u00e7\u0131kmas\u0131 ve do\u011frudan hedefe ula\u015ft\u0131rmas\u0131d\u0131r.<\/p>\n\t\n<\/div>[vc_separator color=&#8221;custom&#8221; border_width=&#8221;2&#8243; css=&#8221;.vc_custom_1515368849756{padding-top: 30px !important;padding-bottom: 30px !important;}&#8221; accent_color=&#8221;#ff0d00&#8243;]<div class=\"norebro-text-sc \" \n\tid=\"norebro-custom-69f0c1bbef6b8\" \n\t \n\t>\n\n\t<p><strong>Ajansso Fikirlere Ket Vurmaz<\/strong><\/p>\n<p>Biz, m\u00fc\u015fterilerimizin ihtiyac\u0131n\u0131 belirleyip ve fikirlerini dinledikten sonra \u00f6zg\u00fcrce \u00fcreten bir ekibiz. Profesyonel tasar\u0131mc\u0131lar\u0131m\u0131z, sekt\u00f6r\u00fc \u00e7ok iyi tan\u0131yan ve alanlar\u0131ndaki geli\u015fmelere son derece hakim ki\u015filerden olu\u015fur. Talebiniz ister banner olsun isterse bir d\u0131\u015f mekan afi\u015fi, piyasan\u0131n en geli\u015fmi\u015f yaz\u0131l\u0131mlar\u0131n\u0131 kullanarak kreatif ve tamamen size \u00f6zg\u00fc bir i\u015f ortaya \u00e7\u0131kar\u0131r\u0131z.<\/p>\n<p>Ajansso, periyodik bas\u0131lan dergi ve bro\u015f\u00fcrlerinizde, kartvizitlerinizde ve di\u011fer g\u00f6rsel ihtiya\u00e7lar\u0131n\u0131zda yan\u0131n\u0131zdad\u0131r. \u0130stenilen \u00f6l\u00e7\u00fclerde ve bask\u0131ya haz\u0131r \u015fekilde teslim etti\u011fimiz i\u015flerimiz, sizi \u201cdi\u011ferleri\u201d gibi olmaktan kurtar\u0131r.<\/p>\n\t\n<\/div>[vc_empty_space height=&#8221;50px&#8221; el_class=&#8221;norebro-phone-space&#8221;][\/vc_column][\/vc_row][vc_row full_width=&#8221;stretch_row&#8221; css=&#8221;.vc_custom_1555520897733{background-color: #ff0d00 !important;}&#8221;][vc_column css=&#8221;.vc_custom_1555520187958{margin-bottom: 30px !important;}&#8221;][vc_empty_space height=&#8221;20px&#8221;]<div class=\"norebro-cta-sc call-to-action\"\n\tid=\"norebro-custom-69f0c1bbef755\"\n\t \n\t>\n\n\t<div class=\"content-center\">\n\t\t<div class=\"wrap\">\n\t\t\t<h3 class=\"title\">\n\t\t\t\tYukar\u0131daki hizmet hakk\u0131nda proje ihtiyac\u0131n\u0131z m\u0131 var?\t\t\t<\/h3>\n\t\t\t\t\t\t\t<p class=\"subtitle\">\n\t\t\t\t\tAjansso, ba\u015far\u0131lar\u0131n\u0131za ortak olmak i\u00e7in t\u00fcm g\u00fcc\u00fcyle \u00e7al\u0131\u015f\u0131yor.\t\t\t\t<\/p>\n\t\t\t\t\t<\/div>\n\n\t\t<div class=\"wrap\">\n\t\t\t<a href=\"https:\/\/www.ajansso.com\/tr\/iletisim\/\" \n\t\t\tclass=\"btn btn-white btn-outline\">\n\t\t\t\t\t\t\t\t\n\t\t\t\t<span class=\"text\">Yeni Bir Proje Ba\u015flat<\/span>\n\t\t\t\t\n\t\t\t\t\t\t\t\t\t<span class=\"icon fa fa-angle-right\"><\/span>\n\t\t\t\t\t\t\t<\/a>\n\t\t<\/div>\n\t<\/div>\n\n<\/div>[vc_empty_space height=&#8221;20px&#8221;][\/vc_column][\/vc_row]\n<\/div>","protected":false},"excerpt":{"rendered":"<p>[vc_row gap=&#8221;35&#8243; equal_height=&#8221;yes&#8221;][vc_column][vc_empty_space height=&#8221;50px&#8221; el_class=&#8221;norebro-phone-space&#8221;][vc_single_image image=&#8221;13464&#8243; img_size=&#8221;full&#8221;][vc_empty_space height=&#8221;50px&#8221; el_class=&#8221;norebro-phone-space&#8221;][vc_separator color=&#8221;custom&#8221; border_width=&#8221;2&#8243; css=&#8221;.vc_custom_1515368849756{padding-top: 30px !important;padding-bottom:&#8230;<\/p>\n","protected":false},"author":1,"featured_media":0,"parent":12979,"menu_order":0,"comment_status":"closed","ping_status":"closed","template":"","meta":{"footnotes":""},"tags":[],"class_list":["post-13266","page","type-page","status-publish","hentry"],"_links":{"self":[{"href":"https:\/\/ajansso.com\/tr\/wp-json\/wp\/v2\/pages\/13266","targetHints":{"allow":["GET"]}}],"collection":[{"href":"https:\/\/ajansso.com\/tr\/wp-json\/wp\/v2\/pages"}],"about":[{"href":"https:\/\/ajansso.com\/tr\/wp-json\/wp\/v2\/types\/page"}],"author":[{"embeddable":true,"href":"https:\/\/ajansso.com\/tr\/wp-json\/wp\/v2\/users\/1"}],"replies":[{"embeddable":true,"href":"https:\/\/ajansso.com\/tr\/wp-json\/wp\/v2\/comments?post=13266"}],"version-history":[{"count":2,"href":"https:\/\/ajansso.com\/tr\/wp-json\/wp\/v2\/pages\/13266\/revisions"}],"predecessor-version":[{"id":13862,"href":"https:\/\/ajansso.com\/tr\/wp-json\/wp\/v2\/pages\/13266\/revisions\/13862"}],"up":[{"embeddable":true,"href":"https:\/\/ajansso.com\/tr\/wp-json\/wp\/v2\/pages\/12979"}],"wp:attachment":[{"href":"https:\/\/ajansso.com\/tr\/wp-json\/wp\/v2\/media?parent=13266"}],"wp:term":[{"taxonomy":"post_tag","embeddable":true,"href":"https:\/\/ajansso.com\/tr\/wp-json\/wp\/v2\/tags?post=13266"}],"curies":[{"name":"wp","href":"https:\/\/api.w.org\/{rel}","templated":true}]}}