{"id":13269,"date":"2018-01-08T00:11:34","date_gmt":"2018-01-08T00:11:34","guid":{"rendered":"https:\/\/www.ajansso.com\/tr\/?page_id=13269"},"modified":"2019-04-19T13:33:24","modified_gmt":"2019-04-19T13:33:24","slug":"logo-tasarim","status":"publish","type":"page","link":"https:\/\/ajansso.com\/tr\/tasarim-hizmetleri\/logo-tasarim\/","title":{"rendered":"Logo Tasar\u0131m"},"content":{"rendered":"<div class=\"wpb-content-wrapper\">[vc_row gap=&#8221;35&#8243; equal_height=&#8221;yes&#8221;][vc_column][vc_empty_space height=&#8221;50px&#8221; el_class=&#8221;norebro-phone-space&#8221;][vc_single_image image=&#8221;13589&#8243; img_size=&#8221;full&#8221;][vc_empty_space height=&#8221;50px&#8221; el_class=&#8221;norebro-phone-space&#8221;]<div class=\"norebro-heading-sc heading text-left\"\n\tid=\"norebro-custom-69ef6c4d4c6fa\" \n\t data-aos=\"fade-left\" \n\t data-aos-duration=\"600\">\n\t\n\t\n\t\n\t<h3 class=\"title\">\n\t\tTasar\u0131m Hizmetleri\t<\/h3>\n\n\t\n\t\t\t<p class=\"subtitle\">\n\t\t\t\t\t<\/p>\n\t\t\n<\/div><div class=\"norebro-heading-sc heading text-left\"\n\tid=\"norebro-custom-69ef6c4d4c777\" \n\t data-aos=\"fade-left\" \n\t data-aos-duration=\"600\">\n\t\n\t\n\t\n\t<h3 class=\"title\">\n\t\tLogo Tasar\u0131m\t<\/h3>\n\n\t\n\t\t\t<p class=\"subtitle\">\n\t\t\t\t\t<\/p>\n\t\t\n<\/div><div class=\"norebro-text-sc \" \n\tid=\"norebro-custom-69ef6c4d4c79f\" \n\t \n\t>\n\n\t<p>\u0130yi tasarlanm\u0131\u015f bir logo, firman\u0131z\u0131 i\u015f d\u00fcnyas\u0131n\u0131n zorlu m\u00fccadelesine 1-0 \u00f6nde ba\u015flat\u0131r. Ajansso, onlarca farkl\u0131 sekt\u00f6rden referans\u0131yla bu alanda da uzmanl\u0131\u011f\u0131n\u0131 kan\u0131tlam\u0131\u015ft\u0131r.<\/p>\n\t\n<\/div>[vc_separator color=&#8221;custom&#8221; border_width=&#8221;2&#8243; css=&#8221;.vc_custom_1515368849756{padding-top: 30px !important;padding-bottom: 30px !important;}&#8221; accent_color=&#8221;#ff0d00&#8243;]<div class=\"norebro-text-sc \" \n\tid=\"norebro-custom-69ef6c4d4c7d3\" \n\t \n\t>\n\n\t<p>Logo bir \u015firket i\u00e7in ilk izlenimden \u00e7ok daha fazlas\u0131. Kimi zaman m\u00fc\u015fterileri kucaklayan g\u00fcler y\u00fczl\u00fc bir kar\u015f\u0131lay\u0131c\u0131 kimi zaman g\u00fcvenin sembol\u00fc. Bununla birlikte kurumsal kimli\u011fin de atardamar\u0131d\u0131r. Kurulu\u015fun temsilini ve ak\u0131lda kal\u0131c\u0131l\u0131\u011f\u0131n\u0131 \u00fcstlenir. Prestij sahibi olmak isteyen bir firman\u0131n logosunda asla kolaya ka\u00e7\u0131lmamal\u0131 ve \u00f6zg\u00fcnl\u00fck kriterlerinden taviz verilmemelidir.<\/p>\n<p>&nbsp;<\/p>\n<p><strong>Ajansso ile Logonuz Emin Ellerde<\/strong><\/p>\n<p>Ajansso, sizi kimseye benzemeyece\u011finiz bir noktaya ta\u015f\u0131r. \u0130maj\u0131n\u0131z\u0131 milimetrik dokunu\u015flarla \u00e7izer ve \u015firket dinami\u011finizi e\u015fsiz bir g\u00f6rsel olarak kar\u015f\u0131n\u0131za \u00e7\u0131kar\u0131r. Her t\u00fcrl\u00fc teknik detay d\u00fc\u015f\u00fcn\u00fclerek haz\u0131rlanan logonuz, bask\u0131da, dijital reklamlarda ve promosyon \u00fcr\u00fcnlerinin \u00fcst\u00fcnde kullan\u0131labilecek \u015fekilde size teslim edilir.<\/p>\n<p>Bilmenizi isteriz ki Ajansso varsa pani\u011fe gerek yok. Modern \u00e7a\u011fa ve rekabet\u00e7i yap\u0131ya uygun olarak tasarlanan logonuzun hayal etti\u011finizin \u00e7ok \u00f6tesinde olaca\u011f\u0131n\u0131 garanti ediyoruz. Tabi ki, alk\u0131\u015flayabilirsiniz!<\/p>\n\t\n<\/div>[vc_empty_space height=&#8221;50px&#8221; el_class=&#8221;norebro-phone-space&#8221;][\/vc_column][\/vc_row][vc_row full_width=&#8221;stretch_row&#8221; css=&#8221;.vc_custom_1555520897733{background-color: #ff0d00 !important;}&#8221;][vc_column css=&#8221;.vc_custom_1555520187958{margin-bottom: 30px !important;}&#8221;][vc_empty_space height=&#8221;20px&#8221;]<div class=\"norebro-cta-sc call-to-action\"\n\tid=\"norebro-custom-69ef6c4d4c807\"\n\t \n\t>\n\n\t<div class=\"content-center\">\n\t\t<div class=\"wrap\">\n\t\t\t<h3 class=\"title\">\n\t\t\t\tYukar\u0131daki hizmetler hakk\u0131nda proje ihtiyac\u0131n\u0131z m\u0131 var?\t\t\t<\/h3>\n\t\t\t\t\t\t\t<p class=\"subtitle\">\n\t\t\t\t\tAjansso, ba\u015far\u0131lar\u0131n\u0131za ortak olmak i\u00e7in t\u00fcm g\u00fcc\u00fcyle \u00e7al\u0131\u015f\u0131yor.\t\t\t\t<\/p>\n\t\t\t\t\t<\/div>\n\n\t\t<div class=\"wrap\">\n\t\t\t<a href=\"https:\/\/www.ajansso.com\/tr\/iletisim\/\" \n\t\t\tclass=\"btn btn-white btn-outline\">\n\t\t\t\t\t\t\t\t\n\t\t\t\t<span class=\"text\">Yeni Bir Proje Ba\u015flat<\/span>\n\t\t\t\t\n\t\t\t\t\t\t\t\t\t<span class=\"icon fa fa-angle-right\"><\/span>\n\t\t\t\t\t\t\t<\/a>\n\t\t<\/div>\n\t<\/div>\n\n<\/div>[vc_empty_space height=&#8221;20px&#8221;][\/vc_column][\/vc_row]\n<\/div>","protected":false},"excerpt":{"rendered":"<p>[vc_row gap=&#8221;35&#8243; equal_height=&#8221;yes&#8221;][vc_column][vc_empty_space height=&#8221;50px&#8221; el_class=&#8221;norebro-phone-space&#8221;][vc_single_image image=&#8221;13589&#8243; img_size=&#8221;full&#8221;][vc_empty_space height=&#8221;50px&#8221; el_class=&#8221;norebro-phone-space&#8221;][vc_separator color=&#8221;custom&#8221; border_width=&#8221;2&#8243; css=&#8221;.vc_custom_1515368849756{padding-top: 30px !important;padding-bottom:&#8230;<\/p>\n","protected":false},"author":1,"featured_media":0,"parent":12979,"menu_order":0,"comment_status":"closed","ping_status":"closed","template":"","meta":{"footnotes":""},"tags":[],"class_list":["post-13269","page","type-page","status-publish","hentry"],"_links":{"self":[{"href":"https:\/\/ajansso.com\/tr\/wp-json\/wp\/v2\/pages\/13269","targetHints":{"allow":["GET"]}}],"collection":[{"href":"https:\/\/ajansso.com\/tr\/wp-json\/wp\/v2\/pages"}],"about":[{"href":"https:\/\/ajansso.com\/tr\/wp-json\/wp\/v2\/types\/page"}],"author":[{"embeddable":true,"href":"https:\/\/ajansso.com\/tr\/wp-json\/wp\/v2\/users\/1"}],"replies":[{"embeddable":true,"href":"https:\/\/ajansso.com\/tr\/wp-json\/wp\/v2\/comments?post=13269"}],"version-history":[{"count":0,"href":"https:\/\/ajansso.com\/tr\/wp-json\/wp\/v2\/pages\/13269\/revisions"}],"up":[{"embeddable":true,"href":"https:\/\/ajansso.com\/tr\/wp-json\/wp\/v2\/pages\/12979"}],"wp:attachment":[{"href":"https:\/\/ajansso.com\/tr\/wp-json\/wp\/v2\/media?parent=13269"}],"wp:term":[{"taxonomy":"post_tag","embeddable":true,"href":"https:\/\/ajansso.com\/tr\/wp-json\/wp\/v2\/tags?post=13269"}],"curies":[{"name":"wp","href":"https:\/\/api.w.org\/{rel}","templated":true}]}}