{"id":13271,"date":"2018-01-08T00:11:53","date_gmt":"2018-01-08T00:11:53","guid":{"rendered":"https:\/\/www.ajansso.com\/tr\/?page_id=13271"},"modified":"2019-04-19T13:31:27","modified_gmt":"2019-04-19T13:31:27","slug":"kurumsal-kimlik-tasarimi","status":"publish","type":"page","link":"https:\/\/ajansso.com\/tr\/tasarim-hizmetleri\/kurumsal-kimlik-tasarimi\/","title":{"rendered":"Kurumsal Kimlik Tasar\u0131m\u0131"},"content":{"rendered":"<div class=\"wpb-content-wrapper\">[vc_row gap=&#8221;35&#8243; equal_height=&#8221;yes&#8221;][vc_column][vc_empty_space height=&#8221;50px&#8221; el_class=&#8221;norebro-phone-space&#8221;][vc_single_image image=&#8221;13587&#8243; img_size=&#8221;full&#8221;][vc_empty_space height=&#8221;50px&#8221; el_class=&#8221;norebro-phone-space&#8221;]<div class=\"norebro-heading-sc heading text-left\"\n\tid=\"norebro-custom-69ef8442dd8e7\" \n\t data-aos=\"fade-left\" \n\t data-aos-duration=\"600\">\n\t\n\t\n\t\n\t<h3 class=\"title\">\n\t\tTasar\u0131m Hizmetleri\t<\/h3>\n\n\t\n\t\t\t<p class=\"subtitle\">\n\t\t\t\t\t<\/p>\n\t\t\n<\/div><div class=\"norebro-heading-sc heading text-left\"\n\tid=\"norebro-custom-69ef8442dd98e\" \n\t data-aos=\"fade-left\" \n\t data-aos-duration=\"600\">\n\t\n\t\n\t\n\t<h3 class=\"title\">\n\t\tKurumsal Kimlik Tasar\u0131m\u0131\t<\/h3>\n\n\t\n\t\t\t<p class=\"subtitle\">\n\t\t\t\t\t<\/p>\n\t\t\n<\/div><div class=\"norebro-text-sc \" \n\tid=\"norebro-custom-69ef8442dd9bb\" \n\t \n\t>\n\n\t<p>Gelin, firman\u0131za nitelikli detaylarla \u00f6r\u00fcl\u00fc yepyeni bir kimlik kazand\u0131ral\u0131m. \u0130maj\u0131n\u0131z\u0131 zaman ve olaylar de\u011fil stratejiniz belirlesin.<\/p>\n<p>K\u0131saca insanlar\u0131n akl\u0131nda nas\u0131l kald\u0131\u011f\u0131n\u0131z\u0131n temelini olu\u015fturan bu tasar\u0131m, sekt\u00f6r\u00fcn\u00fcz ne olursa olsun zaruri bir ihtiya\u00e7 haline geldi. Geli\u015fen dinamikleri yak\u0131ndan izleyen Ajansso, hedef kitlenizin sosyolojik yap\u0131s\u0131n\u0131, ekonomik d\u00fczlemdeki yerinizi ve modern estetik anlay\u0131\u015flar\u0131 titiz bir \u015fekilde analiz ederek tamamen size \u00f6zel \u00e7\u00f6z\u00fcmler geli\u015ftiriyor.<\/p>\n\t\n<\/div>[vc_separator color=&#8221;custom&#8221; border_width=&#8221;2&#8243; css=&#8221;.vc_custom_1515368849756{padding-top: 30px !important;padding-bottom: 30px !important;}&#8221; accent_color=&#8221;#ff0d00&#8243;]<div class=\"norebro-text-sc \" \n\tid=\"norebro-custom-69ef8442dd9e6\" \n\t \n\t>\n\n\t<p><strong>\u201cBize B\u0131rak\u0131n\u201d <\/strong><\/p>\n<p>Kurumsal kimlik, bir firman\u0131n tak\u0131m elbisesi, sa\u00e7-sakal t\u0131ra\u015f\u0131, parf\u00fcm\u00fc ve kulland\u0131\u011f\u0131 dildir. Ald\u0131\u011f\u0131 e\u011fitimin y\u00fcr\u00fcy\u00fc\u015f\u00fcne yans\u0131mas\u0131d\u0131r. Firma bir sinema filmiyse kurumsal kimlik afi\u015ftir, fragmand\u0131r. \u00d6zetle, sizi tan\u0131yan ve tan\u0131ma ihtimali olan herkesin sizinle ilgili izlenimlerinin omurgas\u0131n\u0131 olu\u015fturan \u00f6\u011feler b\u00fct\u00fcn\u00fcd\u00fcr.<\/p>\n<p>Ajansso, nitelikli insan g\u00fcc\u00fcn\u00fc seferber ederek firman\u0131z\u0131n en do\u011fru yoldan ilerlemesi i\u00e7in gerekli olan ilk ad\u0131m\u0131 atman\u0131z\u0131 sa\u011flar. Size de gelecek i\u00e7in hayal g\u00fcc\u00fcn\u00fcz\u00fcn s\u0131n\u0131rlar\u0131n\u0131 geni\u015fletmek kal\u0131r.<\/p>\n\t\n<\/div>[vc_empty_space height=&#8221;50px&#8221; el_class=&#8221;norebro-phone-space&#8221;][\/vc_column][\/vc_row][vc_row full_width=&#8221;stretch_row&#8221; css=&#8221;.vc_custom_1555520897733{background-color: #ff0d00 !important;}&#8221;][vc_column css=&#8221;.vc_custom_1555520187958{margin-bottom: 30px !important;}&#8221;][vc_empty_space height=&#8221;20px&#8221;]<div class=\"norebro-cta-sc call-to-action\"\n\tid=\"norebro-custom-69ef8442dda19\"\n\t \n\t>\n\n\t<div class=\"content-center\">\n\t\t<div class=\"wrap\">\n\t\t\t<h3 class=\"title\">\n\t\t\t\tYukar\u0131daki hizmet hakk\u0131nda proje ihtiyac\u0131n\u0131z m\u0131 var?\t\t\t<\/h3>\n\t\t\t\t\t\t\t<p class=\"subtitle\">\n\t\t\t\t\tAjansso, ba\u015far\u0131lar\u0131n\u0131za ortak olmak i\u00e7in t\u00fcm g\u00fcc\u00fcyle \u00e7al\u0131\u015f\u0131yor.\t\t\t\t<\/p>\n\t\t\t\t\t<\/div>\n\n\t\t<div class=\"wrap\">\n\t\t\t<a href=\"https:\/\/www.ajansso.com\/tr\/iletisim\/\" \n\t\t\tclass=\"btn btn-white btn-outline\">\n\t\t\t\t\t\t\t\t\n\t\t\t\t<span class=\"text\">Yeni Bir Proje Ba\u015flat<\/span>\n\t\t\t\t\n\t\t\t\t\t\t\t\t\t<span class=\"icon fa fa-angle-right\"><\/span>\n\t\t\t\t\t\t\t<\/a>\n\t\t<\/div>\n\t<\/div>\n\n<\/div>[vc_empty_space height=&#8221;20px&#8221;][\/vc_column][\/vc_row]\n<\/div>","protected":false},"excerpt":{"rendered":"<p>[vc_row gap=&#8221;35&#8243; equal_height=&#8221;yes&#8221;][vc_column][vc_empty_space height=&#8221;50px&#8221; el_class=&#8221;norebro-phone-space&#8221;][vc_single_image image=&#8221;13587&#8243; img_size=&#8221;full&#8221;][vc_empty_space height=&#8221;50px&#8221; el_class=&#8221;norebro-phone-space&#8221;][vc_separator color=&#8221;custom&#8221; border_width=&#8221;2&#8243; css=&#8221;.vc_custom_1515368849756{padding-top: 30px !important;padding-bottom:&#8230;<\/p>\n","protected":false},"author":1,"featured_media":0,"parent":12979,"menu_order":0,"comment_status":"closed","ping_status":"closed","template":"","meta":{"footnotes":""},"tags":[],"class_list":["post-13271","page","type-page","status-publish","hentry"],"_links":{"self":[{"href":"https:\/\/ajansso.com\/tr\/wp-json\/wp\/v2\/pages\/13271","targetHints":{"allow":["GET"]}}],"collection":[{"href":"https:\/\/ajansso.com\/tr\/wp-json\/wp\/v2\/pages"}],"about":[{"href":"https:\/\/ajansso.com\/tr\/wp-json\/wp\/v2\/types\/page"}],"author":[{"embeddable":true,"href":"https:\/\/ajansso.com\/tr\/wp-json\/wp\/v2\/users\/1"}],"replies":[{"embeddable":true,"href":"https:\/\/ajansso.com\/tr\/wp-json\/wp\/v2\/comments?post=13271"}],"version-history":[{"count":0,"href":"https:\/\/ajansso.com\/tr\/wp-json\/wp\/v2\/pages\/13271\/revisions"}],"up":[{"embeddable":true,"href":"https:\/\/ajansso.com\/tr\/wp-json\/wp\/v2\/pages\/12979"}],"wp:attachment":[{"href":"https:\/\/ajansso.com\/tr\/wp-json\/wp\/v2\/media?parent=13271"}],"wp:term":[{"taxonomy":"post_tag","embeddable":true,"href":"https:\/\/ajansso.com\/tr\/wp-json\/wp\/v2\/tags?post=13271"}],"curies":[{"name":"wp","href":"https:\/\/api.w.org\/{rel}","templated":true}]}}